{"id":902,"date":"2021-12-06T09:58:39","date_gmt":"2021-12-06T09:58:39","guid":{"rendered":"http:\/\/laboratorioarago.com\/compliance\/"},"modified":"2023-07-05T12:52:03","modified_gmt":"2023-07-05T10:52:03","slug":"compliance","status":"publish","type":"page","link":"https:\/\/laboratorioarago.com\/en\/compliance\/","title":{"rendered":"Compliance"},"content":{"rendered":"<p>[et_pb_section fb_built=&#8221;1&#8243; _builder_version=&#8221;4.16&#8243; global_colors_info=&#8221;{}&#8221;][et_pb_row _builder_version=&#8221;4.16&#8243; background_size=&#8221;initial&#8221; background_position=&#8221;top_left&#8221; background_repeat=&#8221;repeat&#8221; global_colors_info=&#8221;{}&#8221;][et_pb_column type=&#8221;4_4&#8243; _builder_version=&#8221;4.16&#8243; custom_padding=&#8221;|||&#8221; global_colors_info=&#8221;{}&#8221; custom_padding__hover=&#8221;|||&#8221;][et_pb_text module_class=&#8221;fontlight&#8221; _builder_version=&#8221;4.21.0&#8243; header_font_size=&#8221;40px&#8221; header_2_font_size=&#8221;40px&#8221; background_size=&#8221;initial&#8221; background_position=&#8221;top_left&#8221; background_repeat=&#8221;repeat&#8221; max_width=&#8221;710px&#8221; module_alignment=&#8221;center&#8221; hover_enabled=&#8221;0&#8243; global_colors_info=&#8221;{}&#8221; sticky_enabled=&#8221;0&#8243;]<\/p>\n<h2 class=\"align-center pb-3 mbr-fonts-style display-2\" style=\"text-align: center;\">Compliance<\/h2>\n<p>&nbsp;<\/p>\n<p>LABORATORIO ARAG\u00d3, S.L. announces its Crime Prevention Model (MPD) that meets the legal requirements in terms of corporate criminal liability, whose objective is to prevent its legal structure from being used to commit crimes and at<br \/>the same time implement good corporate governance and a culture of compliance.<\/p>\n<p>LABORATORIO ARAG\u00d3 has proceeded to implement a Crime Prevention \/ Criminal Compliance Model in accordance with art.31 bis of the Spanish Penal Code.<\/p>\n<p>In 2010, with the reform of the Criminal Code, the criminal liability of companies was introduced in Spain. Later, in 2015, the need for companies to have organization and management models for crime prevention (Crime Prevention<br \/>Models) was established.<\/p>\n<p>Since 2017, LABORATORIO ARAG\u00d3 has been implementing and developing an internal structure for the prevention of the commission of crimes within the scope<br \/>of the entity.<\/p>\n<p><strong>Scope of the DPM<\/strong><\/p>\n<p>LABORATORIO ARAG\u00d3 has proceeded to implement an internal organization for crime prevention that is structured around:<br \/>1. Criminal risk analysis.<br \/>2. Risk map.<br \/>3. Implementation of transversal controls for the prevention, detection, and mitigation of risks.<br \/>4. Implementation of specific controls for the prevention, detection, and mitigation of risks.<br \/>5. Creation of a Compliance Committee.<br \/>6. Opening of a Complaints Channel.<br \/>7. Internal audits.<br \/>8. External expert advice.<\/p>\n<p>[\/et_pb_text][\/et_pb_column][\/et_pb_row][\/et_pb_section]<\/p>\n","protected":false},"excerpt":{"rendered":"<p>Compliance &nbsp; LABORATORIO ARAG\u00d3, S.L. announces its Crime Prevention Model (MPD) that meets the legal requirements in terms of corporate criminal liability, whose objective is to prevent its legal structure from being used to commit crimes and atthe same time implement good corporate governance and a culture of compliance. LABORATORIO ARAG\u00d3 has proceeded to implement [&hellip;]<\/p>\n","protected":false},"author":2,"featured_media":0,"parent":0,"menu_order":0,"comment_status":"closed","ping_status":"closed","template":"","meta":{"_et_pb_use_builder":"on","_et_pb_old_content":"<p>LABORATORIO ARAG\u00d3, S.L. da a conocer su<strong> Modelo de Prevenci\u00f3n de Delitos (MPD)<\/strong> que se ajusta a las exigencias legales en materia de responsabilidad penal corporativa, cuyo objetivo es prevenir que su estructura jur\u00eddica sea utilizada para cometer delitos y a la vez implementar un buen gobierno corporativo y una cultura de cumplimiento.<\/p><p>LABORATORIO ARAG\u00d3, S.L. ha procedido a la implementaci\u00f3n de un Modelo de Prevenci\u00f3n de Delitos \/ Compliance Penal de conformidad al art.31 bis del C\u00f3digo Penal.<\/p><p>En el a\u00f1o 2010, con la reforma del C\u00f3digo Penal, se introdujo en Espa\u00f1a la responsabilidad penal de las empresas. Posteriormente, en el a\u00f1o 2015 se estableci\u00f3 la necesidad de que las empresas cuenten con Modelos de organizaci\u00f3n y gesti\u00f3n para la prevenci\u00f3n de delitos (Modelos de Prevenci\u00f3n de Delitos).<\/p><p>Desde el a\u00f1o 2017 LABORATORIO ARAG\u00d3 se encuentra implementando y desarrollando una estructura interna para la prevenci\u00f3n de la comisi\u00f3n de delitos en el \u00e1mbito de la entidad.<\/p><p><strong>Alcance del MPD<\/strong><\/p><p>LABORATORIO ARAG\u00d3 ha procedido a la implementaci\u00f3n de una organizaci\u00f3n interna para la prevenci\u00f3n de delitos que se vertebra en:<\/p><p>1. An\u00e1lisis de riesgos penales.<\/p><p>2. Mapa de riesgos.<\/p><p>3. Implementaci\u00f3n de controles transversales para la prevenci\u00f3n, detecci\u00f3n y mitigaci\u00f3n de los riesgos.<\/p><p>4. Implementaci\u00f3n de controles espec\u00edficos para la prevenci\u00f3n, detecci\u00f3n y mitigaci\u00f3n de los riesgos.<\/p><p>5. Creaci\u00f3n de un Comit\u00e9 de Compliance.<\/p><p>6. Apertura de un Canal de Denuncias.<\/p><p>7. Auditor\u00edas internas.<\/p><p>8. Asesoramiento por experto externo.<\/p><p><strong>COMIT\u00c9 DE COMPLIANCE \/ COMPLIANCE OFFICER:<\/strong><\/p><p>Se ha procedido a la creaci\u00f3n de un COMIT\u00c9 DE COMPLIANCE de car\u00e1cter pluripersonal, compuesto por varios Compliance Officers.<\/p><p>El COMIT\u00c9 DE COMPLIANCE, es el \u00f3rgano encargado de velar por la coordinaci\u00f3n y supervisi\u00f3n del funcionamiento y cumplimiento del Modelo de Prevenci\u00f3n de Delitos implementado.<\/p><p>Sus funciones y responsabilidades se encuentran detalladas en el \u201cProtocolo Comit\u00e9 de Compliance y Canal \u00c9tico\u201d de la entidad.<\/p><p><strong>CANAL \u00c9TICO Y DE DENUNCIAS.<\/strong><\/p><p>LABORATORIO ARAG\u00d3 ha procedido a la creaci\u00f3n de un Canal \u00c9tico - de denuncias como medida de control de alto nivel, con la finalidad de que cualquier miembro directo (administradores, empleados, profesionales y directivos) o relacionado (colaboradores o proveedores) pueda comunicar cualquier indicio o sospecha de comisi\u00f3n de una conducta que pueda suponer:<\/p><p>\u2022 Incumplimiento de la normativa aplicable, protocolos, procedimientos, y controles internos<\/p><p>\u2022 Comisi\u00f3n de hechos que no se adecuen a los principios \u00e9ticos y a las buenas pr\u00e1cticas empresariales<\/p><p>\u2022 Comisi\u00f3n de hechos que pudieran ser delictivos.<\/p><p>El funcionamiento del canal de denuncias y la tramitaci\u00f3n de las mismas, se encuentra detallado en el \u201cProtocolo del Comit\u00e9 de Compliance y Canal \u00c9tico\u201d de la entidad.<\/p>","_et_gb_content_width":"","footnotes":""},"class_list":["post-902","page","type-page","status-publish","hentry"],"yoast_head":"<!-- This site is optimized with the Yoast SEO Premium plugin v21.8 (Yoast SEO v26.2) - https:\/\/yoast.com\/wordpress\/plugins\/seo\/ -->\n<title>Compliance - Laboratorio Arago<\/title>\n<meta name=\"robots\" content=\"index, follow, max-snippet:-1, max-image-preview:large, max-video-preview:-1\" \/>\n<link rel=\"canonical\" href=\"https:\/\/laboratorioarago.com\/en\/compliance\/\" \/>\n<meta property=\"og:locale\" content=\"en_US\" \/>\n<meta property=\"og:type\" content=\"article\" \/>\n<meta property=\"og:title\" content=\"Compliance\" \/>\n<meta property=\"og:description\" content=\"Compliance &nbsp; LABORATORIO ARAG\u00d3, S.L. announces its Crime Prevention Model (MPD) that meets the legal requirements in terms of corporate criminal liability, whose objective is to prevent its legal structure from being used to commit crimes and atthe same time implement good corporate governance and a culture of compliance. LABORATORIO ARAG\u00d3 has proceeded to implement [&hellip;]\" \/>\n<meta property=\"og:url\" content=\"https:\/\/laboratorioarago.com\/en\/compliance\/\" \/>\n<meta property=\"og:site_name\" content=\"Laboratorio Arago\" \/>\n<meta property=\"article:modified_time\" content=\"2023-07-05T10:52:03+00:00\" \/>\n<meta name=\"twitter:card\" content=\"summary_large_image\" \/>\n<meta name=\"twitter:label1\" content=\"Est. reading time\" \/>\n\t<meta name=\"twitter:data1\" content=\"1 minute\" \/>\n<script type=\"application\/ld+json\" class=\"yoast-schema-graph\">{\"@context\":\"https:\/\/schema.org\",\"@graph\":[{\"@type\":\"WebPage\",\"@id\":\"https:\/\/laboratorioarago.com\/en\/compliance\/\",\"url\":\"https:\/\/laboratorioarago.com\/en\/compliance\/\",\"name\":\"Compliance - Laboratorio Arago\",\"isPartOf\":{\"@id\":\"https:\/\/laboratorioarago.com\/#website\"},\"datePublished\":\"2021-12-06T09:58:39+00:00\",\"dateModified\":\"2023-07-05T10:52:03+00:00\",\"breadcrumb\":{\"@id\":\"https:\/\/laboratorioarago.com\/en\/compliance\/#breadcrumb\"},\"inLanguage\":\"en-US\",\"potentialAction\":[{\"@type\":\"ReadAction\",\"target\":[\"https:\/\/laboratorioarago.com\/en\/compliance\/\"]}]},{\"@type\":\"BreadcrumbList\",\"@id\":\"https:\/\/laboratorioarago.com\/en\/compliance\/#breadcrumb\",\"itemListElement\":[{\"@type\":\"ListItem\",\"position\":1,\"name\":\"Portada\",\"item\":\"https:\/\/laboratorioarago.com\/en\/home\/\"},{\"@type\":\"ListItem\",\"position\":2,\"name\":\"Compliance\"}]},{\"@type\":\"WebSite\",\"@id\":\"https:\/\/laboratorioarago.com\/#website\",\"url\":\"https:\/\/laboratorioarago.com\/\",\"name\":\"Laboratorio Arago\",\"description\":\"Referente en la fabricaci\u00f3n de suturas para los profesionales de la cirug\u00eda.\",\"publisher\":{\"@id\":\"https:\/\/laboratorioarago.com\/#organization\"},\"potentialAction\":[{\"@type\":\"SearchAction\",\"target\":{\"@type\":\"EntryPoint\",\"urlTemplate\":\"https:\/\/laboratorioarago.com\/?s={search_term_string}\"},\"query-input\":{\"@type\":\"PropertyValueSpecification\",\"valueRequired\":true,\"valueName\":\"search_term_string\"}}],\"inLanguage\":\"en-US\"},{\"@type\":\"Organization\",\"@id\":\"https:\/\/laboratorioarago.com\/#organization\",\"name\":\"Laboratorio Arago\",\"url\":\"https:\/\/laboratorioarago.com\/\",\"logo\":{\"@type\":\"ImageObject\",\"inLanguage\":\"en-US\",\"@id\":\"https:\/\/laboratorioarago.com\/#\/schema\/logo\/image\/\",\"url\":\"https:\/\/laboratorioarago.com\/wp-content\/uploads\/2021\/11\/arago-136x441-1.png\",\"contentUrl\":\"https:\/\/laboratorioarago.com\/wp-content\/uploads\/2021\/11\/arago-136x441-1.png\",\"width\":136,\"height\":44,\"caption\":\"Laboratorio Arago\"},\"image\":{\"@id\":\"https:\/\/laboratorioarago.com\/#\/schema\/logo\/image\/\"}}]}<\/script>\n<!-- \/ Yoast SEO Premium plugin. -->","yoast_head_json":{"title":"Compliance - Laboratorio Arago","robots":{"index":"index","follow":"follow","max-snippet":"max-snippet:-1","max-image-preview":"max-image-preview:large","max-video-preview":"max-video-preview:-1"},"canonical":"https:\/\/laboratorioarago.com\/en\/compliance\/","og_locale":"en_US","og_type":"article","og_title":"Compliance","og_description":"Compliance &nbsp; LABORATORIO ARAG\u00d3, S.L. announces its Crime Prevention Model (MPD) that meets the legal requirements in terms of corporate criminal liability, whose objective is to prevent its legal structure from being used to commit crimes and atthe same time implement good corporate governance and a culture of compliance. LABORATORIO ARAG\u00d3 has proceeded to implement [&hellip;]","og_url":"https:\/\/laboratorioarago.com\/en\/compliance\/","og_site_name":"Laboratorio Arago","article_modified_time":"2023-07-05T10:52:03+00:00","twitter_card":"summary_large_image","twitter_misc":{"Est. reading time":"1 minute"},"schema":{"@context":"https:\/\/schema.org","@graph":[{"@type":"WebPage","@id":"https:\/\/laboratorioarago.com\/en\/compliance\/","url":"https:\/\/laboratorioarago.com\/en\/compliance\/","name":"Compliance - Laboratorio Arago","isPartOf":{"@id":"https:\/\/laboratorioarago.com\/#website"},"datePublished":"2021-12-06T09:58:39+00:00","dateModified":"2023-07-05T10:52:03+00:00","breadcrumb":{"@id":"https:\/\/laboratorioarago.com\/en\/compliance\/#breadcrumb"},"inLanguage":"en-US","potentialAction":[{"@type":"ReadAction","target":["https:\/\/laboratorioarago.com\/en\/compliance\/"]}]},{"@type":"BreadcrumbList","@id":"https:\/\/laboratorioarago.com\/en\/compliance\/#breadcrumb","itemListElement":[{"@type":"ListItem","position":1,"name":"Portada","item":"https:\/\/laboratorioarago.com\/en\/home\/"},{"@type":"ListItem","position":2,"name":"Compliance"}]},{"@type":"WebSite","@id":"https:\/\/laboratorioarago.com\/#website","url":"https:\/\/laboratorioarago.com\/","name":"Laboratorio Arago","description":"Referente en la fabricaci\u00f3n de suturas para los profesionales de la cirug\u00eda.","publisher":{"@id":"https:\/\/laboratorioarago.com\/#organization"},"potentialAction":[{"@type":"SearchAction","target":{"@type":"EntryPoint","urlTemplate":"https:\/\/laboratorioarago.com\/?s={search_term_string}"},"query-input":{"@type":"PropertyValueSpecification","valueRequired":true,"valueName":"search_term_string"}}],"inLanguage":"en-US"},{"@type":"Organization","@id":"https:\/\/laboratorioarago.com\/#organization","name":"Laboratorio Arago","url":"https:\/\/laboratorioarago.com\/","logo":{"@type":"ImageObject","inLanguage":"en-US","@id":"https:\/\/laboratorioarago.com\/#\/schema\/logo\/image\/","url":"https:\/\/laboratorioarago.com\/wp-content\/uploads\/2021\/11\/arago-136x441-1.png","contentUrl":"https:\/\/laboratorioarago.com\/wp-content\/uploads\/2021\/11\/arago-136x441-1.png","width":136,"height":44,"caption":"Laboratorio Arago"},"image":{"@id":"https:\/\/laboratorioarago.com\/#\/schema\/logo\/image\/"}}]}},"_links":{"self":[{"href":"https:\/\/laboratorioarago.com\/en\/wp-json\/wp\/v2\/pages\/902","targetHints":{"allow":["GET"]}}],"collection":[{"href":"https:\/\/laboratorioarago.com\/en\/wp-json\/wp\/v2\/pages"}],"about":[{"href":"https:\/\/laboratorioarago.com\/en\/wp-json\/wp\/v2\/types\/page"}],"author":[{"embeddable":true,"href":"https:\/\/laboratorioarago.com\/en\/wp-json\/wp\/v2\/users\/2"}],"replies":[{"embeddable":true,"href":"https:\/\/laboratorioarago.com\/en\/wp-json\/wp\/v2\/comments?post=902"}],"version-history":[{"count":0,"href":"https:\/\/laboratorioarago.com\/en\/wp-json\/wp\/v2\/pages\/902\/revisions"}],"wp:attachment":[{"href":"https:\/\/laboratorioarago.com\/en\/wp-json\/wp\/v2\/media?parent=902"}],"curies":[{"name":"wp","href":"https:\/\/api.w.org\/{rel}","templated":true}]}}