{"id":799,"date":"2021-12-06T10:34:02","date_gmt":"2021-12-06T10:34:02","guid":{"rendered":"http:\/\/laboratorioarago.com\/politica-calidad-medioambiente\/"},"modified":"2025-10-26T18:20:11","modified_gmt":"2025-10-26T17:20:11","slug":"quality-environmental-policy","status":"publish","type":"page","link":"https:\/\/laboratorioarago.com\/en\/quality-environmental-policy\/","title":{"rendered":"Quality environmental policy"},"content":{"rendered":"<p>[et_pb_section fb_built=&#8221;1&#8243; _builder_version=&#8221;4.16&#8243; global_colors_info=&#8221;{}&#8221;][et_pb_row _builder_version=&#8221;4.16&#8243; background_size=&#8221;initial&#8221; background_position=&#8221;top_left&#8221; background_repeat=&#8221;repeat&#8221; global_colors_info=&#8221;{}&#8221;][et_pb_column type=&#8221;4_4&#8243; _builder_version=&#8221;4.16&#8243; custom_padding=&#8221;|||&#8221; global_colors_info=&#8221;{}&#8221; custom_padding__hover=&#8221;|||&#8221;][et_pb_text module_class=&#8221;fontlight&#8221; _builder_version=&#8221;4.23.4&#8243; header_font_size=&#8221;40px&#8221; header_2_font_size=&#8221;40px&#8221; background_size=&#8221;initial&#8221; background_position=&#8221;top_left&#8221; background_repeat=&#8221;repeat&#8221; max_width=&#8221;710px&#8221; module_alignment=&#8221;center&#8221; custom_padding=&#8221;|||0px||&#8221; global_colors_info=&#8221;{}&#8221;]<\/p>\n<h2 class=\"align-center pb-3 mbr-fonts-style display-2\" style=\"text-align: center;\">Quality and environmental policy<\/h2>\n<p data-start=\"52\" data-end=\"501\">Laboratorio Arag\u00f3 S.L. is committed to designing, developing and producing suture materials and staples and other dressing materials, importing sterile and non-sterile gloves, groupings of systems and kits for procedures and distributing them under the highest quality standards to meet our customers\u2019 requirements, as well as all legal and regulatory requirements, by maintaining the effectiveness of our implemented Integrated Management System.<\/p>\n<p data-start=\"503\" data-end=\"664\">Top Management are responsible for achieving this goal, which is also made possible by the commitment and participation the organization\u2019s staff at all levels.<\/p>\n<p data-start=\"666\" data-end=\"774\">Laboratorio Arag\u00f3 S.L. is certified under the requirements of globally recognised International Standards:<\/p>\n<ul data-start=\"775\" data-end=\"954\">\n<li data-start=\"775\" data-end=\"849\">\n<p data-start=\"777\" data-end=\"849\"><strong data-start=\"777\" data-end=\"802\">UNE-EN ISO 13485:2018<\/strong> Medical devices. Quality management systems.<\/p>\n<\/li>\n<li data-start=\"850\" data-end=\"898\">\n<p data-start=\"852\" data-end=\"898\"><strong data-start=\"852\" data-end=\"869\">ISO 9001:2015<\/strong> Quality management systems<\/p>\n<\/li>\n<li data-start=\"899\" data-end=\"954\">\n<p data-start=\"901\" data-end=\"954\"><strong data-start=\"901\" data-end=\"919\">ISO 14001:2015<\/strong> Environmental management systems<\/p>\n<\/li>\n<\/ul>\n<p data-start=\"956\" data-end=\"1517\">Laboratorio Arag\u00f3 S.L. has products certified under Regulation (EU) 2017\/745 of the European Parliament and of the Council of April 5, 2017, and products certified under Directive 93\/42\/EEC, complying with the conditions for the legal extension of validity required in Article 120.2 of the MDR and Regulation (EU) 2023\/607. These certificates ensure the Design, Manufacturing, and Marketing System of the Products. All surgical sutures manufactured and\/or grouped by Laboratorio Arag\u00f3 S.L. comply with the standards of the <strong>European and American Pharmacopoeia<\/strong>.<\/p>\n<p data-start=\"1519\" data-end=\"1854\">Laboratorio Arag\u00f3 S.L.\u2019s dedication goes beyond adhering to internationally recognised standards and extends to the attitude throughout the company, as relies on highly trained staff who are always aware that the products manufactured are used to cure people, both in Spain and internationally. In this, Laboratorio Arag\u00f3 commits to:<\/p>\n<ul data-start=\"1855\" data-end=\"2378\">\n<li data-start=\"1855\" data-end=\"1966\">\n<p data-start=\"1857\" data-end=\"1966\"><strong data-start=\"1857\" data-end=\"1881\">continuously improve<\/strong> the Integrated Management System to improve quality and environmental performance.<\/p>\n<\/li>\n<li data-start=\"1967\" data-end=\"2152\">\n<p data-start=\"1969\" data-end=\"2152\"><strong data-start=\"1969\" data-end=\"1996\">protect the environment<\/strong> by establishing the actions necessary to prevent pollution that could arise from its business, as well as by making responsible use of natural resources.<\/p>\n<\/li>\n<li data-start=\"2153\" data-end=\"2378\">\n<p data-start=\"2155\" data-end=\"2378\"><strong data-start=\"2155\" data-end=\"2181\">facilitate and support<\/strong> everyone\u2019s application and awareness of the Integrated Management System by means of appropriate communication and training, to ensure that this policy is understood, implemented and maintained.<\/p>\n<\/li>\n<\/ul>\n<p data-start=\"2380\" data-end=\"2552\">All staff members of the Organisation conduct themselves in a manner that complies with both the regulations and ethical values defined in the Criminal Compliance Policy.<\/p>\n<p data-start=\"2554\" data-end=\"2935\">The company\u2019s Top Management also sets measurable quality and environmental targets that are consistent with the Quality and Environmental Policy, including those necessary to comply with product requirements and those needed to improve environmental performance. These are reviewed and analysed periodically, together with the policy, in the Integrated Management System Review.<\/p>\n<p class=\"\">Barcelona, 10 October 2025<\/p>\n<p class=\"\">Xavier Arag\u00f3 Fonts<\/p>\n<p class=\"\"><strong><em>General Manager, Laboratorio Arag\u00f3 S.L.<\/em><\/strong><\/p>\n<p class=\"\">\n<p>[\/et_pb_text][\/et_pb_column][\/et_pb_row][\/et_pb_section]<\/p>\n","protected":false},"excerpt":{"rendered":"<p>Quality and environmental policy Laboratorio Arag\u00f3 S.L. is committed to designing, developing and producing suture materials and staples and other dressing materials, importing sterile and non-sterile gloves, groupings of systems and kits for procedures and distributing them under the highest quality standards to meet our customers\u2019 requirements, as well as all legal and regulatory requirements, [&hellip;]<\/p>\n","protected":false},"author":2,"featured_media":0,"parent":0,"menu_order":0,"comment_status":"closed","ping_status":"closed","template":"","meta":{"_et_pb_use_builder":"on","_et_pb_old_content":"<p>LABORATORIO ARAG\u00d3, S.L. da a conocer su<strong> Modelo de Prevenci\u00f3n de Delitos (MPD)<\/strong> que se ajusta a las exigencias legales en materia de responsabilidad penal corporativa, cuyo objetivo es prevenir que su estructura jur\u00eddica sea utilizada para cometer delitos y a la vez implementar un buen gobierno corporativo y una cultura de cumplimiento.<\/p><p>LABORATORIO ARAG\u00d3, S.L. ha procedido a la implementaci\u00f3n de un Modelo de Prevenci\u00f3n de Delitos \/ Compliance Penal de conformidad al art.31 bis del C\u00f3digo Penal.<\/p><p>En el a\u00f1o 2010, con la reforma del C\u00f3digo Penal, se introdujo en Espa\u00f1a la responsabilidad penal de las empresas. Posteriormente, en el a\u00f1o 2015 se estableci\u00f3 la necesidad de que las empresas cuenten con Modelos de organizaci\u00f3n y gesti\u00f3n para la prevenci\u00f3n de delitos (Modelos de Prevenci\u00f3n de Delitos).<\/p><p>Desde el a\u00f1o 2017 LABORATORIO ARAG\u00d3 se encuentra implementando y desarrollando una estructura interna para la prevenci\u00f3n de la comisi\u00f3n de delitos en el \u00e1mbito de la entidad.<\/p><p><strong>Alcance del MPD<\/strong><\/p><p>LABORATORIO ARAG\u00d3 ha procedido a la implementaci\u00f3n de una organizaci\u00f3n interna para la prevenci\u00f3n de delitos que se vertebra en:<\/p><p>1. An\u00e1lisis de riesgos penales.<\/p><p>2. Mapa de riesgos.<\/p><p>3. Implementaci\u00f3n de controles transversales para la prevenci\u00f3n, detecci\u00f3n y mitigaci\u00f3n de los riesgos.<\/p><p>4. Implementaci\u00f3n de controles espec\u00edficos para la prevenci\u00f3n, detecci\u00f3n y mitigaci\u00f3n de los riesgos.<\/p><p>5. Creaci\u00f3n de un Comit\u00e9 de Compliance.<\/p><p>6. Apertura de un Canal de Denuncias.<\/p><p>7. Auditor\u00edas internas.<\/p><p>8. Asesoramiento por experto externo.<\/p><p><strong>COMIT\u00c9 DE COMPLIANCE \/ COMPLIANCE OFFICER:<\/strong><\/p><p>Se ha procedido a la creaci\u00f3n de un COMIT\u00c9 DE COMPLIANCE de car\u00e1cter pluripersonal, compuesto por varios Compliance Officers.<\/p><p>El COMIT\u00c9 DE COMPLIANCE, es el \u00f3rgano encargado de velar por la coordinaci\u00f3n y supervisi\u00f3n del funcionamiento y cumplimiento del Modelo de Prevenci\u00f3n de Delitos implementado.<\/p><p>Sus funciones y responsabilidades se encuentran detalladas en el \u201cProtocolo Comit\u00e9 de Compliance y Canal \u00c9tico\u201d de la entidad.<\/p><p><strong>CANAL \u00c9TICO Y DE DENUNCIAS.<\/strong><\/p><p>LABORATORIO ARAG\u00d3 ha procedido a la creaci\u00f3n de un Canal \u00c9tico - de denuncias como medida de control de alto nivel, con la finalidad de que cualquier miembro directo (administradores, empleados, profesionales y directivos) o relacionado (colaboradores o proveedores) pueda comunicar cualquier indicio o sospecha de comisi\u00f3n de una conducta que pueda suponer:<\/p><p>\u2022 Incumplimiento de la normativa aplicable, protocolos, procedimientos, y controles internos<\/p><p>\u2022 Comisi\u00f3n de hechos que no se adecuen a los principios \u00e9ticos y a las buenas pr\u00e1cticas empresariales<\/p><p>\u2022 Comisi\u00f3n de hechos que pudieran ser delictivos.<\/p><p>El funcionamiento del canal de denuncias y la tramitaci\u00f3n de las mismas, se encuentra detallado en el \u201cProtocolo del Comit\u00e9 de Compliance y Canal \u00c9tico\u201d de la entidad.<\/p>","_et_gb_content_width":"","footnotes":""},"class_list":["post-799","page","type-page","status-publish","hentry"],"yoast_head":"<!-- This site is optimized with the Yoast SEO Premium plugin v21.8 (Yoast SEO v26.2) - https:\/\/yoast.com\/wordpress\/plugins\/seo\/ -->\n<title>Quality environmental policy - Laboratorio Arago<\/title>\n<meta name=\"robots\" content=\"index, follow, max-snippet:-1, max-image-preview:large, max-video-preview:-1\" \/>\n<link rel=\"canonical\" href=\"https:\/\/laboratorioarago.com\/en\/quality-environmental-policy\/\" \/>\n<meta property=\"og:locale\" content=\"en_US\" \/>\n<meta property=\"og:type\" content=\"article\" \/>\n<meta property=\"og:title\" content=\"Quality environmental policy\" \/>\n<meta property=\"og:description\" content=\"Quality and environmental policy Laboratorio Arag\u00f3 S.L. is committed to designing, developing and producing suture materials and staples and other dressing materials, importing sterile and non-sterile gloves, groupings of systems and kits for procedures and distributing them under the highest quality standards to meet our customers\u2019 requirements, as well as all legal and regulatory requirements, [&hellip;]\" \/>\n<meta property=\"og:url\" content=\"https:\/\/laboratorioarago.com\/en\/quality-environmental-policy\/\" \/>\n<meta property=\"og:site_name\" content=\"Laboratorio Arago\" \/>\n<meta property=\"article:modified_time\" content=\"2025-10-26T17:20:11+00:00\" \/>\n<meta name=\"twitter:card\" content=\"summary_large_image\" \/>\n<meta name=\"twitter:label1\" content=\"Est. reading time\" \/>\n\t<meta name=\"twitter:data1\" content=\"2 minutes\" \/>\n<script type=\"application\/ld+json\" class=\"yoast-schema-graph\">{\"@context\":\"https:\/\/schema.org\",\"@graph\":[{\"@type\":\"WebPage\",\"@id\":\"https:\/\/laboratorioarago.com\/en\/quality-environmental-policy\/\",\"url\":\"https:\/\/laboratorioarago.com\/en\/quality-environmental-policy\/\",\"name\":\"Quality environmental policy - Laboratorio Arago\",\"isPartOf\":{\"@id\":\"https:\/\/laboratorioarago.com\/#website\"},\"datePublished\":\"2021-12-06T10:34:02+00:00\",\"dateModified\":\"2025-10-26T17:20:11+00:00\",\"breadcrumb\":{\"@id\":\"https:\/\/laboratorioarago.com\/en\/quality-environmental-policy\/#breadcrumb\"},\"inLanguage\":\"en-US\",\"potentialAction\":[{\"@type\":\"ReadAction\",\"target\":[\"https:\/\/laboratorioarago.com\/en\/quality-environmental-policy\/\"]}]},{\"@type\":\"BreadcrumbList\",\"@id\":\"https:\/\/laboratorioarago.com\/en\/quality-environmental-policy\/#breadcrumb\",\"itemListElement\":[{\"@type\":\"ListItem\",\"position\":1,\"name\":\"Portada\",\"item\":\"https:\/\/laboratorioarago.com\/en\/home\/\"},{\"@type\":\"ListItem\",\"position\":2,\"name\":\"Quality environmental policy\"}]},{\"@type\":\"WebSite\",\"@id\":\"https:\/\/laboratorioarago.com\/#website\",\"url\":\"https:\/\/laboratorioarago.com\/\",\"name\":\"Laboratorio Arago\",\"description\":\"Referente en la fabricaci\u00f3n de suturas para los profesionales de la cirug\u00eda.\",\"publisher\":{\"@id\":\"https:\/\/laboratorioarago.com\/#organization\"},\"potentialAction\":[{\"@type\":\"SearchAction\",\"target\":{\"@type\":\"EntryPoint\",\"urlTemplate\":\"https:\/\/laboratorioarago.com\/?s={search_term_string}\"},\"query-input\":{\"@type\":\"PropertyValueSpecification\",\"valueRequired\":true,\"valueName\":\"search_term_string\"}}],\"inLanguage\":\"en-US\"},{\"@type\":\"Organization\",\"@id\":\"https:\/\/laboratorioarago.com\/#organization\",\"name\":\"Laboratorio Arago\",\"url\":\"https:\/\/laboratorioarago.com\/\",\"logo\":{\"@type\":\"ImageObject\",\"inLanguage\":\"en-US\",\"@id\":\"https:\/\/laboratorioarago.com\/#\/schema\/logo\/image\/\",\"url\":\"https:\/\/laboratorioarago.com\/wp-content\/uploads\/2021\/11\/arago-136x441-1.png\",\"contentUrl\":\"https:\/\/laboratorioarago.com\/wp-content\/uploads\/2021\/11\/arago-136x441-1.png\",\"width\":136,\"height\":44,\"caption\":\"Laboratorio Arago\"},\"image\":{\"@id\":\"https:\/\/laboratorioarago.com\/#\/schema\/logo\/image\/\"}}]}<\/script>\n<!-- \/ Yoast SEO Premium plugin. -->","yoast_head_json":{"title":"Quality environmental policy - Laboratorio Arago","robots":{"index":"index","follow":"follow","max-snippet":"max-snippet:-1","max-image-preview":"max-image-preview:large","max-video-preview":"max-video-preview:-1"},"canonical":"https:\/\/laboratorioarago.com\/en\/quality-environmental-policy\/","og_locale":"en_US","og_type":"article","og_title":"Quality environmental policy","og_description":"Quality and environmental policy Laboratorio Arag\u00f3 S.L. is committed to designing, developing and producing suture materials and staples and other dressing materials, importing sterile and non-sterile gloves, groupings of systems and kits for procedures and distributing them under the highest quality standards to meet our customers\u2019 requirements, as well as all legal and regulatory requirements, [&hellip;]","og_url":"https:\/\/laboratorioarago.com\/en\/quality-environmental-policy\/","og_site_name":"Laboratorio Arago","article_modified_time":"2025-10-26T17:20:11+00:00","twitter_card":"summary_large_image","twitter_misc":{"Est. reading time":"2 minutes"},"schema":{"@context":"https:\/\/schema.org","@graph":[{"@type":"WebPage","@id":"https:\/\/laboratorioarago.com\/en\/quality-environmental-policy\/","url":"https:\/\/laboratorioarago.com\/en\/quality-environmental-policy\/","name":"Quality environmental policy - Laboratorio Arago","isPartOf":{"@id":"https:\/\/laboratorioarago.com\/#website"},"datePublished":"2021-12-06T10:34:02+00:00","dateModified":"2025-10-26T17:20:11+00:00","breadcrumb":{"@id":"https:\/\/laboratorioarago.com\/en\/quality-environmental-policy\/#breadcrumb"},"inLanguage":"en-US","potentialAction":[{"@type":"ReadAction","target":["https:\/\/laboratorioarago.com\/en\/quality-environmental-policy\/"]}]},{"@type":"BreadcrumbList","@id":"https:\/\/laboratorioarago.com\/en\/quality-environmental-policy\/#breadcrumb","itemListElement":[{"@type":"ListItem","position":1,"name":"Portada","item":"https:\/\/laboratorioarago.com\/en\/home\/"},{"@type":"ListItem","position":2,"name":"Quality environmental policy"}]},{"@type":"WebSite","@id":"https:\/\/laboratorioarago.com\/#website","url":"https:\/\/laboratorioarago.com\/","name":"Laboratorio Arago","description":"Referente en la fabricaci\u00f3n de suturas para los profesionales de la cirug\u00eda.","publisher":{"@id":"https:\/\/laboratorioarago.com\/#organization"},"potentialAction":[{"@type":"SearchAction","target":{"@type":"EntryPoint","urlTemplate":"https:\/\/laboratorioarago.com\/?s={search_term_string}"},"query-input":{"@type":"PropertyValueSpecification","valueRequired":true,"valueName":"search_term_string"}}],"inLanguage":"en-US"},{"@type":"Organization","@id":"https:\/\/laboratorioarago.com\/#organization","name":"Laboratorio Arago","url":"https:\/\/laboratorioarago.com\/","logo":{"@type":"ImageObject","inLanguage":"en-US","@id":"https:\/\/laboratorioarago.com\/#\/schema\/logo\/image\/","url":"https:\/\/laboratorioarago.com\/wp-content\/uploads\/2021\/11\/arago-136x441-1.png","contentUrl":"https:\/\/laboratorioarago.com\/wp-content\/uploads\/2021\/11\/arago-136x441-1.png","width":136,"height":44,"caption":"Laboratorio Arago"},"image":{"@id":"https:\/\/laboratorioarago.com\/#\/schema\/logo\/image\/"}}]}},"_links":{"self":[{"href":"https:\/\/laboratorioarago.com\/en\/wp-json\/wp\/v2\/pages\/799","targetHints":{"allow":["GET"]}}],"collection":[{"href":"https:\/\/laboratorioarago.com\/en\/wp-json\/wp\/v2\/pages"}],"about":[{"href":"https:\/\/laboratorioarago.com\/en\/wp-json\/wp\/v2\/types\/page"}],"author":[{"embeddable":true,"href":"https:\/\/laboratorioarago.com\/en\/wp-json\/wp\/v2\/users\/2"}],"replies":[{"embeddable":true,"href":"https:\/\/laboratorioarago.com\/en\/wp-json\/wp\/v2\/comments?post=799"}],"version-history":[{"count":0,"href":"https:\/\/laboratorioarago.com\/en\/wp-json\/wp\/v2\/pages\/799\/revisions"}],"wp:attachment":[{"href":"https:\/\/laboratorioarago.com\/en\/wp-json\/wp\/v2\/media?parent=799"}],"curies":[{"name":"wp","href":"https:\/\/api.w.org\/{rel}","templated":true}]}}