{"id":903,"date":"2021-11-27T17:23:37","date_gmt":"2021-11-27T17:23:37","guid":{"rendered":"http:\/\/laboratorioarago.com\/calidad-y-seguridad\/"},"modified":"2022-10-02T10:49:27","modified_gmt":"2022-10-02T08:49:27","slug":"seguretat","status":"publish","type":"page","link":"https:\/\/laboratorioarago.com\/ca\/seguretat\/","title":{"rendered":"Seguretat"},"content":{"rendered":"<p>[et_pb_section fb_built=&#8221;1&#8243; custom_padding_last_edited=&#8221;on|desktop&#8221; _builder_version=&#8221;4.14.1&#8243; _module_preset=&#8221;default&#8221; background_color=&#8221;#b8bdc1&#8243; background_image=&#8221;http:\/\/laboratorioarago.com\/wp-content\/uploads\/2022\/04\/calidad.jpg&#8221; background_position=&#8221;top_center&#8221; background_blend=&#8221;multiply&#8221; min_height=&#8221;95vh&#8221; custom_padding=&#8221;20vh||20vh||false|false&#8221; custom_padding_tablet=&#8221;200px||||false|false&#8221; custom_padding_phone=&#8221;200px||||false|false&#8221; global_colors_info=&#8221;{}&#8221; theme_builder_area=&#8221;post_content&#8221;][et_pb_row _builder_version=&#8221;4.14.1&#8243; _module_preset=&#8221;default&#8221; global_colors_info=&#8221;{}&#8221; theme_builder_area=&#8221;post_content&#8221;][et_pb_column type=&#8221;4_4&#8243; _builder_version=&#8221;4.14.1&#8243; _module_preset=&#8221;default&#8221; global_colors_info=&#8221;{}&#8221; theme_builder_area=&#8221;post_content&#8221;][et_pb_text module_class=&#8221;headertext&#8221; _builder_version=&#8221;4.14.1&#8243; _module_preset=&#8221;default&#8221; text_font_size=&#8221;25px&#8221; text_line_height=&#8221;29px&#8221; header_font_size=&#8221;3rem&#8221; hover_enabled=&#8221;0&#8243; text_font_size_last_edited=&#8221;off|desktop&#8221; global_colors_info=&#8221;{}&#8221; theme_builder_area=&#8221;post_content&#8221; sticky_enabled=&#8221;0&#8243;]<\/p>\n<h1 class=\"mbr-section-title mbr-bold pb-3 mbr-fonts-style display-1\" style=\"text-align: center;\"><span style=\"color: #ffffff;\">Seguretat<\/span><\/h1>\n<p class=\"mbr-text pb-3\" style=\"text-align: center;\"><span style=\"color: #ffffff;\">Totes les nostres sutures compleixen amb les normes de Farmacopea Europea i els requisits de les directives Europees per a Productes Sanitaris, Directiva93\/42 CEE i Directiva 2007\/47 CEE.<\/span><\/p>\n<p>[\/et_pb_text][\/et_pb_column][\/et_pb_row][et_pb_row column_structure=&#8221;1_2,1_2&#8243; _builder_version=&#8221;4.14.1&#8243; _module_preset=&#8221;default&#8221; global_colors_info=&#8221;{}&#8221; theme_builder_area=&#8221;post_content&#8221;][et_pb_column type=&#8221;1_2&#8243; _builder_version=&#8221;4.14.1&#8243; _module_preset=&#8221;default&#8221; global_colors_info=&#8221;{}&#8221; theme_builder_area=&#8221;post_content&#8221;][et_pb_text module_class=&#8221;headertext&#8221; _builder_version=&#8221;4.14.1&#8243; _module_preset=&#8221;default&#8221; header_font_size=&#8221;3rem&#8221; hover_enabled=&#8221;0&#8243; text_font_size_last_edited=&#8221;off|desktop&#8221; global_colors_info=&#8221;{}&#8221; theme_builder_area=&#8221;post_content&#8221; sticky_enabled=&#8221;0&#8243;]<\/p>\n<p class=\"pb-3\" style=\"text-align: center; font-size: large!important; color: #ffffff;\">Lliures de qualsevol c\u00e0rrega <br \/>bacteriol\u00f2gica gr\u00e0cies a <br \/>l&#8217;aplicaci\u00f3 de Rajos Gamma.<\/p>\n<p>[\/et_pb_text][et_pb_button button_url=&#8221;#esterilizacion&#8221; button_text=&#8221;ESTERILITZACI\u00d3&#8221; button_alignment=&#8221;center&#8221; _builder_version=&#8221;4.14.1&#8243; _module_preset=&#8221;default&#8221; custom_button=&#8221;on&#8221; button_text_size=&#8221;20px&#8221; button_text_color=&#8221;#FFFFFF&#8221; button_bg_color=&#8221;#0d81ef&#8221; button_border_color=&#8221;RGBA(255,255,255,0)&#8221; button_border_radius=&#8221;95px&#8221; hover_enabled=&#8221;0&#8243; global_colors_info=&#8221;{}&#8221; theme_builder_area=&#8221;post_content&#8221; sticky_enabled=&#8221;0&#8243;][\/et_pb_button][\/et_pb_column][et_pb_column type=&#8221;1_2&#8243; _builder_version=&#8221;4.14.1&#8243; _module_preset=&#8221;default&#8221; global_colors_info=&#8221;{}&#8221; theme_builder_area=&#8221;post_content&#8221;][et_pb_text module_class=&#8221;headertext&#8221; _builder_version=&#8221;4.14.1&#8243; _module_preset=&#8221;default&#8221; text_font_size=&#8221;25px&#8221; text_line_height=&#8221;29px&#8221; header_font_size=&#8221;3rem&#8221; hover_enabled=&#8221;0&#8243; text_font_size_last_edited=&#8221;off|desktop&#8221; global_colors_info=&#8221;{}&#8221; theme_builder_area=&#8221;post_content&#8221; sticky_enabled=&#8221;0&#8243;]<\/p>\n<p class=\"pb-3\" style=\"text-align: center; font-size: large!important; color: #ffffff;\">M\u00e0xima qualitat als nostres<br \/>\nproductes amb rigorosos<br \/>\nest\u00e0ndards de refer\u00e8ncia.<\/p>\n<p>[\/et_pb_text][et_pb_button button_url=&#8221;#control&#8221; button_text=&#8221;CONTROL&#8221; button_alignment=&#8221;center&#8221; _builder_version=&#8221;4.14.1&#8243; _module_preset=&#8221;default&#8221; custom_button=&#8221;on&#8221; button_text_size=&#8221;20px&#8221; button_text_color=&#8221;#FFFFFF&#8221; button_bg_color=&#8221;#0d81ef&#8221; button_border_color=&#8221;RGBA(255,255,255,0)&#8221; button_border_radius=&#8221;95px&#8221; global_colors_info=&#8221;{}&#8221; theme_builder_area=&#8221;post_content&#8221;][\/et_pb_button][\/et_pb_column][\/et_pb_row][\/et_pb_section][et_pb_section fb_built=&#8221;1&#8243; custom_padding_last_edited=&#8221;on|phone&#8221; module_id=&#8221;esterilizacion&#8221; _builder_version=&#8221;4.14.1&#8243; _module_preset=&#8221;default&#8221; custom_padding=&#8221;|206px||206px|false|true&#8221; custom_padding_tablet=&#8221;|50px||50px|false|true&#8221; custom_padding_phone=&#8221;|20px||20px|false|true&#8221; global_colors_info=&#8221;{}&#8221;][et_pb_row _builder_version=&#8221;4.14.1&#8243; _module_preset=&#8221;default&#8221; global_colors_info=&#8221;{}&#8221;][et_pb_column type=&#8221;4_4&#8243; _builder_version=&#8221;4.14.1&#8243; _module_preset=&#8221;default&#8221; global_colors_info=&#8221;{}&#8221;][et_pb_text module_class=&#8221;font25&#8243; _builder_version=&#8221;4.14.1&#8243; _module_preset=&#8221;default&#8221; text_font_size=&#8221;20px&#8221; header_2_font_size=&#8221;40px&#8221; max_width=&#8221;710px&#8221; module_alignment=&#8221;center&#8221; hover_enabled=&#8221;0&#8243; global_colors_info=&#8221;{}&#8221; sticky_enabled=&#8221;0&#8243;]<\/p>\n<h2 class=\"align-center pb-3 mbr-fonts-style display-2\" style=\"text-align: center;\">Proce\u0301s d\u2019esterilitzacio\u0301<\/h2>\n<p>&nbsp;<\/p>\n<p class=\"mbr-section-subtitle align-center mbr-light mbr-fonts-style display-5\">Gran part dels Irradiadores industrials so\u0301n utilitzats com a Instal\u00b7lacions d\u2019esterilitzacio\u0301. Els principals avantatges so\u0301n les segu\u0308ents:<\/p>\n<div>\n<p>&nbsp;<\/p>\n<p><strong>Alta penetrabilitat \/ Esterilitzaci\u00f3 final<\/strong><\/p>\n<p>A causa de l\u2019alt poder penetrant dels fotons gamma emesos pel Co- balt-60 (1,17 i 1,33 MeV) els productes condicionats en envasos herme\u0300tics, s\u2019irradien en el seu enva\u0300s final.<\/p>\n<p>&nbsp;<\/p>\n<p><strong>Proc\u00e9s en &#8220;fred&#8221;\u00a0<\/strong><\/p>\n<p>Lleu increment de la temperatura del producte durant el proce\u0301s.<span>\u00a0<\/span><\/p>\n<p>&nbsp;<\/p>\n<p><strong>Segur i net<\/strong><\/p>\n<p>No deixa residus en el producte (energia dels fotons emesos e\u0301s inferior a 10 MeV).<\/p>\n<p>&nbsp;<\/p>\n<p><strong>Monitoratge i control d\u2019una u\u0301nica variable<\/strong><\/p>\n<p>L\u2019u\u0301nic para\u0300metre variable a controlar e\u0301s el temps. La dosi absorbida (Gy \u2013 Gray) pel producte a irradiar esta\u0300 en funcio\u0301 del temps d\u2019exposicio\u0301 a les fonts radioactives.<\/p>\n<p>&nbsp;<\/p>\n<p><strong>Alliberament dosime\u0300tric<\/strong><\/p>\n<p>Mitjanc\u0327ant la utilitzacio\u0301 de dosi\u0301metres (de film o PMMA) es garanteix la dosi rebuda pel producte i permet el seu alliberament parame\u0300tric.<\/p>\n<p>&nbsp;<\/p>\n<p><strong>No precisa de cuarentena<\/strong><\/p>\n<p>El producte tractat pot ser utilitzat immediatament (alliberament dosi- me\u0300tric i abse\u0300ncia de residus).<\/p>\n<p>&nbsp;<\/p>\n<p><strong>Alta efectivitat<\/strong><\/p>\n<p>L\u2019efecte de les radiacions gamma sobre els microorganismes e\u0301s ben coneguda i quantificada.<span>\u00a0<\/span><\/p>\n<p>&nbsp;<\/p>\n<p><strong>Validaci\u00f3 senzilla\u00a0<\/strong><\/p>\n<p>Proce\u0301s altament preci\u0301s i reprodui\u0308ble.<\/p>\n<p>Coneix me\u0301s sobre\u00a0<a href=\"https:\/\/www.aragogamma.com\/\" class=\"\">Aragogamma<\/a>.<\/p>\n<\/div>\n<p>&nbsp;<\/p>\n<p>[\/et_pb_text][\/et_pb_column][\/et_pb_row][\/et_pb_section][et_pb_section fb_built=&#8221;1&#8243; custom_padding_last_edited=&#8221;on|phone&#8221; module_id=&#8221;control&#8221; _builder_version=&#8221;4.14.1&#8243; _module_preset=&#8221;default&#8221; background_color=&#8221;#efefef&#8221; custom_padding=&#8221;|200px||200px|false|true&#8221; custom_padding_tablet=&#8221;|50px||50px|false|true&#8221; custom_padding_phone=&#8221;|20px||20px|false|true&#8221; global_colors_info=&#8221;{}&#8221;][et_pb_row _builder_version=&#8221;4.14.1&#8243; _module_preset=&#8221;default&#8221; global_colors_info=&#8221;{}&#8221;][et_pb_column type=&#8221;4_4&#8243; _builder_version=&#8221;4.14.1&#8243; _module_preset=&#8221;default&#8221; global_colors_info=&#8221;{}&#8221;][et_pb_text module_class=&#8221;font25&#8243; _builder_version=&#8221;4.14.1&#8243; _module_preset=&#8221;default&#8221; text_font_size=&#8221;20px&#8221; header_2_font_size=&#8221;40px&#8221; max_width=&#8221;710px&#8221; module_alignment=&#8221;center&#8221; global_colors_info=&#8221;{}&#8221;]<\/p>\n<h2 class=\"align-center pb-3 mbr-fonts-style display-2\" style=\"text-align: center;\">Control exhaustiu de les sutures<\/h2>\n<p>&nbsp;<\/p>\n<p class=\"mbr-section-subtitle align-center mbr-light mbr-fonts-style display-5\">Totes les nostres sutures compleixen amb les normes de Farmacopea Europea 8a edicio\u0301, i Farmacopea Americana USP XXXIX i Ed. 2016 i els requisits de les directives Europees per a Productes Sanitaris, Directiva 93\/42 CEE i Directiva 2007\/47 CEE.<\/p>\n<p>Es realitza una exhaustiva ana\u0300lisi de les mate\u0300ries primeres, aixi\u0301 com de tot el proce\u0301s de fabricacio\u0301 i producte final, es fabriquen en un entorn net per a minimitzar la contaminacio\u0301.<\/p>\n<p>Les agulles que s\u2019empren per a la seva elaboracio\u0301 so\u0301n de ma\u0300xima quali<span>tat i sofreixen un rigoro\u0301s control de qualitat<\/span><span>.<\/span><\/p>\n<p><strong>Control de mate\u0300ries primeres<\/strong><br \/><em class=\"\">-Assajos de les agulles atrauma\u0301ticas<\/em><br \/>A part dels assajos de les dimensions de les agulles (longitud, dia\u0300metre, granda\u0300ria i profunditat del forat), tipus d\u2019acer i aspectes cosme\u0300tics, es realitzen assajos de doblegat (Bending), Ductibilidad, Penetracio\u0301 i assajos de corrosio\u0301, per a assegurar la seva qualitat.<br \/><em class=\"\">-Assajos de les fibres\u00a0<\/em><br \/>Longitud, dia\u0300metre, resiste\u0300ncia i elasticitat.<\/p>\n<p>&nbsp;<\/p>\n<p><strong>Control material d\u2019enva\u0300s i embalatge<\/strong><br \/><em class=\"\">-Control de proc\u00e9s<\/em><em class=\"\"><br \/><\/em>Unio\u0301 fil i agulla, etiquetatge i envasament.<br \/><em class=\"\">-Control final<\/em><br \/>Longitud, dia\u0300metre i resiste\u0300ncia. Esterilitzacio\u0301 per Raigs Gamma i o\u0300xid d\u2019etile\u0300 d\u2019acord a les normes. (ISO 11137 i ISO 11135) Absorcio\u0301 de les sutures sinte\u0300tiques.<\/p>\n<p>&nbsp;<\/p>\n<p>[\/et_pb_text][\/et_pb_column][\/et_pb_row][\/et_pb_section]<\/p>\n","protected":false},"excerpt":{"rendered":"<p>Seguretat Totes les nostres sutures compleixen amb les normes de Farmacopea Europea i els requisits de les directives Europees per a Productes Sanitaris, Directiva93\/42 CEE i Directiva 2007\/47 CEE.Lliures de qualsevol c\u00e0rrega bacteriol\u00f2gica gr\u00e0cies a l&#8217;aplicaci\u00f3 de Rajos Gamma.M\u00e0xima qualitat als nostres productes amb rigorosos est\u00e0ndards de refer\u00e8ncia.Proce\u0301s d\u2019esterilitzacio\u0301 &nbsp; Gran part dels Irradiadores industrials [&hellip;]<\/p>\n","protected":false},"author":2,"featured_media":0,"parent":0,"menu_order":0,"comment_status":"closed","ping_status":"closed","template":"","meta":{"_et_pb_use_builder":"on","_et_pb_old_content":"","_et_gb_content_width":"","footnotes":""},"class_list":["post-903","page","type-page","status-publish","hentry"],"yoast_head":"<!-- This site is optimized with the Yoast SEO Premium plugin v21.8 (Yoast SEO v26.2) - https:\/\/yoast.com\/wordpress\/plugins\/seo\/ -->\n<title>Seguretat - Laboratorio Arago<\/title>\n<meta name=\"robots\" content=\"index, follow, max-snippet:-1, max-image-preview:large, max-video-preview:-1\" \/>\n<link rel=\"canonical\" href=\"https:\/\/laboratorioarago.com\/ca\/seguretat\/\" \/>\n<meta property=\"og:locale\" content=\"ca_ES\" \/>\n<meta property=\"og:type\" content=\"article\" \/>\n<meta property=\"og:title\" content=\"Seguretat\" \/>\n<meta property=\"og:description\" content=\"Seguretat Totes les nostres sutures compleixen amb les normes de Farmacopea Europea i els requisits de les directives Europees per a Productes Sanitaris, Directiva93\/42 CEE i Directiva 2007\/47 CEE.Lliures de qualsevol c\u00e0rrega bacteriol\u00f2gica gr\u00e0cies a l&#039;aplicaci\u00f3 de Rajos Gamma.M\u00e0xima qualitat als nostres productes amb rigorosos est\u00e0ndards de refer\u00e8ncia.Proce\u0301s d\u2019esterilitzacio\u0301 &nbsp; Gran part dels Irradiadores industrials [&hellip;]\" \/>\n<meta property=\"og:url\" content=\"https:\/\/laboratorioarago.com\/ca\/seguretat\/\" \/>\n<meta property=\"og:site_name\" content=\"Laboratorio Arago\" \/>\n<meta property=\"article:modified_time\" content=\"2022-10-02T08:49:27+00:00\" \/>\n<meta name=\"twitter:card\" content=\"summary_large_image\" \/>\n<meta name=\"twitter:label1\" content=\"Temps estimat de lectura\" \/>\n\t<meta name=\"twitter:data1\" content=\"6 minuts\" \/>\n<script type=\"application\/ld+json\" class=\"yoast-schema-graph\">{\"@context\":\"https:\/\/schema.org\",\"@graph\":[{\"@type\":\"WebPage\",\"@id\":\"https:\/\/laboratorioarago.com\/ca\/seguretat\/\",\"url\":\"https:\/\/laboratorioarago.com\/ca\/seguretat\/\",\"name\":\"Seguretat - Laboratorio Arago\",\"isPartOf\":{\"@id\":\"https:\/\/laboratorioarago.com\/#website\"},\"datePublished\":\"2021-11-27T17:23:37+00:00\",\"dateModified\":\"2022-10-02T08:49:27+00:00\",\"breadcrumb\":{\"@id\":\"https:\/\/laboratorioarago.com\/ca\/seguretat\/#breadcrumb\"},\"inLanguage\":\"ca\",\"potentialAction\":[{\"@type\":\"ReadAction\",\"target\":[\"https:\/\/laboratorioarago.com\/ca\/seguretat\/\"]}]},{\"@type\":\"BreadcrumbList\",\"@id\":\"https:\/\/laboratorioarago.com\/ca\/seguretat\/#breadcrumb\",\"itemListElement\":[{\"@type\":\"ListItem\",\"position\":1,\"name\":\"Portada\",\"item\":\"https:\/\/laboratorioarago.com\/ca\/home\/\"},{\"@type\":\"ListItem\",\"position\":2,\"name\":\"Seguretat\"}]},{\"@type\":\"WebSite\",\"@id\":\"https:\/\/laboratorioarago.com\/#website\",\"url\":\"https:\/\/laboratorioarago.com\/\",\"name\":\"Laboratorio Arago\",\"description\":\"Referente en la fabricaci\u00f3n de suturas para los profesionales de la cirug\u00eda.\",\"publisher\":{\"@id\":\"https:\/\/laboratorioarago.com\/#organization\"},\"potentialAction\":[{\"@type\":\"SearchAction\",\"target\":{\"@type\":\"EntryPoint\",\"urlTemplate\":\"https:\/\/laboratorioarago.com\/?s={search_term_string}\"},\"query-input\":{\"@type\":\"PropertyValueSpecification\",\"valueRequired\":true,\"valueName\":\"search_term_string\"}}],\"inLanguage\":\"ca\"},{\"@type\":\"Organization\",\"@id\":\"https:\/\/laboratorioarago.com\/#organization\",\"name\":\"Laboratorio Arago\",\"url\":\"https:\/\/laboratorioarago.com\/\",\"logo\":{\"@type\":\"ImageObject\",\"inLanguage\":\"ca\",\"@id\":\"https:\/\/laboratorioarago.com\/#\/schema\/logo\/image\/\",\"url\":\"https:\/\/laboratorioarago.com\/wp-content\/uploads\/2021\/11\/arago-136x441-1.png\",\"contentUrl\":\"https:\/\/laboratorioarago.com\/wp-content\/uploads\/2021\/11\/arago-136x441-1.png\",\"width\":136,\"height\":44,\"caption\":\"Laboratorio Arago\"},\"image\":{\"@id\":\"https:\/\/laboratorioarago.com\/#\/schema\/logo\/image\/\"}}]}<\/script>\n<!-- \/ Yoast SEO Premium plugin. -->","yoast_head_json":{"title":"Seguretat - Laboratorio Arago","robots":{"index":"index","follow":"follow","max-snippet":"max-snippet:-1","max-image-preview":"max-image-preview:large","max-video-preview":"max-video-preview:-1"},"canonical":"https:\/\/laboratorioarago.com\/ca\/seguretat\/","og_locale":"ca_ES","og_type":"article","og_title":"Seguretat","og_description":"Seguretat Totes les nostres sutures compleixen amb les normes de Farmacopea Europea i els requisits de les directives Europees per a Productes Sanitaris, Directiva93\/42 CEE i Directiva 2007\/47 CEE.Lliures de qualsevol c\u00e0rrega bacteriol\u00f2gica gr\u00e0cies a l'aplicaci\u00f3 de Rajos Gamma.M\u00e0xima qualitat als nostres productes amb rigorosos est\u00e0ndards de refer\u00e8ncia.Proce\u0301s d\u2019esterilitzacio\u0301 &nbsp; Gran part dels Irradiadores industrials [&hellip;]","og_url":"https:\/\/laboratorioarago.com\/ca\/seguretat\/","og_site_name":"Laboratorio Arago","article_modified_time":"2022-10-02T08:49:27+00:00","twitter_card":"summary_large_image","twitter_misc":{"Temps estimat de lectura":"6 minuts"},"schema":{"@context":"https:\/\/schema.org","@graph":[{"@type":"WebPage","@id":"https:\/\/laboratorioarago.com\/ca\/seguretat\/","url":"https:\/\/laboratorioarago.com\/ca\/seguretat\/","name":"Seguretat - Laboratorio Arago","isPartOf":{"@id":"https:\/\/laboratorioarago.com\/#website"},"datePublished":"2021-11-27T17:23:37+00:00","dateModified":"2022-10-02T08:49:27+00:00","breadcrumb":{"@id":"https:\/\/laboratorioarago.com\/ca\/seguretat\/#breadcrumb"},"inLanguage":"ca","potentialAction":[{"@type":"ReadAction","target":["https:\/\/laboratorioarago.com\/ca\/seguretat\/"]}]},{"@type":"BreadcrumbList","@id":"https:\/\/laboratorioarago.com\/ca\/seguretat\/#breadcrumb","itemListElement":[{"@type":"ListItem","position":1,"name":"Portada","item":"https:\/\/laboratorioarago.com\/ca\/home\/"},{"@type":"ListItem","position":2,"name":"Seguretat"}]},{"@type":"WebSite","@id":"https:\/\/laboratorioarago.com\/#website","url":"https:\/\/laboratorioarago.com\/","name":"Laboratorio Arago","description":"Referente en la fabricaci\u00f3n de suturas para los profesionales de la cirug\u00eda.","publisher":{"@id":"https:\/\/laboratorioarago.com\/#organization"},"potentialAction":[{"@type":"SearchAction","target":{"@type":"EntryPoint","urlTemplate":"https:\/\/laboratorioarago.com\/?s={search_term_string}"},"query-input":{"@type":"PropertyValueSpecification","valueRequired":true,"valueName":"search_term_string"}}],"inLanguage":"ca"},{"@type":"Organization","@id":"https:\/\/laboratorioarago.com\/#organization","name":"Laboratorio Arago","url":"https:\/\/laboratorioarago.com\/","logo":{"@type":"ImageObject","inLanguage":"ca","@id":"https:\/\/laboratorioarago.com\/#\/schema\/logo\/image\/","url":"https:\/\/laboratorioarago.com\/wp-content\/uploads\/2021\/11\/arago-136x441-1.png","contentUrl":"https:\/\/laboratorioarago.com\/wp-content\/uploads\/2021\/11\/arago-136x441-1.png","width":136,"height":44,"caption":"Laboratorio Arago"},"image":{"@id":"https:\/\/laboratorioarago.com\/#\/schema\/logo\/image\/"}}]}},"_links":{"self":[{"href":"https:\/\/laboratorioarago.com\/ca\/wp-json\/wp\/v2\/pages\/903","targetHints":{"allow":["GET"]}}],"collection":[{"href":"https:\/\/laboratorioarago.com\/ca\/wp-json\/wp\/v2\/pages"}],"about":[{"href":"https:\/\/laboratorioarago.com\/ca\/wp-json\/wp\/v2\/types\/page"}],"author":[{"embeddable":true,"href":"https:\/\/laboratorioarago.com\/ca\/wp-json\/wp\/v2\/users\/2"}],"replies":[{"embeddable":true,"href":"https:\/\/laboratorioarago.com\/ca\/wp-json\/wp\/v2\/comments?post=903"}],"version-history":[{"count":0,"href":"https:\/\/laboratorioarago.com\/ca\/wp-json\/wp\/v2\/pages\/903\/revisions"}],"wp:attachment":[{"href":"https:\/\/laboratorioarago.com\/ca\/wp-json\/wp\/v2\/media?parent=903"}],"curies":[{"name":"wp","href":"https:\/\/api.w.org\/{rel}","templated":true}]}}