{"id":810,"date":"2021-11-27T17:34:11","date_gmt":"2021-11-27T17:34:11","guid":{"rendered":"http:\/\/laboratorioarago.com\/contacto\/"},"modified":"2022-09-20T08:38:17","modified_gmt":"2022-09-20T06:38:17","slug":"contacte","status":"publish","type":"page","link":"https:\/\/laboratorioarago.com\/ca\/contacte\/","title":{"rendered":"Contacte"},"content":{"rendered":"<p>[et_pb_section fb_built=&#8221;1&#8243; _builder_version=&#8221;4.14.1&#8243; _module_preset=&#8221;default&#8221; global_colors_info=&#8221;{}&#8221;][et_pb_row _builder_version=&#8221;4.14.1&#8243; _module_preset=&#8221;default&#8221; global_colors_info=&#8221;{}&#8221;][et_pb_column type=&#8221;4_4&#8243; _builder_version=&#8221;4.14.1&#8243; _module_preset=&#8221;default&#8221; global_colors_info=&#8221;{}&#8221;][et_pb_text module_class=&#8221;fontlight font25&#8243; _builder_version=&#8221;4.14.1&#8243; _module_preset=&#8221;default&#8221; text_font_size=&#8221;37px&#8221; header_font_size=&#8221;42px&#8221; header_2_font_size=&#8221;40px&#8221; global_colors_info=&#8221;{}&#8221;]<\/p>\n<h2 class=\"align-center pb-3 mbr-fonts-style display-2\" style=\"text-align: center;\">Contacti amb nosaltres<\/h2>\n<p class=\"mbr-section-subtitle align-center mbr-light mbr-fonts-style display-5\">El nostre equip comercial li ampliara\u0300 qualsevol informacio\u0301 sobre els nostres productes o serveis<\/p>\n<p>[\/et_pb_text][\/et_pb_column][\/et_pb_row][\/et_pb_section][et_pb_section fb_built=&#8221;1&#8243; _builder_version=&#8221;4.14.1&#8243; _module_preset=&#8221;default&#8221; background_color=&#8221;#ededed&#8221; background_image=&#8221;http:\/\/laboratorioarago.com\/wp-content\/uploads\/2021\/12\/background31.jpg&#8221; background_blend=&#8221;overlay&#8221; custom_padding=&#8221;60px||62px|||&#8221; global_colors_info=&#8221;{}&#8221;][et_pb_row column_structure=&#8221;1_2,1_2&#8243; _builder_version=&#8221;4.14.1&#8243; _module_preset=&#8221;default&#8221; global_colors_info=&#8221;{}&#8221;][et_pb_column type=&#8221;1_2&#8243; _builder_version=&#8221;4.14.1&#8243; _module_preset=&#8221;default&#8221; global_colors_info=&#8221;{}&#8221;][et_pb_text _builder_version=&#8221;4.14.1&#8243; _module_preset=&#8221;default&#8221; header_5_font_size=&#8221;22px&#8221; global_colors_info=&#8221;{}&#8221;]<\/p>\n<h5 class=\"align-left mbr-fonts-style m-0 display-5\">Oficines centrals:<\/h5>\n<p><span style=\"color: #333333;\">Salvador Mund\u00ed , 11<\/span><br \/><span style=\"color: #333333;\">08017 BARCELONA<\/span><br \/><span style=\"color: #333333;\">ESPAYA<\/span><br \/><span style=\"color: #333333;\">+34 932 042 212<\/span><br \/><span style=\"color: #333333;\">+34 932 042 212<\/span><\/p>\n<p>[\/et_pb_text][et_pb_text _builder_version=&#8221;4.14.1&#8243; _module_preset=&#8221;default&#8221; header_5_font_size=&#8221;22px&#8221; global_colors_info=&#8221;{}&#8221;]<\/p>\n<h5>Email departaments:<\/h5>\n<p><a href=\"mailto:pedidos@laboratorioarago.com\">Pedidos<\/a><br \/><a href=\"mailto:export@laboratorioarago.com\">Exportaci\u00f3n<\/a><br \/><a href=\"mailto:concursos@laboratorioarago.com\">Concursos<\/a><br \/><a href=\"mailto:contabilidad@laboratorioarago.com\">Contabilidad<\/a><br \/><a href=\"mailto:infogeneral@laboratorioarago.com\">Info General<\/a><br \/><a href=\"mailto:compras@laboratorioarago.com\">Compras<\/a><\/p>\n<p>[\/et_pb_text][\/et_pb_column][et_pb_column type=&#8221;1_2&#8243; _builder_version=&#8221;4.14.1&#8243; _module_preset=&#8221;default&#8221; global_colors_info=&#8221;{}&#8221;][et_pb_code _builder_version=&#8221;4.14.1&#8243; _module_preset=&#8221;default&#8221; hover_enabled=&#8221;0&#8243; global_colors_info=&#8221;{}&#8221; sticky_enabled=&#8221;0&#8243;]<iframe frameborder=\"0\" style=\"border:0; width:100%; height:400px\" src=\"https:\/\/www.google.com\/maps\/embed?pb=!1m18!1m12!1m3!1d2992.825883617388!2d2.1206382161688726!3d41.39958750320048!2m3!1f0!2f0!3f0!3m2!1i1024!2i768!4f13.1!3m3!1m2!1s0x12a49840ff544d73%3A0x416b90512746c2df!2sLaboratorio%20Arag%C3%B3!5e0!3m2!1ses!2ses!4v1663655775727!5m2!1ses!2ses\" allowfullscreen=\"\"><\/iframe>[\/et_pb_code][\/et_pb_column][\/et_pb_row][\/et_pb_section][et_pb_section fb_built=&#8221;1&#8243; _builder_version=&#8221;4.14.1&#8243; _module_preset=&#8221;default&#8221; background_color=&#8221;#c9c9c9&#8243; background_image=&#8221;http:\/\/laboratorioarago.com\/wp-content\/uploads\/2021\/12\/fabrica-1990&#215;81221301-1.jpg&#8221; background_blend=&#8221;screen&#8221; global_colors_info=&#8221;{}&#8221;][et_pb_row column_structure=&#8221;1_2,1_2&#8243; _builder_version=&#8221;4.14.1&#8243; _module_preset=&#8221;default&#8221; global_colors_info=&#8221;{}&#8221;][et_pb_column type=&#8221;1_2&#8243; _builder_version=&#8221;4.14.1&#8243; _module_preset=&#8221;default&#8221; global_colors_info=&#8221;{}&#8221;][et_pb_text _builder_version=&#8221;4.14.1&#8243; _module_preset=&#8221;default&#8221; header_5_font_size=&#8221;22px&#8221; global_colors_info=&#8221;{}&#8221;]<\/p>\n<h5>F\u00e0brica:<\/h5>\n<p><span style=\"color: #333333;\">Ctra. Granollers a Cardedeu<\/span><br \/><span style=\"color: #333333;\">Km 35<\/span><br \/><span style=\"color: #333333;\">08520 LES FRANQUESES DEL VALL\u00c9S-BARCELONA<\/span><br \/><span style=\"color: #333333;\">ESPAYA<\/span><br \/><span style=\"color: #333333;\">+34 938 615 111<\/span><\/p>\n<p>[\/et_pb_text][\/et_pb_column][et_pb_column type=&#8221;1_2&#8243; _builder_version=&#8221;4.14.1&#8243; _module_preset=&#8221;default&#8221; global_colors_info=&#8221;{}&#8221;][et_pb_code _builder_version=&#8221;4.14.1&#8243; _module_preset=&#8221;default&#8221; global_colors_info=&#8221;{}&#8221;]<iframe frameborder=\"0\" style=\"border:0; width:100%; height:400px\" src=\"https:\/\/www.google.com\/maps\/embed?pb=!1m14!1m8!1m3!1d47717.63964365289!2d2.323393!3d41.626512!3m2!1i1024!2i768!4f13.1!3m3!1m2!1s0x0%3A0x3e41100cb0b6745a!2sAragogamma%20SL!5e0!3m2!1sca!2sus!4v1642701110620!5m2!1sca!2sus\" allowfullscreen=\"\"><\/iframe>[\/et_pb_code][\/et_pb_column][\/et_pb_row][\/et_pb_section][et_pb_section fb_built=&#8221;1&#8243; _builder_version=&#8221;4.14.1&#8243; _module_preset=&#8221;default&#8221; background_color=&#8221;#efefef&#8221; global_colors_info=&#8221;{}&#8221;][et_pb_row column_structure=&#8221;1_2,1_2&#8243; use_custom_gutter=&#8221;on&#8221; gutter_width=&#8221;2&#8243; make_equal=&#8221;on&#8221; custom_padding_last_edited=&#8221;on|tablet&#8221; _builder_version=&#8221;4.14.1&#8243; _module_preset=&#8221;default&#8221; custom_padding=&#8221;|100px||100px|false|false&#8221; custom_padding_tablet=&#8221;|0px||0px|false|false&#8221; custom_padding_phone=&#8221;|0px||0px|false|false&#8221; global_colors_info=&#8221;{}&#8221;][et_pb_column type=&#8221;1_2&#8243; _builder_version=&#8221;4.14.1&#8243; _module_preset=&#8221;default&#8221; global_colors_info=&#8221;{}&#8221;][et_pb_image src=&#8221;http:\/\/laboratorioarago.com\/wp-content\/uploads\/2021\/12\/cat-humana-436&#215;4361-1.png&#8221; title_text=&#8221;cat-humana-436&#215;436%911%93&#8243; url=&#8221;http:\/\/laboratorioarago.com\/wp-content\/uploads\/2021\/12\/CatalogoHUMANA1.pdf&#8221; url_new_window=&#8221;on&#8221; _builder_version=&#8221;4.14.1&#8243; _module_preset=&#8221;default&#8221; global_colors_info=&#8221;{}&#8221;][\/et_pb_image][\/et_pb_column][et_pb_column type=&#8221;1_2&#8243; _builder_version=&#8221;4.14.1&#8243; _module_preset=&#8221;default&#8221; global_colors_info=&#8221;{}&#8221;][et_pb_text _builder_version=&#8221;4.14.1&#8243; _module_preset=&#8221;default&#8221; custom_margin=&#8221;68px|||||&#8221; global_colors_info=&#8221;{}&#8221;]<\/p>\n<p><strong>Laboratorio Arago | Cat\u00e0leg Humana<\/strong><br \/><span>El nostre equip comercial, sempre aprop del cirurgia\u0300, juntament amb la Direccio\u0301 Te\u0300cnica de la companyia, treballa de forma unida i intensa per- que\u0300 el cata\u0300leg de Laboratorio Arago\u0301 compti amb els productes tecnolo\u0300- gicament me\u0301s avanc\u0327ats i moderns del mercat. Sempre oferint la gamma me\u0301s completa de sutures. Descarregui el seu cata\u0300leg\u00a0<\/span><a href=\"https:\/\/laboratorioarago.com\/wp-content\/uploads\/2021\/12\/CatalogoHUMANA1.pdf\" target=\"_blank\" rel=\"noopener\">aqu\u00ed.<\/a><\/p>\n<p>[\/et_pb_text][\/et_pb_column][\/et_pb_row][\/et_pb_section][et_pb_section fb_built=&#8221;1&#8243; _builder_version=&#8221;4.14.1&#8243; _module_preset=&#8221;default&#8221; global_colors_info=&#8221;{}&#8221;][et_pb_row column_structure=&#8221;1_2,1_2&#8243; use_custom_gutter=&#8221;on&#8221; gutter_width=&#8221;2&#8243; make_equal=&#8221;on&#8221; custom_padding_last_edited=&#8221;on|tablet&#8221; _builder_version=&#8221;4.14.1&#8243; _module_preset=&#8221;default&#8221; custom_padding=&#8221;|100px||100px|false|false&#8221; custom_padding_tablet=&#8221;|0px||0px|false|false&#8221; custom_padding_phone=&#8221;|0px||0px|false|false&#8221; global_colors_info=&#8221;{}&#8221;][et_pb_column type=&#8221;1_2&#8243; _builder_version=&#8221;4.14.1&#8243; _module_preset=&#8221;default&#8221; global_colors_info=&#8221;{}&#8221;][et_pb_image src=&#8221;http:\/\/laboratorioarago.com\/wp-content\/uploads\/2021\/12\/cat-veterinaria-436&#215;4361-1.png&#8221; title_text=&#8221;cat-veterinaria-436&#215;436%911%93&#8243; url=&#8221;http:\/\/laboratorioarago.com\/wp-content\/uploads\/2021\/12\/CatalogoVETERINARIA1.pdf&#8221; url_new_window=&#8221;on&#8221; _builder_version=&#8221;4.14.1&#8243; _module_preset=&#8221;default&#8221; global_colors_info=&#8221;{}&#8221;][\/et_pb_image][\/et_pb_column][et_pb_column type=&#8221;1_2&#8243; _builder_version=&#8221;4.14.1&#8243; _module_preset=&#8221;default&#8221; global_colors_info=&#8221;{}&#8221;][et_pb_text _builder_version=&#8221;4.14.1&#8243; _module_preset=&#8221;default&#8221; custom_margin=&#8221;68px|||||&#8221; global_colors_info=&#8221;{}&#8221;]<\/p>\n<p><strong>Laboratorio Arago | Cat\u00e0leg Veterinaria<\/strong><br \/><span>Per als professionals de la Veterina\u0300ria que necessiten una gamma especi\u0301fica per a la seva activitat. Aqui\u0301 trobara\u0300 el seu cata\u0300leg amb tots els detalls per a triar les seves sutures. Una li\u0301nia completa amb totes les garanties per al desenvolupament de la seva labor.<\/span><br \/><span>Descarregui el seu cata\u0300leg\u00a0<\/span><a href=\"http:\/\/laboratorioarago.com\/wp-content\/uploads\/2021\/12\/CatalogoVETERINARIA1.pdf\" target=\"_blank\" rel=\"noopener\">aqu\u00ed.<\/a><\/p>\n<p>[\/et_pb_text][\/et_pb_column][\/et_pb_row][\/et_pb_section][et_pb_section fb_built=&#8221;1&#8243; _builder_version=&#8221;4.14.1&#8243; _module_preset=&#8221;default&#8221; background_color=&#8221;#efefef&#8221; global_colors_info=&#8221;{}&#8221;][et_pb_row column_structure=&#8221;1_2,1_2&#8243; use_custom_gutter=&#8221;on&#8221; gutter_width=&#8221;2&#8243; make_equal=&#8221;on&#8221; custom_padding_last_edited=&#8221;on|tablet&#8221; _builder_version=&#8221;4.14.1&#8243; _module_preset=&#8221;default&#8221; custom_padding=&#8221;|100px||100px|false|false&#8221; custom_padding_tablet=&#8221;|0px||0px|false|false&#8221; custom_padding_phone=&#8221;|0px||0px|false|false&#8221; global_colors_info=&#8221;{}&#8221;][et_pb_column type=&#8221;1_2&#8243; _builder_version=&#8221;4.14.1&#8243; _module_preset=&#8221;default&#8221; global_colors_info=&#8221;{}&#8221;][et_pb_image src=&#8221;http:\/\/laboratorioarago.com\/wp-content\/uploads\/2021\/12\/cat-export-500&#215;5001-1.png&#8221; title_text=&#8221;cat-export-500&#215;500%911%93&#8243; url=&#8221;http:\/\/laboratorioarago.com\/wp-content\/uploads\/2021\/12\/CatalogoEXPORT1.pdf&#8221; url_new_window=&#8221;on&#8221; admin_label=&#8221;Imagen&#8221; _builder_version=&#8221;4.14.1&#8243; _module_preset=&#8221;default&#8221; global_colors_info=&#8221;{}&#8221;][\/et_pb_image][\/et_pb_column][et_pb_column type=&#8221;1_2&#8243; _builder_version=&#8221;4.14.1&#8243; _module_preset=&#8221;default&#8221; global_colors_info=&#8221;{}&#8221;][et_pb_text _builder_version=&#8221;4.14.1&#8243; _module_preset=&#8221;default&#8221; custom_margin=&#8221;68px|||||&#8221; global_colors_info=&#8221;{}&#8221;]<strong>Laboratorio Arag\u00f3 I Export Catalogue<\/strong><br \/>\nThe contact with surgeons, pharmacists, theatre nurses allow us to determinate the level of satisfaction of our sutures theirs needs and to carry out a permanent process to improve the quality.<br \/>\nThe current surgery but specially the new surgery that is being developing, requires a continuous innovation will.<br \/>\nDownload your catalogue <a href=\"http:\/\/laboratorioarago.com\/wp-content\/uploads\/2021\/12\/CatalogoEXPORT1.pdf\" rel=\"attachment wp-att-336 noopener\" target=\"_blank\">here<\/a>.[\/et_pb_text][\/et_pb_column][\/et_pb_row][\/et_pb_section]<\/p>\n","protected":false},"excerpt":{"rendered":"<p>Contacti amb nosaltres El nostre equip comercial li ampliara\u0300 qualsevol informacio\u0301 sobre els nostres productes o serveisOficines centrals: Salvador Mund\u00ed , 1108017 BARCELONAESPAYA+34 932 042 212+34 932 042 212Email departaments: PedidosExportaci\u00f3nConcursosContabilidadInfo GeneralComprasF\u00e0brica: Ctra. Granollers a CardedeuKm 3508520 LES FRANQUESES DEL VALL\u00c9S-BARCELONAESPAYA+34 938 615 111Laboratorio Arago | Cat\u00e0leg HumanaEl nostre equip comercial, sempre aprop del cirurgia\u0300, [&hellip;]<\/p>\n","protected":false},"author":2,"featured_media":0,"parent":0,"menu_order":0,"comment_status":"closed","ping_status":"closed","template":"","meta":{"_et_pb_use_builder":"on","_et_pb_old_content":"","_et_gb_content_width":"","footnotes":""},"class_list":["post-810","page","type-page","status-publish","hentry"],"yoast_head":"<!-- This site is optimized with the Yoast SEO Premium plugin v21.8 (Yoast SEO v26.2) - https:\/\/yoast.com\/wordpress\/plugins\/seo\/ -->\n<title>Contacte - Laboratorio Arago<\/title>\n<meta name=\"robots\" content=\"index, follow, max-snippet:-1, max-image-preview:large, max-video-preview:-1\" \/>\n<link rel=\"canonical\" href=\"https:\/\/laboratorioarago.com\/ca\/contacte\/\" \/>\n<meta property=\"og:locale\" content=\"ca_ES\" \/>\n<meta property=\"og:type\" content=\"article\" \/>\n<meta property=\"og:title\" content=\"Contacte\" \/>\n<meta property=\"og:description\" content=\"Contacti amb nosaltres El nostre equip comercial li ampliara\u0300 qualsevol informacio\u0301 sobre els nostres productes o serveisOficines centrals: Salvador Mund\u00ed , 1108017 BARCELONAESPAYA+34 932 042 212+34 932 042 212Email departaments: PedidosExportaci\u00f3nConcursosContabilidadInfo GeneralComprasF\u00e0brica: Ctra. Granollers a CardedeuKm 3508520 LES FRANQUESES DEL VALL\u00c9S-BARCELONAESPAYA+34 938 615 111Laboratorio Arago | Cat\u00e0leg HumanaEl nostre equip comercial, sempre aprop del cirurgia\u0300, [&hellip;]\" \/>\n<meta property=\"og:url\" content=\"https:\/\/laboratorioarago.com\/ca\/contacte\/\" \/>\n<meta property=\"og:site_name\" content=\"Laboratorio Arago\" \/>\n<meta property=\"article:modified_time\" content=\"2022-09-20T06:38:17+00:00\" \/>\n<meta name=\"twitter:card\" content=\"summary_large_image\" \/>\n<meta name=\"twitter:label1\" content=\"Temps estimat de lectura\" \/>\n\t<meta name=\"twitter:data1\" content=\"5 minuts\" \/>\n<script type=\"application\/ld+json\" class=\"yoast-schema-graph\">{\"@context\":\"https:\/\/schema.org\",\"@graph\":[{\"@type\":\"WebPage\",\"@id\":\"https:\/\/laboratorioarago.com\/ca\/contacte\/\",\"url\":\"https:\/\/laboratorioarago.com\/ca\/contacte\/\",\"name\":\"Contacte - Laboratorio Arago\",\"isPartOf\":{\"@id\":\"https:\/\/laboratorioarago.com\/#website\"},\"datePublished\":\"2021-11-27T17:34:11+00:00\",\"dateModified\":\"2022-09-20T06:38:17+00:00\",\"breadcrumb\":{\"@id\":\"https:\/\/laboratorioarago.com\/ca\/contacte\/#breadcrumb\"},\"inLanguage\":\"ca\",\"potentialAction\":[{\"@type\":\"ReadAction\",\"target\":[\"https:\/\/laboratorioarago.com\/ca\/contacte\/\"]}]},{\"@type\":\"BreadcrumbList\",\"@id\":\"https:\/\/laboratorioarago.com\/ca\/contacte\/#breadcrumb\",\"itemListElement\":[{\"@type\":\"ListItem\",\"position\":1,\"name\":\"Portada\",\"item\":\"https:\/\/laboratorioarago.com\/ca\/home\/\"},{\"@type\":\"ListItem\",\"position\":2,\"name\":\"Contacte\"}]},{\"@type\":\"WebSite\",\"@id\":\"https:\/\/laboratorioarago.com\/#website\",\"url\":\"https:\/\/laboratorioarago.com\/\",\"name\":\"Laboratorio Arago\",\"description\":\"Referente en la fabricaci\u00f3n de suturas para los profesionales de la cirug\u00eda.\",\"publisher\":{\"@id\":\"https:\/\/laboratorioarago.com\/#organization\"},\"potentialAction\":[{\"@type\":\"SearchAction\",\"target\":{\"@type\":\"EntryPoint\",\"urlTemplate\":\"https:\/\/laboratorioarago.com\/?s={search_term_string}\"},\"query-input\":{\"@type\":\"PropertyValueSpecification\",\"valueRequired\":true,\"valueName\":\"search_term_string\"}}],\"inLanguage\":\"ca\"},{\"@type\":\"Organization\",\"@id\":\"https:\/\/laboratorioarago.com\/#organization\",\"name\":\"Laboratorio Arago\",\"url\":\"https:\/\/laboratorioarago.com\/\",\"logo\":{\"@type\":\"ImageObject\",\"inLanguage\":\"ca\",\"@id\":\"https:\/\/laboratorioarago.com\/#\/schema\/logo\/image\/\",\"url\":\"https:\/\/laboratorioarago.com\/wp-content\/uploads\/2021\/11\/arago-136x441-1.png\",\"contentUrl\":\"https:\/\/laboratorioarago.com\/wp-content\/uploads\/2021\/11\/arago-136x441-1.png\",\"width\":136,\"height\":44,\"caption\":\"Laboratorio Arago\"},\"image\":{\"@id\":\"https:\/\/laboratorioarago.com\/#\/schema\/logo\/image\/\"}}]}<\/script>\n<!-- \/ Yoast SEO Premium plugin. -->","yoast_head_json":{"title":"Contacte - Laboratorio Arago","robots":{"index":"index","follow":"follow","max-snippet":"max-snippet:-1","max-image-preview":"max-image-preview:large","max-video-preview":"max-video-preview:-1"},"canonical":"https:\/\/laboratorioarago.com\/ca\/contacte\/","og_locale":"ca_ES","og_type":"article","og_title":"Contacte","og_description":"Contacti amb nosaltres El nostre equip comercial li ampliara\u0300 qualsevol informacio\u0301 sobre els nostres productes o serveisOficines centrals: Salvador Mund\u00ed , 1108017 BARCELONAESPAYA+34 932 042 212+34 932 042 212Email departaments: PedidosExportaci\u00f3nConcursosContabilidadInfo GeneralComprasF\u00e0brica: Ctra. Granollers a CardedeuKm 3508520 LES FRANQUESES DEL VALL\u00c9S-BARCELONAESPAYA+34 938 615 111Laboratorio Arago | Cat\u00e0leg HumanaEl nostre equip comercial, sempre aprop del cirurgia\u0300, [&hellip;]","og_url":"https:\/\/laboratorioarago.com\/ca\/contacte\/","og_site_name":"Laboratorio Arago","article_modified_time":"2022-09-20T06:38:17+00:00","twitter_card":"summary_large_image","twitter_misc":{"Temps estimat de lectura":"5 minuts"},"schema":{"@context":"https:\/\/schema.org","@graph":[{"@type":"WebPage","@id":"https:\/\/laboratorioarago.com\/ca\/contacte\/","url":"https:\/\/laboratorioarago.com\/ca\/contacte\/","name":"Contacte - Laboratorio Arago","isPartOf":{"@id":"https:\/\/laboratorioarago.com\/#website"},"datePublished":"2021-11-27T17:34:11+00:00","dateModified":"2022-09-20T06:38:17+00:00","breadcrumb":{"@id":"https:\/\/laboratorioarago.com\/ca\/contacte\/#breadcrumb"},"inLanguage":"ca","potentialAction":[{"@type":"ReadAction","target":["https:\/\/laboratorioarago.com\/ca\/contacte\/"]}]},{"@type":"BreadcrumbList","@id":"https:\/\/laboratorioarago.com\/ca\/contacte\/#breadcrumb","itemListElement":[{"@type":"ListItem","position":1,"name":"Portada","item":"https:\/\/laboratorioarago.com\/ca\/home\/"},{"@type":"ListItem","position":2,"name":"Contacte"}]},{"@type":"WebSite","@id":"https:\/\/laboratorioarago.com\/#website","url":"https:\/\/laboratorioarago.com\/","name":"Laboratorio Arago","description":"Referente en la fabricaci\u00f3n de suturas para los profesionales de la cirug\u00eda.","publisher":{"@id":"https:\/\/laboratorioarago.com\/#organization"},"potentialAction":[{"@type":"SearchAction","target":{"@type":"EntryPoint","urlTemplate":"https:\/\/laboratorioarago.com\/?s={search_term_string}"},"query-input":{"@type":"PropertyValueSpecification","valueRequired":true,"valueName":"search_term_string"}}],"inLanguage":"ca"},{"@type":"Organization","@id":"https:\/\/laboratorioarago.com\/#organization","name":"Laboratorio Arago","url":"https:\/\/laboratorioarago.com\/","logo":{"@type":"ImageObject","inLanguage":"ca","@id":"https:\/\/laboratorioarago.com\/#\/schema\/logo\/image\/","url":"https:\/\/laboratorioarago.com\/wp-content\/uploads\/2021\/11\/arago-136x441-1.png","contentUrl":"https:\/\/laboratorioarago.com\/wp-content\/uploads\/2021\/11\/arago-136x441-1.png","width":136,"height":44,"caption":"Laboratorio Arago"},"image":{"@id":"https:\/\/laboratorioarago.com\/#\/schema\/logo\/image\/"}}]}},"_links":{"self":[{"href":"https:\/\/laboratorioarago.com\/ca\/wp-json\/wp\/v2\/pages\/810","targetHints":{"allow":["GET"]}}],"collection":[{"href":"https:\/\/laboratorioarago.com\/ca\/wp-json\/wp\/v2\/pages"}],"about":[{"href":"https:\/\/laboratorioarago.com\/ca\/wp-json\/wp\/v2\/types\/page"}],"author":[{"embeddable":true,"href":"https:\/\/laboratorioarago.com\/ca\/wp-json\/wp\/v2\/users\/2"}],"replies":[{"embeddable":true,"href":"https:\/\/laboratorioarago.com\/ca\/wp-json\/wp\/v2\/comments?post=810"}],"version-history":[{"count":0,"href":"https:\/\/laboratorioarago.com\/ca\/wp-json\/wp\/v2\/pages\/810\/revisions"}],"wp:attachment":[{"href":"https:\/\/laboratorioarago.com\/ca\/wp-json\/wp\/v2\/media?parent=810"}],"curies":[{"name":"wp","href":"https:\/\/api.w.org\/{rel}","templated":true}]}}