{"id":798,"date":"2021-12-06T10:34:02","date_gmt":"2021-12-06T10:34:02","guid":{"rendered":"http:\/\/laboratorioarago.com\/politica-calidad-medioambiente\/"},"modified":"2025-10-28T07:45:00","modified_gmt":"2025-10-28T06:45:00","slug":"politica-qualitat-medi-ambient","status":"publish","type":"page","link":"https:\/\/laboratorioarago.com\/ca\/politica-qualitat-medi-ambient\/","title":{"rendered":"Politica qualitat medi ambient"},"content":{"rendered":"<p>[et_pb_section fb_built=&#8221;1&#8243; _builder_version=&#8221;4.16&#8243; global_colors_info=&#8221;{}&#8221;][et_pb_row _builder_version=&#8221;4.16&#8243; background_size=&#8221;initial&#8221; background_position=&#8221;top_left&#8221; background_repeat=&#8221;repeat&#8221; global_colors_info=&#8221;{}&#8221;][et_pb_column type=&#8221;4_4&#8243; _builder_version=&#8221;4.16&#8243; custom_padding=&#8221;|||&#8221; global_colors_info=&#8221;{}&#8221; custom_padding__hover=&#8221;|||&#8221;][et_pb_text module_class=&#8221;fontlight&#8221; _builder_version=&#8221;4.23.4&#8243; header_font_size=&#8221;40px&#8221; header_2_font_size=&#8221;40px&#8221; background_size=&#8221;initial&#8221; background_position=&#8221;top_left&#8221; background_repeat=&#8221;repeat&#8221; max_width=&#8221;710px&#8221; module_alignment=&#8221;center&#8221; global_colors_info=&#8221;{}&#8221;]<\/p>\n<h1 style=\"text-align: center;\">Pol\u00edtica de qualitat i medi ambient<\/h1>\n<p data-start=\"90\" data-end=\"555\">\n<p data-start=\"90\" data-end=\"555\">El Comprom\u00eds de Laboratorio Arag\u00f3 S.L. \u00e9s el disseny, desenvolupament, producci\u00f3 de material de sutura i grapa i altre material de cura, importaci\u00f3 de guants est\u00e8rils i no est\u00e8rils, agrupaci\u00f3 de sistemes i kits per a procediments i la seva distribuci\u00f3, sota els m\u00e9s alts est\u00e0ndards de qualitat que satisfacin els requisits dels nostres clients aix\u00ed com els legals i reglamentaris, mitjan\u00e7ant el manteniment de l\u2019efic\u00e0cia del Sistema Integrat de Gesti\u00f3 implementat.<\/p>\n<p data-start=\"557\" data-end=\"729\">\u00c9s responsabilitat de l\u2019Alta Direcci\u00f3 aconseguir aquest objectiu, que \u00e9s possible tamb\u00e9 pel comprom\u00eds i la participaci\u00f3, a tots els nivells, del personal de l\u2019organitzaci\u00f3.<\/p>\n<p data-start=\"731\" data-end=\"867\">Laboratorio Arag\u00f3 S.L. est\u00e0 Certificada sota els requisits de les Normes internacionals que compten amb reconeixement a nivell mundial:<\/p>\n<ul data-start=\"868\" data-end=\"1042\">\n<li data-start=\"868\" data-end=\"946\">\n<p data-start=\"870\" data-end=\"946\"><strong>UNE-EN ISO 13485:2018<\/strong> Productes Sanitaris. Sistemes de gesti\u00f3 de la qualitat<\/p>\n<\/li>\n<li data-start=\"947\" data-end=\"996\">\n<p data-start=\"949\" data-end=\"996\"><strong>ISO 9001:2015<\/strong> Sistemes de gesti\u00f3 de la qualitat<\/p>\n<\/li>\n<li data-start=\"997\" data-end=\"1042\">\n<p data-start=\"999\" data-end=\"1042\"><strong>ISO 14001:2015<\/strong> Sistemes de gesti\u00f3 ambiental<\/p>\n<\/li>\n<\/ul>\n<p data-start=\"1044\" data-end=\"1588\">Disposa de productes certificats sota Reglament (UE) 2017\/745 del Parlament Europeu i del Consell, de 5 d\u2019abril de 2017 i productes certificats sota Directiva 93\/42\/CEE complint les condicions per a la pr\u00f2rroga legal de validesa exigides a l\u2019article 120.2 del MDR i el Reglament (UE) 2023\/607. Aquests certificats asseguren el Sistema de Disseny, Fabricaci\u00f3 i Comercialitzaci\u00f3 dels Productes. Totes les sutures quir\u00fargiques fabricades i\/o agrupades per Laboratorio Arag\u00f3n S.L. compleixen amb els est\u00e0ndards de la<strong> Farmacopea Europea I Americana<\/strong>.<\/p>\n<p data-start=\"1590\" data-end=\"1961\">El comprom\u00eds de Laboratorio Arag\u00f3 S.L. va m\u00e9s enll\u00e0 de l\u2019adhesi\u00f3 a les normes reconegudes internacionalment i s\u2019est\u00e9n a l\u2019actitud de tota l\u2019empresa, ja que compta amb personal altament capacitat conscient en tot moment que els productes que es fabriquen s\u2019utilitzen per curar persones tant a nivell nacional com internacional. Per aix\u00f2 Laboratorio Arag\u00f3 es compromet a:<\/p>\n<ul data-start=\"1962\" data-end=\"2510\">\n<li data-start=\"1962\" data-end=\"2077\">\n<p data-start=\"1964\" data-end=\"2077\"><strong>millorar cont\u00ednuament<\/strong> el Sistema Integrat de Gesti\u00f3 per a la millora de la qualitat i de l\u2019acompliment ambiental.<\/p>\n<\/li>\n<li data-start=\"2078\" data-end=\"2269\">\n<p data-start=\"2080\" data-end=\"2269\"><strong>protegir el medi ambient<\/strong> establint les accions necess\u00e0ries per a prevenir la contaminaci\u00f3 que de la seva activitat pugui derivar, aix\u00ed com per a fer un \u00fas responsable dels recursos naturals<\/p>\n<\/li>\n<li data-start=\"2270\" data-end=\"2510\">\n<p data-start=\"2272\" data-end=\"2510\"><strong>facilitar i donar suport<\/strong> mitjan\u00e7ant l\u2019adequada comunicaci\u00f3 i formaci\u00f3, l\u2019aplicaci\u00f3 i comprensi\u00f3 del Sistema Integrat de Gesti\u00f3 a totes les persones de l\u2019organitzaci\u00f3 per a garantir que aquesta pol\u00edtica sigui entesa, executada i mantinguda<\/p>\n<\/li>\n<\/ul>\n<p data-start=\"2512\" data-end=\"2667\">Tot el personal de l\u2019Organitzaci\u00f3 mant\u00e9 una conducta respectuosa tant amb les normes como amb els valors \u00e8tics, definits a la Pol\u00edtica de Compliance Penal.<\/p>\n<p data-start=\"2512\" data-end=\"2667\">Aix\u00ed mateix, l\u2019Alta Direcci\u00f3 de l\u2019empresa estableix objectius de qualitat i medi ambient mesurables i coherents amb la pol\u00edtica de qualitat i medi ambient incloent aquells que s\u00f3n necessaris per a complir amb els requisits per al producte i aquells necessaris per a millorar l\u2019acompliment ambiental, els quals juntament amb aquesta pol\u00edtica s\u00f3n revisats i analitzats peri\u00f2dicament en la Revisi\u00f3 del Sistema Integrat de Gesti\u00f3.<\/p>\n<p data-start=\"2512\" data-end=\"2667\">\n<p>Barcelona, 10 de octubre de 2025<\/p>\n<p>Xavier Arag\u00f3 Fonts<br \/><strong>Director General Laboratorio Arag\u00f3 S.L.<\/strong><\/p>\n<p>[\/et_pb_text][\/et_pb_column][\/et_pb_row][\/et_pb_section]<\/p>\n","protected":false},"excerpt":{"rendered":"<p>Pol\u00edtica de qualitat i medi ambient El Comprom\u00eds de Laboratorio Arag\u00f3 S.L. \u00e9s el disseny, desenvolupament, producci\u00f3 de material de sutura i grapa i altre material de cura, importaci\u00f3 de guants est\u00e8rils i no est\u00e8rils, agrupaci\u00f3 de sistemes i kits per a procediments i la seva distribuci\u00f3, sota els m\u00e9s alts est\u00e0ndards de qualitat que [&hellip;]<\/p>\n","protected":false},"author":2,"featured_media":0,"parent":0,"menu_order":0,"comment_status":"closed","ping_status":"closed","template":"","meta":{"_et_pb_use_builder":"on","_et_pb_old_content":"<p>LABORATORIO ARAG\u00d3, S.L. da a conocer su<strong> Modelo de Prevenci\u00f3n de Delitos (MPD)<\/strong> que se ajusta a las exigencias legales en materia de responsabilidad penal corporativa, cuyo objetivo es prevenir que su estructura jur\u00eddica sea utilizada para cometer delitos y a la vez implementar un buen gobierno corporativo y una cultura de cumplimiento.<\/p><p>LABORATORIO ARAG\u00d3, S.L. ha procedido a la implementaci\u00f3n de un Modelo de Prevenci\u00f3n de Delitos \/ Compliance Penal de conformidad al art.31 bis del C\u00f3digo Penal.<\/p><p>En el a\u00f1o 2010, con la reforma del C\u00f3digo Penal, se introdujo en Espa\u00f1a la responsabilidad penal de las empresas. Posteriormente, en el a\u00f1o 2015 se estableci\u00f3 la necesidad de que las empresas cuenten con Modelos de organizaci\u00f3n y gesti\u00f3n para la prevenci\u00f3n de delitos (Modelos de Prevenci\u00f3n de Delitos).<\/p><p>Desde el a\u00f1o 2017 LABORATORIO ARAG\u00d3 se encuentra implementando y desarrollando una estructura interna para la prevenci\u00f3n de la comisi\u00f3n de delitos en el \u00e1mbito de la entidad.<\/p><p><strong>Alcance del MPD<\/strong><\/p><p>LABORATORIO ARAG\u00d3 ha procedido a la implementaci\u00f3n de una organizaci\u00f3n interna para la prevenci\u00f3n de delitos que se vertebra en:<\/p><p>1. An\u00e1lisis de riesgos penales.<\/p><p>2. Mapa de riesgos.<\/p><p>3. Implementaci\u00f3n de controles transversales para la prevenci\u00f3n, detecci\u00f3n y mitigaci\u00f3n de los riesgos.<\/p><p>4. Implementaci\u00f3n de controles espec\u00edficos para la prevenci\u00f3n, detecci\u00f3n y mitigaci\u00f3n de los riesgos.<\/p><p>5. Creaci\u00f3n de un Comit\u00e9 de Compliance.<\/p><p>6. Apertura de un Canal de Denuncias.<\/p><p>7. Auditor\u00edas internas.<\/p><p>8. Asesoramiento por experto externo.<\/p><p><strong>COMIT\u00c9 DE COMPLIANCE \/ COMPLIANCE OFFICER:<\/strong><\/p><p>Se ha procedido a la creaci\u00f3n de un COMIT\u00c9 DE COMPLIANCE de car\u00e1cter pluripersonal, compuesto por varios Compliance Officers.<\/p><p>El COMIT\u00c9 DE COMPLIANCE, es el \u00f3rgano encargado de velar por la coordinaci\u00f3n y supervisi\u00f3n del funcionamiento y cumplimiento del Modelo de Prevenci\u00f3n de Delitos implementado.<\/p><p>Sus funciones y responsabilidades se encuentran detalladas en el \u201cProtocolo Comit\u00e9 de Compliance y Canal \u00c9tico\u201d de la entidad.<\/p><p><strong>CANAL \u00c9TICO Y DE DENUNCIAS.<\/strong><\/p><p>LABORATORIO ARAG\u00d3 ha procedido a la creaci\u00f3n de un Canal \u00c9tico - de denuncias como medida de control de alto nivel, con la finalidad de que cualquier miembro directo (administradores, empleados, profesionales y directivos) o relacionado (colaboradores o proveedores) pueda comunicar cualquier indicio o sospecha de comisi\u00f3n de una conducta que pueda suponer:<\/p><p>\u2022 Incumplimiento de la normativa aplicable, protocolos, procedimientos, y controles internos<\/p><p>\u2022 Comisi\u00f3n de hechos que no se adecuen a los principios \u00e9ticos y a las buenas pr\u00e1cticas empresariales<\/p><p>\u2022 Comisi\u00f3n de hechos que pudieran ser delictivos.<\/p><p>El funcionamiento del canal de denuncias y la tramitaci\u00f3n de las mismas, se encuentra detallado en el \u201cProtocolo del Comit\u00e9 de Compliance y Canal \u00c9tico\u201d de la entidad.<\/p>","_et_gb_content_width":"","footnotes":""},"class_list":["post-798","page","type-page","status-publish","hentry"],"yoast_head":"<!-- This site is optimized with the Yoast SEO Premium plugin v21.8 (Yoast SEO v26.2) - https:\/\/yoast.com\/wordpress\/plugins\/seo\/ -->\n<title>Politica qualitat medi ambient - Laboratorio Arago<\/title>\n<meta name=\"robots\" content=\"index, follow, max-snippet:-1, max-image-preview:large, max-video-preview:-1\" \/>\n<link rel=\"canonical\" href=\"https:\/\/laboratorioarago.com\/ca\/politica-qualitat-medi-ambient\/\" \/>\n<meta property=\"og:locale\" content=\"ca_ES\" \/>\n<meta property=\"og:type\" content=\"article\" \/>\n<meta property=\"og:title\" content=\"Politica qualitat medi ambient\" \/>\n<meta property=\"og:description\" content=\"Pol\u00edtica de qualitat i medi ambient El Comprom\u00eds de Laboratorio Arag\u00f3 S.L. \u00e9s el disseny, desenvolupament, producci\u00f3 de material de sutura i grapa i altre material de cura, importaci\u00f3 de guants est\u00e8rils i no est\u00e8rils, agrupaci\u00f3 de sistemes i kits per a procediments i la seva distribuci\u00f3, sota els m\u00e9s alts est\u00e0ndards de qualitat que [&hellip;]\" \/>\n<meta property=\"og:url\" content=\"https:\/\/laboratorioarago.com\/ca\/politica-qualitat-medi-ambient\/\" \/>\n<meta property=\"og:site_name\" content=\"Laboratorio Arago\" \/>\n<meta property=\"article:modified_time\" content=\"2025-10-28T06:45:00+00:00\" \/>\n<meta name=\"twitter:card\" content=\"summary_large_image\" \/>\n<meta name=\"twitter:label1\" content=\"Temps estimat de lectura\" \/>\n\t<meta name=\"twitter:data1\" content=\"2 minuts\" \/>\n<script type=\"application\/ld+json\" class=\"yoast-schema-graph\">{\"@context\":\"https:\/\/schema.org\",\"@graph\":[{\"@type\":\"WebPage\",\"@id\":\"https:\/\/laboratorioarago.com\/ca\/politica-qualitat-medi-ambient\/\",\"url\":\"https:\/\/laboratorioarago.com\/ca\/politica-qualitat-medi-ambient\/\",\"name\":\"Politica qualitat medi ambient - Laboratorio Arago\",\"isPartOf\":{\"@id\":\"https:\/\/laboratorioarago.com\/#website\"},\"datePublished\":\"2021-12-06T10:34:02+00:00\",\"dateModified\":\"2025-10-28T06:45:00+00:00\",\"breadcrumb\":{\"@id\":\"https:\/\/laboratorioarago.com\/ca\/politica-qualitat-medi-ambient\/#breadcrumb\"},\"inLanguage\":\"ca\",\"potentialAction\":[{\"@type\":\"ReadAction\",\"target\":[\"https:\/\/laboratorioarago.com\/ca\/politica-qualitat-medi-ambient\/\"]}]},{\"@type\":\"BreadcrumbList\",\"@id\":\"https:\/\/laboratorioarago.com\/ca\/politica-qualitat-medi-ambient\/#breadcrumb\",\"itemListElement\":[{\"@type\":\"ListItem\",\"position\":1,\"name\":\"Portada\",\"item\":\"https:\/\/laboratorioarago.com\/ca\/home\/\"},{\"@type\":\"ListItem\",\"position\":2,\"name\":\"Politica qualitat medi ambient\"}]},{\"@type\":\"WebSite\",\"@id\":\"https:\/\/laboratorioarago.com\/#website\",\"url\":\"https:\/\/laboratorioarago.com\/\",\"name\":\"Laboratorio Arago\",\"description\":\"Referente en la fabricaci\u00f3n de suturas para los profesionales de la cirug\u00eda.\",\"publisher\":{\"@id\":\"https:\/\/laboratorioarago.com\/#organization\"},\"potentialAction\":[{\"@type\":\"SearchAction\",\"target\":{\"@type\":\"EntryPoint\",\"urlTemplate\":\"https:\/\/laboratorioarago.com\/?s={search_term_string}\"},\"query-input\":{\"@type\":\"PropertyValueSpecification\",\"valueRequired\":true,\"valueName\":\"search_term_string\"}}],\"inLanguage\":\"ca\"},{\"@type\":\"Organization\",\"@id\":\"https:\/\/laboratorioarago.com\/#organization\",\"name\":\"Laboratorio Arago\",\"url\":\"https:\/\/laboratorioarago.com\/\",\"logo\":{\"@type\":\"ImageObject\",\"inLanguage\":\"ca\",\"@id\":\"https:\/\/laboratorioarago.com\/#\/schema\/logo\/image\/\",\"url\":\"https:\/\/laboratorioarago.com\/wp-content\/uploads\/2021\/11\/arago-136x441-1.png\",\"contentUrl\":\"https:\/\/laboratorioarago.com\/wp-content\/uploads\/2021\/11\/arago-136x441-1.png\",\"width\":136,\"height\":44,\"caption\":\"Laboratorio Arago\"},\"image\":{\"@id\":\"https:\/\/laboratorioarago.com\/#\/schema\/logo\/image\/\"}}]}<\/script>\n<!-- \/ Yoast SEO Premium plugin. -->","yoast_head_json":{"title":"Politica qualitat medi ambient - Laboratorio Arago","robots":{"index":"index","follow":"follow","max-snippet":"max-snippet:-1","max-image-preview":"max-image-preview:large","max-video-preview":"max-video-preview:-1"},"canonical":"https:\/\/laboratorioarago.com\/ca\/politica-qualitat-medi-ambient\/","og_locale":"ca_ES","og_type":"article","og_title":"Politica qualitat medi ambient","og_description":"Pol\u00edtica de qualitat i medi ambient El Comprom\u00eds de Laboratorio Arag\u00f3 S.L. \u00e9s el disseny, desenvolupament, producci\u00f3 de material de sutura i grapa i altre material de cura, importaci\u00f3 de guants est\u00e8rils i no est\u00e8rils, agrupaci\u00f3 de sistemes i kits per a procediments i la seva distribuci\u00f3, sota els m\u00e9s alts est\u00e0ndards de qualitat que [&hellip;]","og_url":"https:\/\/laboratorioarago.com\/ca\/politica-qualitat-medi-ambient\/","og_site_name":"Laboratorio Arago","article_modified_time":"2025-10-28T06:45:00+00:00","twitter_card":"summary_large_image","twitter_misc":{"Temps estimat de lectura":"2 minuts"},"schema":{"@context":"https:\/\/schema.org","@graph":[{"@type":"WebPage","@id":"https:\/\/laboratorioarago.com\/ca\/politica-qualitat-medi-ambient\/","url":"https:\/\/laboratorioarago.com\/ca\/politica-qualitat-medi-ambient\/","name":"Politica qualitat medi ambient - Laboratorio Arago","isPartOf":{"@id":"https:\/\/laboratorioarago.com\/#website"},"datePublished":"2021-12-06T10:34:02+00:00","dateModified":"2025-10-28T06:45:00+00:00","breadcrumb":{"@id":"https:\/\/laboratorioarago.com\/ca\/politica-qualitat-medi-ambient\/#breadcrumb"},"inLanguage":"ca","potentialAction":[{"@type":"ReadAction","target":["https:\/\/laboratorioarago.com\/ca\/politica-qualitat-medi-ambient\/"]}]},{"@type":"BreadcrumbList","@id":"https:\/\/laboratorioarago.com\/ca\/politica-qualitat-medi-ambient\/#breadcrumb","itemListElement":[{"@type":"ListItem","position":1,"name":"Portada","item":"https:\/\/laboratorioarago.com\/ca\/home\/"},{"@type":"ListItem","position":2,"name":"Politica qualitat medi ambient"}]},{"@type":"WebSite","@id":"https:\/\/laboratorioarago.com\/#website","url":"https:\/\/laboratorioarago.com\/","name":"Laboratorio Arago","description":"Referente en la fabricaci\u00f3n de suturas para los profesionales de la cirug\u00eda.","publisher":{"@id":"https:\/\/laboratorioarago.com\/#organization"},"potentialAction":[{"@type":"SearchAction","target":{"@type":"EntryPoint","urlTemplate":"https:\/\/laboratorioarago.com\/?s={search_term_string}"},"query-input":{"@type":"PropertyValueSpecification","valueRequired":true,"valueName":"search_term_string"}}],"inLanguage":"ca"},{"@type":"Organization","@id":"https:\/\/laboratorioarago.com\/#organization","name":"Laboratorio Arago","url":"https:\/\/laboratorioarago.com\/","logo":{"@type":"ImageObject","inLanguage":"ca","@id":"https:\/\/laboratorioarago.com\/#\/schema\/logo\/image\/","url":"https:\/\/laboratorioarago.com\/wp-content\/uploads\/2021\/11\/arago-136x441-1.png","contentUrl":"https:\/\/laboratorioarago.com\/wp-content\/uploads\/2021\/11\/arago-136x441-1.png","width":136,"height":44,"caption":"Laboratorio Arago"},"image":{"@id":"https:\/\/laboratorioarago.com\/#\/schema\/logo\/image\/"}}]}},"_links":{"self":[{"href":"https:\/\/laboratorioarago.com\/ca\/wp-json\/wp\/v2\/pages\/798","targetHints":{"allow":["GET"]}}],"collection":[{"href":"https:\/\/laboratorioarago.com\/ca\/wp-json\/wp\/v2\/pages"}],"about":[{"href":"https:\/\/laboratorioarago.com\/ca\/wp-json\/wp\/v2\/types\/page"}],"author":[{"embeddable":true,"href":"https:\/\/laboratorioarago.com\/ca\/wp-json\/wp\/v2\/users\/2"}],"replies":[{"embeddable":true,"href":"https:\/\/laboratorioarago.com\/ca\/wp-json\/wp\/v2\/comments?post=798"}],"version-history":[{"count":0,"href":"https:\/\/laboratorioarago.com\/ca\/wp-json\/wp\/v2\/pages\/798\/revisions"}],"wp:attachment":[{"href":"https:\/\/laboratorioarago.com\/ca\/wp-json\/wp\/v2\/media?parent=798"}],"curies":[{"name":"wp","href":"https:\/\/api.w.org\/{rel}","templated":true}]}}