{"id":786,"date":"2022-01-06T16:25:58","date_gmt":"2022-01-06T15:25:58","guid":{"rendered":"http:\/\/laboratorioarago.com\/?page_id=786"},"modified":"2022-04-13T08:09:30","modified_gmt":"2022-04-13T06:09:30","slug":"compliance","status":"publish","type":"page","link":"https:\/\/laboratorioarago.com\/ca\/compliance\/","title":{"rendered":"Compliance"},"content":{"rendered":"<p>[et_pb_section fb_built=&#8221;1&#8243; _builder_version=&#8221;3.22&#8243; global_colors_info=&#8221;{}&#8221;][et_pb_row _builder_version=&#8221;3.25&#8243; background_size=&#8221;initial&#8221; background_position=&#8221;top_left&#8221; background_repeat=&#8221;repeat&#8221; global_colors_info=&#8221;{}&#8221;][et_pb_column type=&#8221;4_4&#8243; _builder_version=&#8221;3.25&#8243; custom_padding=&#8221;|||&#8221; global_colors_info=&#8221;{}&#8221; custom_padding__hover=&#8221;|||&#8221;][et_pb_text module_class=&#8221;fontlight&#8221; _builder_version=&#8221;4.14.1&#8243; header_font_size=&#8221;40px&#8221; header_2_font_size=&#8221;40px&#8221; background_size=&#8221;initial&#8221; background_position=&#8221;top_left&#8221; background_repeat=&#8221;repeat&#8221; max_width=&#8221;710px&#8221; module_alignment=&#8221;center&#8221; hover_enabled=&#8221;0&#8243; global_colors_info=&#8221;{}&#8221; sticky_enabled=&#8221;0&#8243;]<\/p>\n<h2 class=\"align-center pb-3 mbr-fonts-style display-2\" style=\"text-align: center;\">Model de Prevenci\u00f3 de Delictes (MPD)<\/h2>\n<p>&nbsp;<\/p>\n<p>LABORATORIO ARAG\u00d3, S.L. d\u00f3na a con\u00e8ixer el seu\u00a0Model de Prevenci\u00f3 de Delictes (MPD)\u00a0que s\u2019ajusta a les exig\u00e8ncies legals en mat\u00e8ria de responsabilitat penal corporativa, l\u2019objectiu del qual \u00e9s prevenir que la seva estructura jur\u00eddica sigui utilitzada per cometre delictes i alhora implementar un bon govern corporatiu i una cultura de compliment.<\/p>\n<p>LABORATORIO ARAG\u00d3, S.L. ha procedit a la implementaci\u00f3 d\u2019 un Model de Prevenci\u00f3 de Delictes \/Compliance Penal de conformitat amb l\u2019art.31 bis del Codi Penal.<br \/>L\u2019any 2010, amb la reforma del Codi Penal, es va se introduir a Espanya la responsabilitat penal de les empreses. Posteriorment, a l\u2019any 2015 es va establir la necessitat que les empreses comptin amb Models d\u2019organitzaci\u00f3 i gesti\u00f3 per a la prevenci\u00f3 de delictes (Models de Prevenci\u00f3 de Delictes).<\/p>\n<p>Des de l\u2019any 2017 LABORATORIO ARAG\u00d3 es troba implementant i desenvolupant una estructura interna per a la prevenci\u00f3 de la comissi\u00f3 de delictes a l\u2019\u00e0mbit de l\u2019entitat.<br \/>Abast del MPD<\/p>\n<p>LABORATORIO ARAG\u00d3 ha procedit a la implementaci\u00f3 d\u2019una organitzaci\u00f3 interna per a la prevenci\u00f3 de delictes que es vertebra en:<\/p>\n<p>1. An\u00e0lisi de riscos penals<br \/>2. Mapa de riscos<br \/>3. Implementaci\u00f3 de controls transversals per a la prevenci\u00f3, detecci\u00f3 i mitigaci\u00f3 dels riscos<br \/>4. Implementaci\u00f3 de controls espec\u00edfics per a la prevenci\u00f3, detecci\u00f3 i mitigaci\u00f3 dels riscos<br \/>5. Creaci\u00f3 d\u2019un Comit\u00e8 de Compliance<br \/>6. Obertura d\u2019un Canal de Den\u00fancies<br \/>7. Auditories internes<br \/>8. Assessorament per expert extern<\/p>\n<p>[\/et_pb_text][\/et_pb_column][\/et_pb_row][\/et_pb_section]<\/p>\n","protected":false},"excerpt":{"rendered":"<p>Model de Prevenci\u00f3 de Delictes (MPD) &nbsp; LABORATORIO ARAG\u00d3, S.L. d\u00f3na a con\u00e8ixer el seu\u00a0Model de Prevenci\u00f3 de Delictes (MPD)\u00a0que s\u2019ajusta a les exig\u00e8ncies legals en mat\u00e8ria de responsabilitat penal corporativa, l\u2019objectiu del qual \u00e9s prevenir que la seva estructura jur\u00eddica sigui utilitzada per cometre delictes i alhora implementar un bon govern corporatiu i una [&hellip;]<\/p>\n","protected":false},"author":2,"featured_media":0,"parent":0,"menu_order":0,"comment_status":"closed","ping_status":"closed","template":"","meta":{"_et_pb_use_builder":"on","_et_pb_old_content":"<p>LABORATORIO ARAG\u00d3, S.L. da a conocer su<strong> Modelo de Prevenci\u00f3n de Delitos (MPD)<\/strong> que se ajusta a las exigencias legales en materia de responsabilidad penal corporativa, cuyo objetivo es prevenir que su estructura jur\u00eddica sea utilizada para cometer delitos y a la vez implementar un buen gobierno corporativo y una cultura de cumplimiento.<\/p><p>LABORATORIO ARAG\u00d3, S.L. ha procedido a la implementaci\u00f3n de un Modelo de Prevenci\u00f3n de Delitos \/ Compliance Penal de conformidad al art.31 bis del C\u00f3digo Penal.<\/p><p>En el a\u00f1o 2010, con la reforma del C\u00f3digo Penal, se introdujo en Espa\u00f1a la responsabilidad penal de las empresas. Posteriormente, en el a\u00f1o 2015 se estableci\u00f3 la necesidad de que las empresas cuenten con Modelos de organizaci\u00f3n y gesti\u00f3n para la prevenci\u00f3n de delitos (Modelos de Prevenci\u00f3n de Delitos).<\/p><p>Desde el a\u00f1o 2017 LABORATORIO ARAG\u00d3 se encuentra implementando y desarrollando una estructura interna para la prevenci\u00f3n de la comisi\u00f3n de delitos en el \u00e1mbito de la entidad.<\/p><p><strong>Alcance del MPD<\/strong><\/p><p>LABORATORIO ARAG\u00d3 ha procedido a la implementaci\u00f3n de una organizaci\u00f3n interna para la prevenci\u00f3n de delitos que se vertebra en:<\/p><p>1. An\u00e1lisis de riesgos penales.<\/p><p>2. Mapa de riesgos.<\/p><p>3. Implementaci\u00f3n de controles transversales para la prevenci\u00f3n, detecci\u00f3n y mitigaci\u00f3n de los riesgos.<\/p><p>4. Implementaci\u00f3n de controles espec\u00edficos para la prevenci\u00f3n, detecci\u00f3n y mitigaci\u00f3n de los riesgos.<\/p><p>5. Creaci\u00f3n de un Comit\u00e9 de Compliance.<\/p><p>6. Apertura de un Canal de Denuncias.<\/p><p>7. Auditor\u00edas internas.<\/p><p>8. Asesoramiento por experto externo.<\/p><p><strong>COMIT\u00c9 DE COMPLIANCE \/ COMPLIANCE OFFICER:<\/strong><\/p><p>Se ha procedido a la creaci\u00f3n de un COMIT\u00c9 DE COMPLIANCE de car\u00e1cter pluripersonal, compuesto por varios Compliance Officers.<\/p><p>El COMIT\u00c9 DE COMPLIANCE, es el \u00f3rgano encargado de velar por la coordinaci\u00f3n y supervisi\u00f3n del funcionamiento y cumplimiento del Modelo de Prevenci\u00f3n de Delitos implementado.<\/p><p>Sus funciones y responsabilidades se encuentran detalladas en el \u201cProtocolo Comit\u00e9 de Compliance y Canal \u00c9tico\u201d de la entidad.<\/p><p><strong>CANAL \u00c9TICO Y DE DENUNCIAS.<\/strong><\/p><p>LABORATORIO ARAG\u00d3 ha procedido a la creaci\u00f3n de un Canal \u00c9tico - de denuncias como medida de control de alto nivel, con la finalidad de que cualquier miembro directo (administradores, empleados, profesionales y directivos) o relacionado (colaboradores o proveedores) pueda comunicar cualquier indicio o sospecha de comisi\u00f3n de una conducta que pueda suponer:<\/p><p>\u2022 Incumplimiento de la normativa aplicable, protocolos, procedimientos, y controles internos<\/p><p>\u2022 Comisi\u00f3n de hechos que no se adecuen a los principios \u00e9ticos y a las buenas pr\u00e1cticas empresariales<\/p><p>\u2022 Comisi\u00f3n de hechos que pudieran ser delictivos.<\/p><p>El funcionamiento del canal de denuncias y la tramitaci\u00f3n de las mismas, se encuentra detallado en el \u201cProtocolo del Comit\u00e9 de Compliance y Canal \u00c9tico\u201d de la entidad.<\/p>","_et_gb_content_width":"","footnotes":""},"class_list":["post-786","page","type-page","status-publish","hentry"],"yoast_head":"<!-- This site is optimized with the Yoast SEO Premium plugin v21.8 (Yoast SEO v26.2) - https:\/\/yoast.com\/wordpress\/plugins\/seo\/ -->\n<title>Compliance - Laboratorio Arago<\/title>\n<meta name=\"robots\" content=\"index, follow, max-snippet:-1, max-image-preview:large, max-video-preview:-1\" \/>\n<link rel=\"canonical\" href=\"https:\/\/laboratorioarago.com\/ca\/compliance\/\" \/>\n<meta property=\"og:locale\" content=\"ca_ES\" \/>\n<meta property=\"og:type\" content=\"article\" \/>\n<meta property=\"og:title\" content=\"Compliance\" \/>\n<meta property=\"og:description\" content=\"Model de Prevenci\u00f3 de Delictes (MPD) &nbsp; LABORATORIO ARAG\u00d3, S.L. d\u00f3na a con\u00e8ixer el seu\u00a0Model de Prevenci\u00f3 de Delictes (MPD)\u00a0que s\u2019ajusta a les exig\u00e8ncies legals en mat\u00e8ria de responsabilitat penal corporativa, l\u2019objectiu del qual \u00e9s prevenir que la seva estructura jur\u00eddica sigui utilitzada per cometre delictes i alhora implementar un bon govern corporatiu i una [&hellip;]\" \/>\n<meta property=\"og:url\" content=\"https:\/\/laboratorioarago.com\/ca\/compliance\/\" \/>\n<meta property=\"og:site_name\" content=\"Laboratorio Arago\" \/>\n<meta property=\"article:modified_time\" content=\"2022-04-13T06:09:30+00:00\" \/>\n<meta name=\"twitter:card\" content=\"summary_large_image\" \/>\n<meta name=\"twitter:label1\" content=\"Temps estimat de lectura\" \/>\n\t<meta name=\"twitter:data1\" content=\"2 minuts\" \/>\n<script type=\"application\/ld+json\" class=\"yoast-schema-graph\">{\"@context\":\"https:\/\/schema.org\",\"@graph\":[{\"@type\":\"WebPage\",\"@id\":\"https:\/\/laboratorioarago.com\/ca\/compliance\/\",\"url\":\"https:\/\/laboratorioarago.com\/ca\/compliance\/\",\"name\":\"Compliance - Laboratorio Arago\",\"isPartOf\":{\"@id\":\"https:\/\/laboratorioarago.com\/#website\"},\"datePublished\":\"2022-01-06T15:25:58+00:00\",\"dateModified\":\"2022-04-13T06:09:30+00:00\",\"breadcrumb\":{\"@id\":\"https:\/\/laboratorioarago.com\/ca\/compliance\/#breadcrumb\"},\"inLanguage\":\"ca\",\"potentialAction\":[{\"@type\":\"ReadAction\",\"target\":[\"https:\/\/laboratorioarago.com\/ca\/compliance\/\"]}]},{\"@type\":\"BreadcrumbList\",\"@id\":\"https:\/\/laboratorioarago.com\/ca\/compliance\/#breadcrumb\",\"itemListElement\":[{\"@type\":\"ListItem\",\"position\":1,\"name\":\"Portada\",\"item\":\"https:\/\/laboratorioarago.com\/ca\/home\/\"},{\"@type\":\"ListItem\",\"position\":2,\"name\":\"Compliance\"}]},{\"@type\":\"WebSite\",\"@id\":\"https:\/\/laboratorioarago.com\/#website\",\"url\":\"https:\/\/laboratorioarago.com\/\",\"name\":\"Laboratorio Arago\",\"description\":\"Referente en la fabricaci\u00f3n de suturas para los profesionales de la cirug\u00eda.\",\"publisher\":{\"@id\":\"https:\/\/laboratorioarago.com\/#organization\"},\"potentialAction\":[{\"@type\":\"SearchAction\",\"target\":{\"@type\":\"EntryPoint\",\"urlTemplate\":\"https:\/\/laboratorioarago.com\/?s={search_term_string}\"},\"query-input\":{\"@type\":\"PropertyValueSpecification\",\"valueRequired\":true,\"valueName\":\"search_term_string\"}}],\"inLanguage\":\"ca\"},{\"@type\":\"Organization\",\"@id\":\"https:\/\/laboratorioarago.com\/#organization\",\"name\":\"Laboratorio Arago\",\"url\":\"https:\/\/laboratorioarago.com\/\",\"logo\":{\"@type\":\"ImageObject\",\"inLanguage\":\"ca\",\"@id\":\"https:\/\/laboratorioarago.com\/#\/schema\/logo\/image\/\",\"url\":\"https:\/\/laboratorioarago.com\/wp-content\/uploads\/2021\/11\/arago-136x441-1.png\",\"contentUrl\":\"https:\/\/laboratorioarago.com\/wp-content\/uploads\/2021\/11\/arago-136x441-1.png\",\"width\":136,\"height\":44,\"caption\":\"Laboratorio Arago\"},\"image\":{\"@id\":\"https:\/\/laboratorioarago.com\/#\/schema\/logo\/image\/\"}}]}<\/script>\n<!-- \/ Yoast SEO Premium plugin. -->","yoast_head_json":{"title":"Compliance - Laboratorio Arago","robots":{"index":"index","follow":"follow","max-snippet":"max-snippet:-1","max-image-preview":"max-image-preview:large","max-video-preview":"max-video-preview:-1"},"canonical":"https:\/\/laboratorioarago.com\/ca\/compliance\/","og_locale":"ca_ES","og_type":"article","og_title":"Compliance","og_description":"Model de Prevenci\u00f3 de Delictes (MPD) &nbsp; LABORATORIO ARAG\u00d3, S.L. d\u00f3na a con\u00e8ixer el seu\u00a0Model de Prevenci\u00f3 de Delictes (MPD)\u00a0que s\u2019ajusta a les exig\u00e8ncies legals en mat\u00e8ria de responsabilitat penal corporativa, l\u2019objectiu del qual \u00e9s prevenir que la seva estructura jur\u00eddica sigui utilitzada per cometre delictes i alhora implementar un bon govern corporatiu i una [&hellip;]","og_url":"https:\/\/laboratorioarago.com\/ca\/compliance\/","og_site_name":"Laboratorio Arago","article_modified_time":"2022-04-13T06:09:30+00:00","twitter_card":"summary_large_image","twitter_misc":{"Temps estimat de lectura":"2 minuts"},"schema":{"@context":"https:\/\/schema.org","@graph":[{"@type":"WebPage","@id":"https:\/\/laboratorioarago.com\/ca\/compliance\/","url":"https:\/\/laboratorioarago.com\/ca\/compliance\/","name":"Compliance - Laboratorio Arago","isPartOf":{"@id":"https:\/\/laboratorioarago.com\/#website"},"datePublished":"2022-01-06T15:25:58+00:00","dateModified":"2022-04-13T06:09:30+00:00","breadcrumb":{"@id":"https:\/\/laboratorioarago.com\/ca\/compliance\/#breadcrumb"},"inLanguage":"ca","potentialAction":[{"@type":"ReadAction","target":["https:\/\/laboratorioarago.com\/ca\/compliance\/"]}]},{"@type":"BreadcrumbList","@id":"https:\/\/laboratorioarago.com\/ca\/compliance\/#breadcrumb","itemListElement":[{"@type":"ListItem","position":1,"name":"Portada","item":"https:\/\/laboratorioarago.com\/ca\/home\/"},{"@type":"ListItem","position":2,"name":"Compliance"}]},{"@type":"WebSite","@id":"https:\/\/laboratorioarago.com\/#website","url":"https:\/\/laboratorioarago.com\/","name":"Laboratorio Arago","description":"Referente en la fabricaci\u00f3n de suturas para los profesionales de la cirug\u00eda.","publisher":{"@id":"https:\/\/laboratorioarago.com\/#organization"},"potentialAction":[{"@type":"SearchAction","target":{"@type":"EntryPoint","urlTemplate":"https:\/\/laboratorioarago.com\/?s={search_term_string}"},"query-input":{"@type":"PropertyValueSpecification","valueRequired":true,"valueName":"search_term_string"}}],"inLanguage":"ca"},{"@type":"Organization","@id":"https:\/\/laboratorioarago.com\/#organization","name":"Laboratorio Arago","url":"https:\/\/laboratorioarago.com\/","logo":{"@type":"ImageObject","inLanguage":"ca","@id":"https:\/\/laboratorioarago.com\/#\/schema\/logo\/image\/","url":"https:\/\/laboratorioarago.com\/wp-content\/uploads\/2021\/11\/arago-136x441-1.png","contentUrl":"https:\/\/laboratorioarago.com\/wp-content\/uploads\/2021\/11\/arago-136x441-1.png","width":136,"height":44,"caption":"Laboratorio Arago"},"image":{"@id":"https:\/\/laboratorioarago.com\/#\/schema\/logo\/image\/"}}]}},"_links":{"self":[{"href":"https:\/\/laboratorioarago.com\/ca\/wp-json\/wp\/v2\/pages\/786","targetHints":{"allow":["GET"]}}],"collection":[{"href":"https:\/\/laboratorioarago.com\/ca\/wp-json\/wp\/v2\/pages"}],"about":[{"href":"https:\/\/laboratorioarago.com\/ca\/wp-json\/wp\/v2\/types\/page"}],"author":[{"embeddable":true,"href":"https:\/\/laboratorioarago.com\/ca\/wp-json\/wp\/v2\/users\/2"}],"replies":[{"embeddable":true,"href":"https:\/\/laboratorioarago.com\/ca\/wp-json\/wp\/v2\/comments?post=786"}],"version-history":[{"count":0,"href":"https:\/\/laboratorioarago.com\/ca\/wp-json\/wp\/v2\/pages\/786\/revisions"}],"wp:attachment":[{"href":"https:\/\/laboratorioarago.com\/ca\/wp-json\/wp\/v2\/media?parent=786"}],"curies":[{"name":"wp","href":"https:\/\/api.w.org\/{rel}","templated":true}]}}