{"id":759,"date":"2021-11-27T15:57:46","date_gmt":"2021-11-27T15:57:46","guid":{"rendered":"http:\/\/laboratorioarago.com\/?page_id=759"},"modified":"2022-12-22T14:16:51","modified_gmt":"2022-12-22T13:16:51","slug":"home","status":"publish","type":"page","link":"https:\/\/laboratorioarago.com\/ca\/","title":{"rendered":"Inici"},"content":{"rendered":"<p>[et_pb_section fb_built=&#8221;1&#8243; module_id=&#8221;videohomenew stop_bg_video&#8221; module_class=&#8221;videohomenew stop_bg_video&#8221; _builder_version=&#8221;4.14.1&#8243; _module_preset=&#8221;default&#8221; background_video_mp4=&#8221;https:\/\/laboratorioarago.com\/wp-content\/uploads\/2022\/03\/no-text.mp4&#8243; width=&#8221;100%&#8221; max_width=&#8221;100%&#8221; min_height=&#8221;100vh&#8221; global_colors_info=&#8221;{}&#8221;][et_pb_row _builder_version=&#8221;4.14.1&#8243; _module_preset=&#8221;default&#8221; global_colors_info=&#8221;{}&#8221;][et_pb_column type=&#8221;4_4&#8243; _builder_version=&#8221;4.14.1&#8243; _module_preset=&#8221;default&#8221; global_colors_info=&#8221;{}&#8221;][et_pb_code _builder_version=&#8221;4.14.1&#8243; _module_preset=&#8221;default&#8221; custom_padding=&#8221;||210px|||&#8221; custom_padding_tablet=&#8221;||50px||false|false&#8221; custom_padding_phone=&#8221;||10px||false|false&#8221; custom_padding_last_edited=&#8221;on|phone&#8221; global_colors_info=&#8221;{}&#8221;]<\/p>\n<div class=\"\"> <\/div>\n<p><!-- [et_pb_line_break_holder] --><!-- [et_pb_line_break_holder] --><script type=\"text\/javascript\"><!-- [et_pb_line_break_holder] -->  jQuery(function($){<!-- [et_pb_line_break_holder] -->    $(\".show-2\").hide();<!-- [et_pb_line_break_holder] -->  \t$(\".show-3\").hide();<!-- [et_pb_line_break_holder] -->  \t$(\".videocolumnas\").hide();<!-- [et_pb_line_break_holder] -->  timerId = setTimeout(function() {<!-- [et_pb_line_break_holder] -->    $('.show-1').hide();},<!-- [et_pb_line_break_holder] -->  4000); <!-- [et_pb_line_break_holder] -->  timerId = setTimeout(function() {<!-- [et_pb_line_break_holder] -->    $('.show-2').show();},<!-- [et_pb_line_break_holder] -->  4000); <!-- [et_pb_line_break_holder] -->  setTimeout(function() {<!-- [et_pb_line_break_holder] -->    $('.show-2').hide();},<!-- [et_pb_line_break_holder] -->  8000); <!-- [et_pb_line_break_holder] -->  setTimeout(function() {<!-- [et_pb_line_break_holder] -->    $('.show-3').show();},<!-- [et_pb_line_break_holder] -->  8000); <!-- [et_pb_line_break_holder] -->  setTimeout(function() {<!-- [et_pb_line_break_holder] -->    $('.videocolumnas').show();},<!-- [et_pb_line_break_holder] -->  8000); <!-- [et_pb_line_break_holder] -->  setTimeout(function() {<!-- [et_pb_line_break_holder] -->    $('.saltarintro').hide();},<!-- [et_pb_line_break_holder] -->  8000); <!-- [et_pb_line_break_holder] -->});<!-- [et_pb_line_break_holder] --><!-- [et_pb_line_break_holder] -->\/\/ PONER EL ULTIMO FRAME DEL VIDEO<!-- [et_pb_line_break_holder] -->  <!-- [et_pb_line_break_holder] -->(function($) {<!-- [et_pb_line_break_holder] -->    $(document).ready(function() {<!-- [et_pb_line_break_holder] -->        $('.stop_bg_video video').each(function() {<!-- [et_pb_line_break_holder] -->            $(this).removeAttr('loop');<!-- [et_pb_line_break_holder] -->            $(this).mediaelementplayer({<!-- [et_pb_line_break_holder] -->                autoRewind: false<!-- [et_pb_line_break_holder] -->            });<!-- [et_pb_line_break_holder] -->        });<!-- [et_pb_line_break_holder] -->\tsetTimeout(function(){<!-- [et_pb_line_break_holder] -->\t\t$(window).trigger('resize');<!-- [et_pb_line_break_holder] -->\t},500); <!-- [et_pb_line_break_holder] -->    });<!-- [et_pb_line_break_holder] -->})(jQuery);<!-- [et_pb_line_break_holder] --><!-- [et_pb_line_break_holder] -->\/\/ BOTON SALTAR INTRO<!-- [et_pb_line_break_holder] -->jQuery(function($){<!-- [et_pb_line_break_holder] -->  $(document).ready(function() {<!-- [et_pb_line_break_holder] -->\/\/ Get the button, and when the user clicks on it, execute myFunction<!-- [et_pb_line_break_holder] -->$(\"#saltarintro\").click(function(e){<!-- [et_pb_line_break_holder] -->  e.preventDefault();<!-- [et_pb_line_break_holder] -->  myFunction();<!-- [et_pb_line_break_holder] -->});<!-- [et_pb_line_break_holder] --><!-- [et_pb_line_break_holder] -->\/* myFunction toggles between adding and removing the show class, which is used to hide and show the dropdown content *\/<!-- [et_pb_line_break_holder] -->function myFunction(){<!-- [et_pb_line_break_holder] -->    $(\".show-2\").hide();<!-- [et_pb_line_break_holder] -->  \t$(\".show-1\").hide();<!-- [et_pb_line_break_holder] -->    $(\".show-3\").show();<!-- [et_pb_line_break_holder] -->    $(\".saltarintro\").hide();<!-- [et_pb_line_break_holder] -->  \t$(\".videocolumnas\").show();<!-- [et_pb_line_break_holder] -->  clearTimeout(timerId);<!-- [et_pb_line_break_holder] -->}<!-- [et_pb_line_break_holder] -->  });<!-- [et_pb_line_break_holder] -->  });<!-- [et_pb_line_break_holder] --><\/script>[\/et_pb_code][et_pb_text _builder_version=&#8221;4.14.1&#8243; _module_preset=&#8221;default&#8221; text_font_size=&#8221;66px&#8221; header_font=&#8221;|300|||||||&#8221; header_font_size=&#8221;64px&#8221; header_font_size_tablet=&#8221;45px&#8221; header_font_size_phone=&#8221;26px&#8221; header_font_size_last_edited=&#8221;on|phone&#8221; global_colors_info=&#8221;{}&#8221;]<\/p>\n<h1 style=\"text-align: center;\"><span class=\"show-1\" style=\"color: #ffffff;\">Benvingut al m\u00f3n Arag\u00f3<\/span><span class=\"show-2\" style=\"color: #ffffff;\">Qualitat en sutures des de 1914<\/span><span class=\"show-3\" style=\"color: #ffffff;\">Per als professionals de la cirurgia<\/span><\/h1>\n<p>[\/et_pb_text][et_pb_button button_url=&#8221;#&#8221; button_text=&#8221;SALTAR INTRO&#8221; button_alignment=&#8221;center&#8221; module_id=&#8221;saltarintro&#8221; module_class=&#8221;saltarintro&#8221; _builder_version=&#8221;4.14.1&#8243; _module_preset=&#8221;default&#8221; custom_button=&#8221;on&#8221; button_text_color=&#8221;#68b2a7&#8243; button_bg_color=&#8221;rgba(255,255,255,0)&#8221; global_colors_info=&#8221;{}&#8221;][\/et_pb_button][\/et_pb_column][\/et_pb_row][et_pb_row column_structure=&#8221;1_3,1_3,1_3&#8243; module_id=&#8221;videocolumnas&#8221; module_class=&#8221;videocolumnas&#8221; _builder_version=&#8221;4.14.1&#8243; _module_preset=&#8221;default&#8221; global_colors_info=&#8221;{}&#8221;][et_pb_column type=&#8221;1_3&#8243; _builder_version=&#8221;4.14.1&#8243; _module_preset=&#8221;default&#8221; global_colors_info=&#8221;{}&#8221;][et_pb_text _builder_version=&#8221;4.14.1&#8243; _module_preset=&#8221;default&#8221; min_height=&#8221;100px&#8221; global_colors_info=&#8221;{}&#8221;]<\/p>\n<p style=\"text-align: center;\"><span style=\"color: #ffffff; font-size: large;\">Som un referent en la fabricaci\u00f3 de sutures per als professionals de la cirurgia.<\/span><\/p>\n<p>[\/et_pb_text][et_pb_button button_url=&#8221;https:\/\/laboratorioarago.com\/ca\/suturahumana\/&#8221; button_text=&#8221;DESCOBREIXI-LES&#8221; button_alignment=&#8221;center&#8221; _builder_version=&#8221;4.14.1&#8243; _module_preset=&#8221;default&#8221; custom_button=&#8221;on&#8221; button_text_color=&#8221;#FFFFFF&#8221; button_bg_color=&#8221;#68b2a7&#8243; global_colors_info=&#8221;{}&#8221;][\/et_pb_button][\/et_pb_column][et_pb_column type=&#8221;1_3&#8243; _builder_version=&#8221;4.14.1&#8243; _module_preset=&#8221;default&#8221; global_colors_info=&#8221;{}&#8221;][et_pb_text _builder_version=&#8221;4.14.1&#8243; _module_preset=&#8221;default&#8221; text_font_size=&#8221;22px&#8221; min_height=&#8221;100px&#8221; global_colors_info=&#8221;{}&#8221;]<\/p>\n<p style=\"text-align: center;\"><span style=\"color: #ffffff; font-size: large;\">Fabriquem un producte final amb les m\u00e0ximes garanties de control i excel\u00b7l\u00e8ncia.<\/span><\/p>\n<p>[\/et_pb_text][et_pb_button button_url=&#8221;https:\/\/laboratorioarago.com\/ca\/qualitat\/&#8221; button_text=&#8221;COMPROVI-HO&#8221; button_alignment=&#8221;center&#8221; _builder_version=&#8221;4.14.1&#8243; _module_preset=&#8221;default&#8221; custom_button=&#8221;on&#8221; button_bg_color=&#8221;#68b2a7&#8243; global_colors_info=&#8221;{}&#8221;][\/et_pb_button][\/et_pb_column][et_pb_column type=&#8221;1_3&#8243; _builder_version=&#8221;4.14.1&#8243; _module_preset=&#8221;default&#8221; global_colors_info=&#8221;{}&#8221;][et_pb_text _builder_version=&#8221;4.14.1&#8243; _module_preset=&#8221;default&#8221; min_height=&#8221;100px&#8221; global_colors_info=&#8221;{}&#8221;]<\/p>\n<p style=\"text-align: center;\"><span style=\"color: #ffffff; font-size: large;\">Responem a tots els nostres clients amb qualitat, garantia i rapidesa.<\/span><\/p>\n<p>[\/et_pb_text][et_pb_button button_url=&#8221;https:\/\/laboratorioarago.com\/ca\/contacte\/&#8221; button_text=&#8221;CONEGUI&#8217;NS&#8221; button_alignment=&#8221;center&#8221; _builder_version=&#8221;4.14.1&#8243; _module_preset=&#8221;default&#8221; custom_button=&#8221;on&#8221; button_bg_color=&#8221;#68b2a7&#8243; global_colors_info=&#8221;{}&#8221;][\/et_pb_button][\/et_pb_column][\/et_pb_row][\/et_pb_section]<\/p>\n","protected":false},"excerpt":{"rendered":"<p>Benvingut al m\u00f3n Arag\u00f3Qualitat en sutures des de 1914Per als professionals de la cirurgiaSom un referent en la fabricaci\u00f3 de sutures per als professionals de la cirurgia.Fabriquem un producte final amb les m\u00e0ximes garanties de control i excel\u00b7l\u00e8ncia.Responem a tots els nostres clients amb qualitat, garantia i rapidesa.<\/p>\n","protected":false},"author":2,"featured_media":0,"parent":0,"menu_order":0,"comment_status":"closed","ping_status":"closed","template":"","meta":{"_et_pb_use_builder":"on","_et_pb_old_content":"","_et_gb_content_width":"","footnotes":""},"class_list":["post-759","page","type-page","status-publish","hentry"],"yoast_head":"<!-- This site is optimized with the Yoast SEO Premium plugin v21.8 (Yoast SEO v26.2) - https:\/\/yoast.com\/wordpress\/plugins\/seo\/ -->\n<title>Inici - Laboratorio Arago<\/title>\n<meta name=\"robots\" content=\"index, follow, max-snippet:-1, max-image-preview:large, max-video-preview:-1\" \/>\n<link rel=\"canonical\" href=\"https:\/\/laboratorioarago.com\/ca\/home\/\" \/>\n<meta property=\"og:locale\" content=\"ca_ES\" \/>\n<meta property=\"og:type\" content=\"article\" \/>\n<meta property=\"og:title\" content=\"Inici\" \/>\n<meta property=\"og:description\" content=\"Benvingut al m\u00f3n Arag\u00f3Qualitat en sutures des de 1914Per als professionals de la cirurgiaSom un referent en la fabricaci\u00f3 de sutures per als professionals de la cirurgia.Fabriquem un producte final amb les m\u00e0ximes garanties de control i excel\u00b7l\u00e8ncia.Responem a tots els nostres clients amb qualitat, garantia i rapidesa.\" \/>\n<meta property=\"og:url\" content=\"https:\/\/laboratorioarago.com\/ca\/home\/\" \/>\n<meta property=\"og:site_name\" content=\"Laboratorio Arago\" \/>\n<meta property=\"article:modified_time\" content=\"2022-12-22T13:16:51+00:00\" \/>\n<meta name=\"twitter:card\" content=\"summary_large_image\" \/>\n<meta name=\"twitter:label1\" content=\"Temps estimat de lectura\" \/>\n\t<meta name=\"twitter:data1\" content=\"2 minuts\" \/>\n<script type=\"application\/ld+json\" class=\"yoast-schema-graph\">{\"@context\":\"https:\/\/schema.org\",\"@graph\":[{\"@type\":\"WebPage\",\"@id\":\"https:\/\/laboratorioarago.com\/ca\/home\/\",\"url\":\"https:\/\/laboratorioarago.com\/ca\/home\/\",\"name\":\"Inici - Laboratorio Arago\",\"isPartOf\":{\"@id\":\"https:\/\/laboratorioarago.com\/#website\"},\"datePublished\":\"2021-11-27T15:57:46+00:00\",\"dateModified\":\"2022-12-22T13:16:51+00:00\",\"breadcrumb\":{\"@id\":\"https:\/\/laboratorioarago.com\/ca\/home\/#breadcrumb\"},\"inLanguage\":\"ca\",\"potentialAction\":[{\"@type\":\"ReadAction\",\"target\":[\"https:\/\/laboratorioarago.com\/ca\/home\/\"]}]},{\"@type\":\"BreadcrumbList\",\"@id\":\"https:\/\/laboratorioarago.com\/ca\/home\/#breadcrumb\",\"itemListElement\":[{\"@type\":\"ListItem\",\"position\":1,\"name\":\"Portada\",\"item\":\"https:\/\/laboratorioarago.com\/ca\/home\/\"},{\"@type\":\"ListItem\",\"position\":2,\"name\":\"Inici\"}]},{\"@type\":\"WebSite\",\"@id\":\"https:\/\/laboratorioarago.com\/#website\",\"url\":\"https:\/\/laboratorioarago.com\/\",\"name\":\"Laboratorio Arago\",\"description\":\"Referente en la fabricaci\u00f3n de suturas para los profesionales de la cirug\u00eda.\",\"publisher\":{\"@id\":\"https:\/\/laboratorioarago.com\/#organization\"},\"potentialAction\":[{\"@type\":\"SearchAction\",\"target\":{\"@type\":\"EntryPoint\",\"urlTemplate\":\"https:\/\/laboratorioarago.com\/?s={search_term_string}\"},\"query-input\":{\"@type\":\"PropertyValueSpecification\",\"valueRequired\":true,\"valueName\":\"search_term_string\"}}],\"inLanguage\":\"ca\"},{\"@type\":\"Organization\",\"@id\":\"https:\/\/laboratorioarago.com\/#organization\",\"name\":\"Laboratorio Arago\",\"url\":\"https:\/\/laboratorioarago.com\/\",\"logo\":{\"@type\":\"ImageObject\",\"inLanguage\":\"ca\",\"@id\":\"https:\/\/laboratorioarago.com\/#\/schema\/logo\/image\/\",\"url\":\"https:\/\/laboratorioarago.com\/wp-content\/uploads\/2021\/11\/arago-136x441-1.png\",\"contentUrl\":\"https:\/\/laboratorioarago.com\/wp-content\/uploads\/2021\/11\/arago-136x441-1.png\",\"width\":136,\"height\":44,\"caption\":\"Laboratorio Arago\"},\"image\":{\"@id\":\"https:\/\/laboratorioarago.com\/#\/schema\/logo\/image\/\"}}]}<\/script>\n<!-- \/ Yoast SEO Premium plugin. -->","yoast_head_json":{"title":"Inici - Laboratorio Arago","robots":{"index":"index","follow":"follow","max-snippet":"max-snippet:-1","max-image-preview":"max-image-preview:large","max-video-preview":"max-video-preview:-1"},"canonical":"https:\/\/laboratorioarago.com\/ca\/home\/","og_locale":"ca_ES","og_type":"article","og_title":"Inici","og_description":"Benvingut al m\u00f3n Arag\u00f3Qualitat en sutures des de 1914Per als professionals de la cirurgiaSom un referent en la fabricaci\u00f3 de sutures per als professionals de la cirurgia.Fabriquem un producte final amb les m\u00e0ximes garanties de control i excel\u00b7l\u00e8ncia.Responem a tots els nostres clients amb qualitat, garantia i rapidesa.","og_url":"https:\/\/laboratorioarago.com\/ca\/home\/","og_site_name":"Laboratorio Arago","article_modified_time":"2022-12-22T13:16:51+00:00","twitter_card":"summary_large_image","twitter_misc":{"Temps estimat de lectura":"2 minuts"},"schema":{"@context":"https:\/\/schema.org","@graph":[{"@type":"WebPage","@id":"https:\/\/laboratorioarago.com\/ca\/home\/","url":"https:\/\/laboratorioarago.com\/ca\/home\/","name":"Inici - Laboratorio Arago","isPartOf":{"@id":"https:\/\/laboratorioarago.com\/#website"},"datePublished":"2021-11-27T15:57:46+00:00","dateModified":"2022-12-22T13:16:51+00:00","breadcrumb":{"@id":"https:\/\/laboratorioarago.com\/ca\/home\/#breadcrumb"},"inLanguage":"ca","potentialAction":[{"@type":"ReadAction","target":["https:\/\/laboratorioarago.com\/ca\/home\/"]}]},{"@type":"BreadcrumbList","@id":"https:\/\/laboratorioarago.com\/ca\/home\/#breadcrumb","itemListElement":[{"@type":"ListItem","position":1,"name":"Portada","item":"https:\/\/laboratorioarago.com\/ca\/home\/"},{"@type":"ListItem","position":2,"name":"Inici"}]},{"@type":"WebSite","@id":"https:\/\/laboratorioarago.com\/#website","url":"https:\/\/laboratorioarago.com\/","name":"Laboratorio Arago","description":"Referente en la fabricaci\u00f3n de suturas para los profesionales de la cirug\u00eda.","publisher":{"@id":"https:\/\/laboratorioarago.com\/#organization"},"potentialAction":[{"@type":"SearchAction","target":{"@type":"EntryPoint","urlTemplate":"https:\/\/laboratorioarago.com\/?s={search_term_string}"},"query-input":{"@type":"PropertyValueSpecification","valueRequired":true,"valueName":"search_term_string"}}],"inLanguage":"ca"},{"@type":"Organization","@id":"https:\/\/laboratorioarago.com\/#organization","name":"Laboratorio Arago","url":"https:\/\/laboratorioarago.com\/","logo":{"@type":"ImageObject","inLanguage":"ca","@id":"https:\/\/laboratorioarago.com\/#\/schema\/logo\/image\/","url":"https:\/\/laboratorioarago.com\/wp-content\/uploads\/2021\/11\/arago-136x441-1.png","contentUrl":"https:\/\/laboratorioarago.com\/wp-content\/uploads\/2021\/11\/arago-136x441-1.png","width":136,"height":44,"caption":"Laboratorio Arago"},"image":{"@id":"https:\/\/laboratorioarago.com\/#\/schema\/logo\/image\/"}}]}},"_links":{"self":[{"href":"https:\/\/laboratorioarago.com\/ca\/wp-json\/wp\/v2\/pages\/759","targetHints":{"allow":["GET"]}}],"collection":[{"href":"https:\/\/laboratorioarago.com\/ca\/wp-json\/wp\/v2\/pages"}],"about":[{"href":"https:\/\/laboratorioarago.com\/ca\/wp-json\/wp\/v2\/types\/page"}],"author":[{"embeddable":true,"href":"https:\/\/laboratorioarago.com\/ca\/wp-json\/wp\/v2\/users\/2"}],"replies":[{"embeddable":true,"href":"https:\/\/laboratorioarago.com\/ca\/wp-json\/wp\/v2\/comments?post=759"}],"version-history":[{"count":0,"href":"https:\/\/laboratorioarago.com\/ca\/wp-json\/wp\/v2\/pages\/759\/revisions"}],"wp:attachment":[{"href":"https:\/\/laboratorioarago.com\/ca\/wp-json\/wp\/v2\/media?parent=759"}],"curies":[{"name":"wp","href":"https:\/\/api.w.org\/{rel}","templated":true}]}}