{"id":3520,"date":"2023-11-06T09:35:09","date_gmt":"2023-11-06T08:35:09","guid":{"rendered":"https:\/\/laboratorioarago.com\/politicaprivacidad\/"},"modified":"2023-11-06T09:48:55","modified_gmt":"2023-11-06T08:48:55","slug":"politicaprivacitat","status":"publish","type":"page","link":"https:\/\/laboratorioarago.com\/ca\/politicaprivacitat\/","title":{"rendered":"Pol\u00edtica de privacitat"},"content":{"rendered":"<p>[et_pb_section fb_built=&#8221;1&#8243; _builder_version=&#8221;4.21.0&#8243; _module_preset=&#8221;default&#8221; global_colors_info=&#8221;{}&#8221;][et_pb_row _builder_version=&#8221;4.21.0&#8243; _module_preset=&#8221;default&#8221; global_colors_info=&#8221;{}&#8221;][et_pb_column type=&#8221;4_4&#8243; _builder_version=&#8221;4.21.0&#8243; _module_preset=&#8221;default&#8221; global_colors_info=&#8221;{}&#8221;][et_pb_text _builder_version=&#8221;4.21.0&#8243; _module_preset=&#8221;default&#8221; global_colors_info=&#8221;{}&#8221;]<\/p>\n<h1 style=\"text-align: center;\">POL\u00cdTICA DE PRIVACITAT<\/h1>\n<p>La confidencialitat i la seguretat s\u00f3n valors primordials de LABORATORIO ARAG\u00d3, S.L.\u00a0i, en conseq\u00fc\u00e8ncia, assumim el comprom\u00eds de garantir la privacitat de les dades personals dels nostres clients en tot moment i de no recaptar informaci\u00f3 innecess\u00e0ria.<\/p>\n<p>A continuaci\u00f3, li proporcionem tota la informaci\u00f3 necess\u00e0ria sobre la nostra Pol\u00edtica de Privacitat en relaci\u00f3 amb les dades personals que recaptem, explicant-:<\/p>\n<ul>\n<li>Qui \u00e9s el responsable del tractament de les seves dades.<\/li>\n<li>Per quines finalitats demanem les dades que li demanem.<\/li>\n<li>Quina \u00e9s la legitimaci\u00f3 per al seu tractament.<\/li>\n<li>Durant quant de temps els conservem.<\/li>\n<li>A qu\u00e8 destinataris es comuniquen les seves dades.<\/li>\n<li>Quins s\u00f3n els seus drets.<\/li>\n<\/ul>\n<h2>\u00a0<\/h2>\n<h2>Qui \u00e9s el responsable del tractament de les dades personals?<\/h2>\n<p><strong>Ra\u00f3 social: <\/strong>LABORATORIO ARAG\u00d3, S.L.<\/p>\n<p><strong>NIF:<\/strong> B08651481<\/p>\n<p><strong>ADRE\u00c7A: <\/strong>Salvador Mundi, 11, Bajos 08017 Barcelona<\/p>\n<p><strong>Contacte:<\/strong> <a href=\"mailto:infogeneral@laboratorioarago.com\">infogeneral@laboratorioarago.com<\/a><\/p>\n<p>&nbsp;<\/p>\n<h2>Qui s\u00f3n els col\u00b7lectius d&#8217;interessats?<\/h2>\n<p>Les dades de car\u00e0cter personal tractades s\u00f3n aquelles de:<\/p>\n<ul>\n<li>Persones que han sol\u00b7licitat rebre comunicacions sobre novetats, serveis, i\/o promocions de LABORATORIO ARAG\u00d3, S.L.<\/li>\n<li>Usuaris que visiten el lloc web<\/li>\n<\/ul>\n<h2>\u00a0<\/h2>\n<h2>Amb quina finalitats i legitimitzaci\u00f3 utilitzem les dades personals?<\/h2>\n<p>A LABORATORIO ARAG\u00d3, S.L. tractem les dades personals per respondre a les demandes d\u2019informaci\u00f3 o respondre a les teves sol\u00b7licituds.<\/p>\n<p>Aquestes dades de car\u00e0cter personal seran tractades per a les finalitats leg\u00edtimes que s&#8217;indiquen a continuaci\u00f3.<\/p>\n<ul>\n<li><strong>Resposta a sol\u00b7licituds d\u2019informaci\u00f3 o de contacte<\/strong><\/li>\n<\/ul>\n<p>A LABORATORIO ARAG\u00d3, S.L. utilitzarem les dades de contacte proporcionades per respondre a les seves sol\u00b7licituds i consultes respecte els nostres productes i serveis, ja siguin realitzades mitjan\u00e7ant el formulari disponible a la web o dirigides a les adreces de correu electr\u00f2nic de contacte que hi ha publicades.<\/p>\n<p><strong>Legitimitzaci\u00f3:<\/strong><\/p>\n<ul>\n<li>Inter\u00e8s leg\u00edtim de LABORATORIO ARAG\u00d3, S.L. per a aquest tractament de dades tenint en compte les expectatives raonables dels interessats a rebre una resposta a les seves peticions<strong>.<\/strong><\/li>\n<li>Consentiment donat lliurement per l&#8217;interessat qui envia les seves dades en el moment d\u2019enviar lliurement un email a les adreces de correu electr\u00f2nic disponibles en el web.<\/li>\n<\/ul>\n<p><strong>Dades tractades:<\/strong><\/p>\n<ul>\n<li>Dades d&#8217; identificaci\u00f3: Nom i cognoms<\/li>\n<li>Dades de contacte: Adre\u00e7a d&#8217; email i tel\u00e8fon de contacte<\/li>\n<\/ul>\n<p>&nbsp;<\/p>\n<p>A m\u00e9s de l&#8217;anterior, LABORATORIO ARAG\u00d3, S.L. podr\u00e0 dur a terme altres tractaments de les dades personals. En aquest cas l&#8217;interessat rebr\u00e0 la informaci\u00f3 necess\u00e0ria en relaci\u00f3 a aquests tractaments i LABORATORIO ARAG\u00d3, S.L. sol\u00b7licitar\u00e0 el seu consentiment si aix\u00ed resulta necessari.<\/p>\n<h2>\u00a0<\/h2>\n<h2>Durant quant de temps conservar\u00e0 LABORATORIO ARAG\u00d3, S.L. les dades?<\/h2>\n<p>En general, les dades es conservaran durant el temps que sigui necessari per complir amb la finalitat per a la qual es van demanar i per a determinar les possibles responsabilitats que es puguin derivar d&#8217;aquesta finalitat i del tractament de les dades.<\/p>\n<p>Entre d&#8217;altres, implica que LABORATORIO ARAG\u00d3, S.L. conservar\u00e0 les dades personals dels interessats pel temps que duri la vinculaci\u00f3 amb nosaltres i, si s\u2019escau, \u00a0durant el per\u00edode que resulti necessari per a la formulaci\u00f3, l&#8217;exercici o la defensa de potencials reclamacions, o per complir amb les obligacions legals que determini la legislaci\u00f3 aplicable.<\/p>\n<p>Un cop finalitzat l&#8217;esmentat termini, LABORATORIO ARAG\u00d3, S.L. es compromet a cessar el tractament de totes les dades personals, destruir-les, bloquejar-les o anonimitzar-les en la mesura que sigui possible per a la finalitat per a la qual es conservessin.<\/p>\n<h2>\u00a0<\/h2>\n<h2>A qui es comunicaran les dades?<\/h2>\n<p>Les dades personals no es cediran a tercers, llevat que sigui necessari per donar resposta a la sol\u00b7licitud, estiguem obligats per una llei o l\u2019interessat ens hagis donat el seu consentiment.<\/p>\n<p>Tamb\u00e9 pot ser que comuniquem les dades a empreses que ens presten serveis relacionats amb l&#8217;activitat ordin\u00e0ria i administrativa de l&#8217;empresa en qualitat d&#8217;encarregats de tractament, nacionals o internacionals, en el marc de la prestaci\u00f3 de serveis com ara, entre d&#8217;altres, prove\u00efdors de serveis de correu electr\u00f2nic, allotjament de serveis web, allotjament de servidors, serveis d&#8217;aplicacions de gesti\u00f3 en modalitat SaaS, arxiu de fitxers en el n\u00favol i altres.<\/p>\n<p>La prestaci\u00f3 d&#8217;aquests serveis pot implicar el tractament de les dades personals per part d&#8217;empreses ubicades en pa\u00efsos fora de l&#8217;Espai Econ\u00f2mic Europeu (transfer\u00e8ncies internacionals de dades).\u00a0No obstant aix\u00f2, nom\u00e9s es realitzar\u00e0 amb pa\u00efsos que ofereixen un nivell adequat de protecci\u00f3 o que estiguin emparades en el Marc de Privacitat de Dades UE-EE.UU. d&#8217;acord amb la decisi\u00f3 de la Comissi\u00f3 Europea per a transfer\u00e8ncies de dades des de responsables a la UE a encarregats establerts a EE.UU.<\/p>\n<p>&nbsp;<\/p>\n<p>A continuaci\u00f3, es relacionen els prove\u00efdors dels serveis vinculats al lloc web:<\/p>\n<table>\n<tbody>\n<tr>\n<td width=\"160\">Skechfab, Inc.<\/td>\n<td width=\"434\">\n<p>Prove\u00efdor del servei de visualitzaci\u00f3 de renders, garanties:<\/p>\n<p>https:\/\/sketchfab.com\/privacy#our-global-operations<\/p>\n<\/td>\n<\/tr>\n<\/tbody>\n<\/table>\n<p>&nbsp;<\/p>\n<h2>Quins s\u00f3n els drets dels interessats quan ens faciliten les seves dades?<\/h2>\n<p>En qualsevol moment l\u2019interessat pot exercir els seus drets d&#8217;acc\u00e9s, rectificaci\u00f3, supressi\u00f3 i portabilitat de les dades personals tractades per LABORATORIO ARAG\u00d3, S.L., aix\u00ed com els d&#8217;oposici\u00f3 i limitaci\u00f3 del seu tractament.<\/p>\n<p>Aquests drets podran ser exercits gratu\u00eftament per l&#8217;interessat, i si escau per qui el representi, mitjan\u00e7ant sol\u00b7licitud escrita i signada, acompanyada de c\u00f2pia del seu DNI o document equivalent que acrediti la seva identitat, adre\u00e7ada a<\/p>\n<ul>\n<li>Per correu electr\u00f2nic: <a href=\"mailto:infogeneral@laboratorioarago.com\">infogeneral@laboratorioarago.com<\/a><\/li>\n<li>Per correu postal: Salvador Mundi, 11, Bajos 08017 Barcelona<\/li>\n<\/ul>\n<p>En el cas de representaci\u00f3, s\u2019haur\u00e0 de provar mitjan\u00e7ant document escrit i adjuntant c\u00f2pia del DNI o document equivalent que acrediti la seva representaci\u00f3.<\/p>\n<p>A m\u00e9s dels anteriors drets, l&#8217;interessat tindr\u00e0 dret a <strong>retirar el consentiment atorgat<\/strong> en qualsevol moment mitjan\u00e7ant el procediment abans descrit, sense que aquesta retirada de consentiment afecti la licitud del tractament anterior a la retirada d&#8217;aquest. LABORATORIO ARAG\u00d3, S.L. podr\u00e0 continuar tractant les dades personals de l&#8217;interessat en la mesura que la llei aplicable ho permeti o persisteixi qualsevol altra legitimitzaci\u00f3 que ho justifiqui.<\/p>\n<p>LABORATORIO ARAG\u00d3, S.L. recorda a l&#8217;interessat que t\u00e9 dret a presentar una reclamaci\u00f3 davant l&#8217;autoritat de control pertinent (Ag\u00e8ncia Espanyola de Protecci\u00f3 de Dades).<\/p>\n<h2>\u00a0<\/h2>\n<h2>Actualitzaci\u00f3 de les seves dades<\/h2>\n<p>\u00c9s important que per tal de que puguem mantenir les seves dades personals actualitzades, ens informi sempre que hagi hagut alguna modificaci\u00f3 en elles. En cas contrari, no responem de la veracitat de les mateixes i les implicacions que pugui tenir en el seu tractament.<\/p>\n<h2>\u00a0<\/h2>\n<h2>Seguretat en el tractament i cust\u00f2dia de dades<\/h2>\n<p><strong>LABORATORIO ARAG\u00d3, S.L.<\/strong> declara que ha aplicat les mesures t\u00e8cniques i organitzatives apropiades per tal de garantir i poder demostrar que el tractament \u00e9s conforme amb la legislaci\u00f3 vigent i que es garanteix la protecci\u00f3 dels drets dels interessats.<\/p>\n<p>Per a aix\u00f2 ha implantat un Sistema de Gesti\u00f3 de la Protecci\u00f3 de Dades Personals per tal de determinar y aplicar els mitjans t\u00e8cnics i organitzatius al seu abast per evitar la p\u00e8rdua, mal \u00fas, alteraci\u00f3, acc\u00e9s no autoritzat i robatori de les dades facilitades pels usuaris, sense perjudici d&#8217;informar que les mesures de seguretat a Internet no s\u00f3n inexpugnables.<\/p>\n<p>Aix\u00ed mateix, el LABORATORIO ARAG\u00d3, S.L. ha posat en marxa controls interns amb la finalitat de verificar, avaluar i valorar, de forma regular, l&#8217;efic\u00e0cia de les mesures t\u00e8cniques i organitzatives implantades per a garantir la seguretat del tractament.<\/p>\n<p>&nbsp;<\/p>\n<h2>\u00das de cookies (galetes)<\/h2>\n<p>Aquest lloc web, igual que la majoria dels llocs web a Internet, fa servir cookies per millorar l&#8217;experi\u00e8ncia de l&#8217;usuari.<\/p>\n<p>A la nostra <a href=\"https:\/\/laboratorioarago.com\/ca\/politicacookies\/\"><strong><u>Pol\u00edtica de Cookies<\/u><\/strong><\/a> trobareu informaci\u00f3 sobre qu\u00e8 s\u00f3n les cookies, quin tipus de cookies utilitza aquest portal, com pot desactivar les cookies en el seu navegador i com desactivar espec\u00edficament la instal\u00b7laci\u00f3 de cookies de tercers.<\/p>\n<p>Preguem llegeixi atentament la nostra <a href=\"https:\/\/laboratorioarago.com\/ca\/politicacookies\/\"><strong><u>Pol\u00edtica de Cookies<\/u><\/strong><\/a> abans de continuar navegant al nostre lloc web.<\/p>\n<h2>\u00a0<\/h2>\n<h2>Modificaci\u00f3 de la Pol\u00edtica de Privacitat<\/h2>\n<p>LABORATORIO ARAG\u00d3, S.L. pot modificar la seva Pol\u00edtica de Privacitat d&#8217;acord amb la legislaci\u00f3 aplicable en cada moment. En tot cas, qualsevol modificaci\u00f3 de la Pol\u00edtica de Privacitat li ser\u00e0 degudament notificada perqu\u00e8 quedi informat dels canvis realitzats en el tractament de les seves dades personals i, en cas que la normativa aplicable aix\u00ed ho exigeixi, l&#8217;interessat pugui confirmar el seu consentiment.<\/p>\n<p>[\/et_pb_text][\/et_pb_column][\/et_pb_row][\/et_pb_section]<\/p>\n","protected":false},"excerpt":{"rendered":"<p>POL\u00cdTICA DE PRIVACITAT La confidencialitat i la seguretat s\u00f3n valors primordials de LABORATORIO ARAG\u00d3, S.L.\u00a0i, en conseq\u00fc\u00e8ncia, assumim el comprom\u00eds de garantir la privacitat de les dades personals dels nostres clients en tot moment i de no recaptar informaci\u00f3 innecess\u00e0ria. A continuaci\u00f3, li proporcionem tota la informaci\u00f3 necess\u00e0ria sobre la nostra Pol\u00edtica de Privacitat en [&hellip;]<\/p>\n","protected":false},"author":2,"featured_media":0,"parent":0,"menu_order":0,"comment_status":"closed","ping_status":"closed","template":"","meta":{"_et_pb_use_builder":"on","_et_pb_old_content":"","_et_gb_content_width":"","footnotes":""},"class_list":["post-3520","page","type-page","status-publish","hentry"],"yoast_head":"<!-- This site is optimized with the Yoast SEO Premium plugin v21.8 (Yoast SEO v26.2) - https:\/\/yoast.com\/wordpress\/plugins\/seo\/ -->\n<title>Pol\u00edtica de privacitat - Laboratorio Arago<\/title>\n<meta name=\"robots\" content=\"index, follow, max-snippet:-1, max-image-preview:large, max-video-preview:-1\" \/>\n<link rel=\"canonical\" href=\"https:\/\/laboratorioarago.com\/ca\/politicaprivacitat\/\" \/>\n<meta property=\"og:locale\" content=\"ca_ES\" \/>\n<meta property=\"og:type\" content=\"article\" \/>\n<meta property=\"og:title\" content=\"Pol\u00edtica de privacitat\" \/>\n<meta property=\"og:description\" content=\"POL\u00cdTICA DE PRIVACITAT La confidencialitat i la seguretat s\u00f3n valors primordials de LABORATORIO ARAG\u00d3, S.L.\u00a0i, en conseq\u00fc\u00e8ncia, assumim el comprom\u00eds de garantir la privacitat de les dades personals dels nostres clients en tot moment i de no recaptar informaci\u00f3 innecess\u00e0ria. A continuaci\u00f3, li proporcionem tota la informaci\u00f3 necess\u00e0ria sobre la nostra Pol\u00edtica de Privacitat en [&hellip;]\" \/>\n<meta property=\"og:url\" content=\"https:\/\/laboratorioarago.com\/ca\/politicaprivacitat\/\" \/>\n<meta property=\"og:site_name\" content=\"Laboratorio Arago\" \/>\n<meta property=\"article:modified_time\" content=\"2023-11-06T08:48:55+00:00\" \/>\n<meta name=\"twitter:card\" content=\"summary_large_image\" \/>\n<meta name=\"twitter:label1\" content=\"Temps estimat de lectura\" \/>\n\t<meta name=\"twitter:data1\" content=\"6 minuts\" \/>\n<script type=\"application\/ld+json\" class=\"yoast-schema-graph\">{\"@context\":\"https:\/\/schema.org\",\"@graph\":[{\"@type\":\"WebPage\",\"@id\":\"https:\/\/laboratorioarago.com\/ca\/politicaprivacitat\/\",\"url\":\"https:\/\/laboratorioarago.com\/ca\/politicaprivacitat\/\",\"name\":\"Pol\u00edtica de privacitat - Laboratorio Arago\",\"isPartOf\":{\"@id\":\"https:\/\/laboratorioarago.com\/#website\"},\"datePublished\":\"2023-11-06T08:35:09+00:00\",\"dateModified\":\"2023-11-06T08:48:55+00:00\",\"breadcrumb\":{\"@id\":\"https:\/\/laboratorioarago.com\/ca\/politicaprivacitat\/#breadcrumb\"},\"inLanguage\":\"ca\",\"potentialAction\":[{\"@type\":\"ReadAction\",\"target\":[\"https:\/\/laboratorioarago.com\/ca\/politicaprivacitat\/\"]}]},{\"@type\":\"BreadcrumbList\",\"@id\":\"https:\/\/laboratorioarago.com\/ca\/politicaprivacitat\/#breadcrumb\",\"itemListElement\":[{\"@type\":\"ListItem\",\"position\":1,\"name\":\"Portada\",\"item\":\"https:\/\/laboratorioarago.com\/ca\/home\/\"},{\"@type\":\"ListItem\",\"position\":2,\"name\":\"Pol\u00edtica de privacitat\"}]},{\"@type\":\"WebSite\",\"@id\":\"https:\/\/laboratorioarago.com\/#website\",\"url\":\"https:\/\/laboratorioarago.com\/\",\"name\":\"Laboratorio Arago\",\"description\":\"Referente en la fabricaci\u00f3n de suturas para los profesionales de la cirug\u00eda.\",\"publisher\":{\"@id\":\"https:\/\/laboratorioarago.com\/#organization\"},\"potentialAction\":[{\"@type\":\"SearchAction\",\"target\":{\"@type\":\"EntryPoint\",\"urlTemplate\":\"https:\/\/laboratorioarago.com\/?s={search_term_string}\"},\"query-input\":{\"@type\":\"PropertyValueSpecification\",\"valueRequired\":true,\"valueName\":\"search_term_string\"}}],\"inLanguage\":\"ca\"},{\"@type\":\"Organization\",\"@id\":\"https:\/\/laboratorioarago.com\/#organization\",\"name\":\"Laboratorio Arago\",\"url\":\"https:\/\/laboratorioarago.com\/\",\"logo\":{\"@type\":\"ImageObject\",\"inLanguage\":\"ca\",\"@id\":\"https:\/\/laboratorioarago.com\/#\/schema\/logo\/image\/\",\"url\":\"https:\/\/laboratorioarago.com\/wp-content\/uploads\/2021\/11\/arago-136x441-1.png\",\"contentUrl\":\"https:\/\/laboratorioarago.com\/wp-content\/uploads\/2021\/11\/arago-136x441-1.png\",\"width\":136,\"height\":44,\"caption\":\"Laboratorio Arago\"},\"image\":{\"@id\":\"https:\/\/laboratorioarago.com\/#\/schema\/logo\/image\/\"}}]}<\/script>\n<!-- \/ Yoast SEO Premium plugin. -->","yoast_head_json":{"title":"Pol\u00edtica de privacitat - Laboratorio Arago","robots":{"index":"index","follow":"follow","max-snippet":"max-snippet:-1","max-image-preview":"max-image-preview:large","max-video-preview":"max-video-preview:-1"},"canonical":"https:\/\/laboratorioarago.com\/ca\/politicaprivacitat\/","og_locale":"ca_ES","og_type":"article","og_title":"Pol\u00edtica de privacitat","og_description":"POL\u00cdTICA DE PRIVACITAT La confidencialitat i la seguretat s\u00f3n valors primordials de LABORATORIO ARAG\u00d3, S.L.\u00a0i, en conseq\u00fc\u00e8ncia, assumim el comprom\u00eds de garantir la privacitat de les dades personals dels nostres clients en tot moment i de no recaptar informaci\u00f3 innecess\u00e0ria. A continuaci\u00f3, li proporcionem tota la informaci\u00f3 necess\u00e0ria sobre la nostra Pol\u00edtica de Privacitat en [&hellip;]","og_url":"https:\/\/laboratorioarago.com\/ca\/politicaprivacitat\/","og_site_name":"Laboratorio Arago","article_modified_time":"2023-11-06T08:48:55+00:00","twitter_card":"summary_large_image","twitter_misc":{"Temps estimat de lectura":"6 minuts"},"schema":{"@context":"https:\/\/schema.org","@graph":[{"@type":"WebPage","@id":"https:\/\/laboratorioarago.com\/ca\/politicaprivacitat\/","url":"https:\/\/laboratorioarago.com\/ca\/politicaprivacitat\/","name":"Pol\u00edtica de privacitat - Laboratorio Arago","isPartOf":{"@id":"https:\/\/laboratorioarago.com\/#website"},"datePublished":"2023-11-06T08:35:09+00:00","dateModified":"2023-11-06T08:48:55+00:00","breadcrumb":{"@id":"https:\/\/laboratorioarago.com\/ca\/politicaprivacitat\/#breadcrumb"},"inLanguage":"ca","potentialAction":[{"@type":"ReadAction","target":["https:\/\/laboratorioarago.com\/ca\/politicaprivacitat\/"]}]},{"@type":"BreadcrumbList","@id":"https:\/\/laboratorioarago.com\/ca\/politicaprivacitat\/#breadcrumb","itemListElement":[{"@type":"ListItem","position":1,"name":"Portada","item":"https:\/\/laboratorioarago.com\/ca\/home\/"},{"@type":"ListItem","position":2,"name":"Pol\u00edtica de privacitat"}]},{"@type":"WebSite","@id":"https:\/\/laboratorioarago.com\/#website","url":"https:\/\/laboratorioarago.com\/","name":"Laboratorio Arago","description":"Referente en la fabricaci\u00f3n de suturas para los profesionales de la cirug\u00eda.","publisher":{"@id":"https:\/\/laboratorioarago.com\/#organization"},"potentialAction":[{"@type":"SearchAction","target":{"@type":"EntryPoint","urlTemplate":"https:\/\/laboratorioarago.com\/?s={search_term_string}"},"query-input":{"@type":"PropertyValueSpecification","valueRequired":true,"valueName":"search_term_string"}}],"inLanguage":"ca"},{"@type":"Organization","@id":"https:\/\/laboratorioarago.com\/#organization","name":"Laboratorio Arago","url":"https:\/\/laboratorioarago.com\/","logo":{"@type":"ImageObject","inLanguage":"ca","@id":"https:\/\/laboratorioarago.com\/#\/schema\/logo\/image\/","url":"https:\/\/laboratorioarago.com\/wp-content\/uploads\/2021\/11\/arago-136x441-1.png","contentUrl":"https:\/\/laboratorioarago.com\/wp-content\/uploads\/2021\/11\/arago-136x441-1.png","width":136,"height":44,"caption":"Laboratorio Arago"},"image":{"@id":"https:\/\/laboratorioarago.com\/#\/schema\/logo\/image\/"}}]}},"_links":{"self":[{"href":"https:\/\/laboratorioarago.com\/ca\/wp-json\/wp\/v2\/pages\/3520","targetHints":{"allow":["GET"]}}],"collection":[{"href":"https:\/\/laboratorioarago.com\/ca\/wp-json\/wp\/v2\/pages"}],"about":[{"href":"https:\/\/laboratorioarago.com\/ca\/wp-json\/wp\/v2\/types\/page"}],"author":[{"embeddable":true,"href":"https:\/\/laboratorioarago.com\/ca\/wp-json\/wp\/v2\/users\/2"}],"replies":[{"embeddable":true,"href":"https:\/\/laboratorioarago.com\/ca\/wp-json\/wp\/v2\/comments?post=3520"}],"version-history":[{"count":0,"href":"https:\/\/laboratorioarago.com\/ca\/wp-json\/wp\/v2\/pages\/3520\/revisions"}],"wp:attachment":[{"href":"https:\/\/laboratorioarago.com\/ca\/wp-json\/wp\/v2\/media?parent=3520"}],"curies":[{"name":"wp","href":"https:\/\/api.w.org\/{rel}","templated":true}]}}