{"id":3418,"date":"2023-07-03T09:24:49","date_gmt":"2023-07-03T07:24:49","guid":{"rendered":"https:\/\/laboratorioarago.com\/sistema-interno-de-informacion\/"},"modified":"2023-07-03T10:06:58","modified_gmt":"2023-07-03T08:06:58","slug":"sistema-interno-de-informacion","status":"publish","type":"page","link":"https:\/\/laboratorioarago.com\/ca\/sistema-interno-de-informacion\/","title":{"rendered":"Sistema intern d&#8217;informacio"},"content":{"rendered":"<p>[et_pb_section fb_built=&#8221;1&#8243; _builder_version=&#8221;4.16&#8243; global_colors_info=&#8221;{}&#8221;][et_pb_row _builder_version=&#8221;4.16&#8243; background_size=&#8221;initial&#8221; background_position=&#8221;top_left&#8221; background_repeat=&#8221;repeat&#8221; global_colors_info=&#8221;{}&#8221;][et_pb_column type=&#8221;4_4&#8243; _builder_version=&#8221;4.16&#8243; custom_padding=&#8221;|||&#8221; global_colors_info=&#8221;{}&#8221; custom_padding__hover=&#8221;|||&#8221;][et_pb_text module_class=&#8221;fontlight&#8221; _builder_version=&#8221;4.21.0&#8243; header_font_size=&#8221;40px&#8221; header_2_font_size=&#8221;40px&#8221; background_size=&#8221;initial&#8221; background_position=&#8221;top_left&#8221; background_repeat=&#8221;repeat&#8221; max_width=&#8221;710px&#8221; module_alignment=&#8221;center&#8221; hover_enabled=&#8221;0&#8243; global_colors_info=&#8221;{}&#8221; sticky_enabled=&#8221;0&#8243;]<\/p>\n<h2 class=\"align-center pb-3 mbr-fonts-style display-2\" style=\"text-align: center;\">Sistema intern d&#8217;informaci\u00f3<\/h2>\n<p>&nbsp;<\/p>\n<p>ARAGOGAMMA ha procedit a la implementaci\u00f3 d&#8217;un sistema intern d&#8217;informaci\u00f3 de<br \/>conformitat a la Llei 2\/2023, de 20 de febrer, reguladora de la protecci\u00f3 de les persones que<br \/>informin sobre infraccions normatives i de lluita contra la corrupci\u00f3, amb la finalitat que<br \/>qualsevol membre directe (administradors, empleats, professionals i directius) o relacionat<br \/>(col\u00b7laboradors o prove\u00efdors) pugui comunicar qualsevol indici o sospita de comissi\u00f3 d&#8217;una<br \/>conducta que pugui suposar:<\/p>\n<p>&nbsp;<\/p>\n<ul>\n<li>Incompliment de la normativa aplicable, protocols, procediments, i controls interns.<\/li>\n<li>Comissi\u00f3 de fets que no s&#8217;adeq\u00fcin als principis \u00e8tics i a les bones pr\u00e0ctiques empresarials.<\/li>\n<li>Comissi\u00f3 de fets que poguessin ser delictius.<\/li>\n<\/ul>\n<p>&nbsp;<\/p>\n<p>Per a realitzar una comunicaci\u00f3 \u201c<a href=\"http:\/\/centinela.lefebvre.es\/public\/concept\/1640689?access=qvtmfT5SnaDoX7HoK9MPj uJFbU%2bIMtFdYjmUcPiPoWA%3d\" target=\"_blank\" rel=\"noopener\" data-wplink-url-error=\"true\">Accedeixi al Canal Intern d&#8217;Informaci\u00f3<\/a>\u201d<\/p>\n<p>[\/et_pb_text][\/et_pb_column][\/et_pb_row][\/et_pb_section]<\/p>\n","protected":false},"excerpt":{"rendered":"<p>Sistema intern d&#8217;informaci\u00f3 &nbsp; ARAGOGAMMA ha procedit a la implementaci\u00f3 d&#8217;un sistema intern d&#8217;informaci\u00f3 deconformitat a la Llei 2\/2023, de 20 de febrer, reguladora de la protecci\u00f3 de les persones queinformin sobre infraccions normatives i de lluita contra la corrupci\u00f3, amb la finalitat quequalsevol membre directe (administradors, empleats, professionals i directius) o relacionat(col\u00b7laboradors o prove\u00efdors) [&hellip;]<\/p>\n","protected":false},"author":2,"featured_media":0,"parent":0,"menu_order":0,"comment_status":"closed","ping_status":"closed","template":"","meta":{"_et_pb_use_builder":"on","_et_pb_old_content":"<p>LABORATORIO ARAG\u00d3, S.L. da a conocer su<strong> Modelo de Prevenci\u00f3n de Delitos (MPD)<\/strong> que se ajusta a las exigencias legales en materia de responsabilidad penal corporativa, cuyo objetivo es prevenir que su estructura jur\u00eddica sea utilizada para cometer delitos y a la vez implementar un buen gobierno corporativo y una cultura de cumplimiento.<\/p><p>LABORATORIO ARAG\u00d3, S.L. ha procedido a la implementaci\u00f3n de un Modelo de Prevenci\u00f3n de Delitos \/ Compliance Penal de conformidad al art.31 bis del C\u00f3digo Penal.<\/p><p>En el a\u00f1o 2010, con la reforma del C\u00f3digo Penal, se introdujo en Espa\u00f1a la responsabilidad penal de las empresas. Posteriormente, en el a\u00f1o 2015 se estableci\u00f3 la necesidad de que las empresas cuenten con Modelos de organizaci\u00f3n y gesti\u00f3n para la prevenci\u00f3n de delitos (Modelos de Prevenci\u00f3n de Delitos).<\/p><p>Desde el a\u00f1o 2017 LABORATORIO ARAG\u00d3 se encuentra implementando y desarrollando una estructura interna para la prevenci\u00f3n de la comisi\u00f3n de delitos en el \u00e1mbito de la entidad.<\/p><p><strong>Alcance del MPD<\/strong><\/p><p>LABORATORIO ARAG\u00d3 ha procedido a la implementaci\u00f3n de una organizaci\u00f3n interna para la prevenci\u00f3n de delitos que se vertebra en:<\/p><p>1. An\u00e1lisis de riesgos penales.<\/p><p>2. Mapa de riesgos.<\/p><p>3. Implementaci\u00f3n de controles transversales para la prevenci\u00f3n, detecci\u00f3n y mitigaci\u00f3n de los riesgos.<\/p><p>4. Implementaci\u00f3n de controles espec\u00edficos para la prevenci\u00f3n, detecci\u00f3n y mitigaci\u00f3n de los riesgos.<\/p><p>5. Creaci\u00f3n de un Comit\u00e9 de Compliance.<\/p><p>6. Apertura de un Canal de Denuncias.<\/p><p>7. Auditor\u00edas internas.<\/p><p>8. Asesoramiento por experto externo.<\/p><p><strong>COMIT\u00c9 DE COMPLIANCE \/ COMPLIANCE OFFICER:<\/strong><\/p><p>Se ha procedido a la creaci\u00f3n de un COMIT\u00c9 DE COMPLIANCE de car\u00e1cter pluripersonal, compuesto por varios Compliance Officers.<\/p><p>El COMIT\u00c9 DE COMPLIANCE, es el \u00f3rgano encargado de velar por la coordinaci\u00f3n y supervisi\u00f3n del funcionamiento y cumplimiento del Modelo de Prevenci\u00f3n de Delitos implementado.<\/p><p>Sus funciones y responsabilidades se encuentran detalladas en el \u201cProtocolo Comit\u00e9 de Compliance y Canal \u00c9tico\u201d de la entidad.<\/p><p><strong>CANAL \u00c9TICO Y DE DENUNCIAS.<\/strong><\/p><p>LABORATORIO ARAG\u00d3 ha procedido a la creaci\u00f3n de un Canal \u00c9tico - de denuncias como medida de control de alto nivel, con la finalidad de que cualquier miembro directo (administradores, empleados, profesionales y directivos) o relacionado (colaboradores o proveedores) pueda comunicar cualquier indicio o sospecha de comisi\u00f3n de una conducta que pueda suponer:<\/p><p>\u2022 Incumplimiento de la normativa aplicable, protocolos, procedimientos, y controles internos<\/p><p>\u2022 Comisi\u00f3n de hechos que no se adecuen a los principios \u00e9ticos y a las buenas pr\u00e1cticas empresariales<\/p><p>\u2022 Comisi\u00f3n de hechos que pudieran ser delictivos.<\/p><p>El funcionamiento del canal de denuncias y la tramitaci\u00f3n de las mismas, se encuentra detallado en el \u201cProtocolo del Comit\u00e9 de Compliance y Canal \u00c9tico\u201d de la entidad.<\/p>","_et_gb_content_width":"","footnotes":""},"class_list":["post-3418","page","type-page","status-publish","hentry"],"yoast_head":"<!-- This site is optimized with the Yoast SEO Premium plugin v21.8 (Yoast SEO v26.2) - https:\/\/yoast.com\/wordpress\/plugins\/seo\/ -->\n<title>Sistema intern d&#039;informacio - Laboratorio Arago<\/title>\n<meta name=\"robots\" content=\"index, follow, max-snippet:-1, max-image-preview:large, max-video-preview:-1\" \/>\n<link rel=\"canonical\" href=\"https:\/\/laboratorioarago.com\/ca\/sistema-interno-de-informacion\/\" \/>\n<meta property=\"og:locale\" content=\"ca_ES\" \/>\n<meta property=\"og:type\" content=\"article\" \/>\n<meta property=\"og:title\" content=\"Sistema intern d&#039;informacio\" \/>\n<meta property=\"og:description\" content=\"Sistema intern d&#039;informaci\u00f3 &nbsp; ARAGOGAMMA ha procedit a la implementaci\u00f3 d&#039;un sistema intern d&#039;informaci\u00f3 deconformitat a la Llei 2\/2023, de 20 de febrer, reguladora de la protecci\u00f3 de les persones queinformin sobre infraccions normatives i de lluita contra la corrupci\u00f3, amb la finalitat quequalsevol membre directe (administradors, empleats, professionals i directius) o relacionat(col\u00b7laboradors o prove\u00efdors) [&hellip;]\" \/>\n<meta property=\"og:url\" content=\"https:\/\/laboratorioarago.com\/ca\/sistema-interno-de-informacion\/\" \/>\n<meta property=\"og:site_name\" content=\"Laboratorio Arago\" \/>\n<meta property=\"article:modified_time\" content=\"2023-07-03T08:06:58+00:00\" \/>\n<meta name=\"twitter:card\" content=\"summary_large_image\" \/>\n<meta name=\"twitter:label1\" content=\"Temps estimat de lectura\" \/>\n\t<meta name=\"twitter:data1\" content=\"1 minut\" \/>\n<script type=\"application\/ld+json\" class=\"yoast-schema-graph\">{\"@context\":\"https:\/\/schema.org\",\"@graph\":[{\"@type\":\"WebPage\",\"@id\":\"https:\/\/laboratorioarago.com\/ca\/sistema-interno-de-informacion\/\",\"url\":\"https:\/\/laboratorioarago.com\/ca\/sistema-interno-de-informacion\/\",\"name\":\"Sistema intern d'informacio - Laboratorio Arago\",\"isPartOf\":{\"@id\":\"https:\/\/laboratorioarago.com\/#website\"},\"datePublished\":\"2023-07-03T07:24:49+00:00\",\"dateModified\":\"2023-07-03T08:06:58+00:00\",\"breadcrumb\":{\"@id\":\"https:\/\/laboratorioarago.com\/ca\/sistema-interno-de-informacion\/#breadcrumb\"},\"inLanguage\":\"ca\",\"potentialAction\":[{\"@type\":\"ReadAction\",\"target\":[\"https:\/\/laboratorioarago.com\/ca\/sistema-interno-de-informacion\/\"]}]},{\"@type\":\"BreadcrumbList\",\"@id\":\"https:\/\/laboratorioarago.com\/ca\/sistema-interno-de-informacion\/#breadcrumb\",\"itemListElement\":[{\"@type\":\"ListItem\",\"position\":1,\"name\":\"Portada\",\"item\":\"https:\/\/laboratorioarago.com\/ca\/home\/\"},{\"@type\":\"ListItem\",\"position\":2,\"name\":\"Sistema intern d&#8217;informacio\"}]},{\"@type\":\"WebSite\",\"@id\":\"https:\/\/laboratorioarago.com\/#website\",\"url\":\"https:\/\/laboratorioarago.com\/\",\"name\":\"Laboratorio Arago\",\"description\":\"Referente en la fabricaci\u00f3n de suturas para los profesionales de la cirug\u00eda.\",\"publisher\":{\"@id\":\"https:\/\/laboratorioarago.com\/#organization\"},\"potentialAction\":[{\"@type\":\"SearchAction\",\"target\":{\"@type\":\"EntryPoint\",\"urlTemplate\":\"https:\/\/laboratorioarago.com\/?s={search_term_string}\"},\"query-input\":{\"@type\":\"PropertyValueSpecification\",\"valueRequired\":true,\"valueName\":\"search_term_string\"}}],\"inLanguage\":\"ca\"},{\"@type\":\"Organization\",\"@id\":\"https:\/\/laboratorioarago.com\/#organization\",\"name\":\"Laboratorio Arago\",\"url\":\"https:\/\/laboratorioarago.com\/\",\"logo\":{\"@type\":\"ImageObject\",\"inLanguage\":\"ca\",\"@id\":\"https:\/\/laboratorioarago.com\/#\/schema\/logo\/image\/\",\"url\":\"https:\/\/laboratorioarago.com\/wp-content\/uploads\/2021\/11\/arago-136x441-1.png\",\"contentUrl\":\"https:\/\/laboratorioarago.com\/wp-content\/uploads\/2021\/11\/arago-136x441-1.png\",\"width\":136,\"height\":44,\"caption\":\"Laboratorio Arago\"},\"image\":{\"@id\":\"https:\/\/laboratorioarago.com\/#\/schema\/logo\/image\/\"}}]}<\/script>\n<!-- \/ Yoast SEO Premium plugin. -->","yoast_head_json":{"title":"Sistema intern d'informacio - Laboratorio Arago","robots":{"index":"index","follow":"follow","max-snippet":"max-snippet:-1","max-image-preview":"max-image-preview:large","max-video-preview":"max-video-preview:-1"},"canonical":"https:\/\/laboratorioarago.com\/ca\/sistema-interno-de-informacion\/","og_locale":"ca_ES","og_type":"article","og_title":"Sistema intern d'informacio","og_description":"Sistema intern d'informaci\u00f3 &nbsp; ARAGOGAMMA ha procedit a la implementaci\u00f3 d'un sistema intern d'informaci\u00f3 deconformitat a la Llei 2\/2023, de 20 de febrer, reguladora de la protecci\u00f3 de les persones queinformin sobre infraccions normatives i de lluita contra la corrupci\u00f3, amb la finalitat quequalsevol membre directe (administradors, empleats, professionals i directius) o relacionat(col\u00b7laboradors o prove\u00efdors) [&hellip;]","og_url":"https:\/\/laboratorioarago.com\/ca\/sistema-interno-de-informacion\/","og_site_name":"Laboratorio Arago","article_modified_time":"2023-07-03T08:06:58+00:00","twitter_card":"summary_large_image","twitter_misc":{"Temps estimat de lectura":"1 minut"},"schema":{"@context":"https:\/\/schema.org","@graph":[{"@type":"WebPage","@id":"https:\/\/laboratorioarago.com\/ca\/sistema-interno-de-informacion\/","url":"https:\/\/laboratorioarago.com\/ca\/sistema-interno-de-informacion\/","name":"Sistema intern d'informacio - Laboratorio Arago","isPartOf":{"@id":"https:\/\/laboratorioarago.com\/#website"},"datePublished":"2023-07-03T07:24:49+00:00","dateModified":"2023-07-03T08:06:58+00:00","breadcrumb":{"@id":"https:\/\/laboratorioarago.com\/ca\/sistema-interno-de-informacion\/#breadcrumb"},"inLanguage":"ca","potentialAction":[{"@type":"ReadAction","target":["https:\/\/laboratorioarago.com\/ca\/sistema-interno-de-informacion\/"]}]},{"@type":"BreadcrumbList","@id":"https:\/\/laboratorioarago.com\/ca\/sistema-interno-de-informacion\/#breadcrumb","itemListElement":[{"@type":"ListItem","position":1,"name":"Portada","item":"https:\/\/laboratorioarago.com\/ca\/home\/"},{"@type":"ListItem","position":2,"name":"Sistema intern d&#8217;informacio"}]},{"@type":"WebSite","@id":"https:\/\/laboratorioarago.com\/#website","url":"https:\/\/laboratorioarago.com\/","name":"Laboratorio Arago","description":"Referente en la fabricaci\u00f3n de suturas para los profesionales de la cirug\u00eda.","publisher":{"@id":"https:\/\/laboratorioarago.com\/#organization"},"potentialAction":[{"@type":"SearchAction","target":{"@type":"EntryPoint","urlTemplate":"https:\/\/laboratorioarago.com\/?s={search_term_string}"},"query-input":{"@type":"PropertyValueSpecification","valueRequired":true,"valueName":"search_term_string"}}],"inLanguage":"ca"},{"@type":"Organization","@id":"https:\/\/laboratorioarago.com\/#organization","name":"Laboratorio Arago","url":"https:\/\/laboratorioarago.com\/","logo":{"@type":"ImageObject","inLanguage":"ca","@id":"https:\/\/laboratorioarago.com\/#\/schema\/logo\/image\/","url":"https:\/\/laboratorioarago.com\/wp-content\/uploads\/2021\/11\/arago-136x441-1.png","contentUrl":"https:\/\/laboratorioarago.com\/wp-content\/uploads\/2021\/11\/arago-136x441-1.png","width":136,"height":44,"caption":"Laboratorio Arago"},"image":{"@id":"https:\/\/laboratorioarago.com\/#\/schema\/logo\/image\/"}}]}},"_links":{"self":[{"href":"https:\/\/laboratorioarago.com\/ca\/wp-json\/wp\/v2\/pages\/3418","targetHints":{"allow":["GET"]}}],"collection":[{"href":"https:\/\/laboratorioarago.com\/ca\/wp-json\/wp\/v2\/pages"}],"about":[{"href":"https:\/\/laboratorioarago.com\/ca\/wp-json\/wp\/v2\/types\/page"}],"author":[{"embeddable":true,"href":"https:\/\/laboratorioarago.com\/ca\/wp-json\/wp\/v2\/users\/2"}],"replies":[{"embeddable":true,"href":"https:\/\/laboratorioarago.com\/ca\/wp-json\/wp\/v2\/comments?post=3418"}],"version-history":[{"count":0,"href":"https:\/\/laboratorioarago.com\/ca\/wp-json\/wp\/v2\/pages\/3418\/revisions"}],"wp:attachment":[{"href":"https:\/\/laboratorioarago.com\/ca\/wp-json\/wp\/v2\/media?parent=3418"}],"curies":[{"name":"wp","href":"https:\/\/api.w.org\/{rel}","templated":true}]}}