{"id":2755,"date":"2021-11-27T17:25:40","date_gmt":"2021-11-27T17:25:40","guid":{"rendered":"http:\/\/laboratorioarago.com\/eworkshop\/"},"modified":"2022-05-04T09:39:47","modified_gmt":"2022-05-04T07:39:47","slug":"eworkshop","status":"publish","type":"page","link":"https:\/\/laboratorioarago.com\/ca\/eworkshop\/","title":{"rendered":"e-learning"},"content":{"rendered":"<p>[et_pb_section fb_built=&#8221;1&#8243; _builder_version=&#8221;4.14.1&#8243; _module_preset=&#8221;default&#8221; use_background_color_gradient=&#8221;on&#8221; background_color_gradient_start=&#8221;#589ede&#8221; background_color_gradient_end=&#8221;#1b3880&#8243; background_color_gradient_direction=&#8221;90deg&#8221; min_height=&#8221;50vh&#8221; global_colors_info=&#8221;{}&#8221;][et_pb_row column_structure=&#8221;1_2,1_2&#8243; use_custom_gutter=&#8221;on&#8221; gutter_width=&#8221;2&#8243; _builder_version=&#8221;4.14.1&#8243; _module_preset=&#8221;default&#8221; custom_padding=&#8221;50px||50px||true|false&#8221; global_colors_info=&#8221;{}&#8221;][et_pb_column type=&#8221;1_2&#8243; _builder_version=&#8221;4.14.1&#8243; _module_preset=&#8221;default&#8221; global_colors_info=&#8221;{}&#8221;][et_pb_video src=&#8221;https:\/\/laboratorioarago.com\/wp-content\/uploads\/2022\/02\/Suturas.mp4&#8243; _builder_version=&#8221;4.14.1&#8243; _module_preset=&#8221;default&#8221; hover_enabled=&#8221;0&#8243; global_colors_info=&#8221;{}&#8221; title_text=&#8221;Suturas&#8221; sticky_enabled=&#8221;0&#8243;][\/et_pb_video][\/et_pb_column][et_pb_column type=&#8221;1_2&#8243; _builder_version=&#8221;4.14.1&#8243; _module_preset=&#8221;default&#8221; global_colors_info=&#8221;{}&#8221;][et_pb_text module_class=&#8221;fontlight h1big&#8221; _builder_version=&#8221;4.14.1&#8243; _module_preset=&#8221;default&#8221; text_font_size=&#8221;19px&#8221; header_font_size=&#8221;36px&#8221; global_colors_info=&#8221;{}&#8221;]<\/p>\n<h1 class=\"mbr-section-title mbr-white pb-3 mbr-fonts-style\"><span style=\"color: #ffffff;\">Sutures quir\u00fargiques manuals<\/span><\/h1>\n<div class=\"mbr-section-text mbr-white pb-3\">\n<p>&nbsp;<\/p>\n<p><span style=\"color: #ffffff; font-size: 20px; line-height: 24px;\">Introducci\u00f3 explicativa dels tipus de Sutures que ens podem trobar a l&#8217;\u00e0mbit quir\u00fargic.<\/span><br \/>\n&nbsp;<br \/>\n<span style=\"color: #ffffff; font-size: 20px; line-height: 24px;\">Desarrollant la descriptiva de les mol\u00e8cules i propietats amb la que es fabriquen les sutures quir\u00fargiques i que ens permeten la seva classificaci\u00f3.<\/span><\/p>\n<\/div>\n<p>[\/et_pb_text][\/et_pb_column][\/et_pb_row][et_pb_row _builder_version=&#8221;4.14.1&#8243; _module_preset=&#8221;default&#8221; global_colors_info=&#8221;{}&#8221;][et_pb_column type=&#8221;4_4&#8243; _builder_version=&#8221;4.14.1&#8243; _module_preset=&#8221;default&#8221; global_colors_info=&#8221;{}&#8221;][et_pb_divider color=&#8221;#FFFFFF&#8221; divider_position=&#8221;center&#8221; _builder_version=&#8221;4.14.1&#8243; _module_preset=&#8221;default&#8221; background_enable_color=&#8221;off&#8221; global_colors_info=&#8221;{}&#8221;][\/et_pb_divider][\/et_pb_column][\/et_pb_row][et_pb_row column_structure=&#8221;1_2,1_2&#8243; use_custom_gutter=&#8221;on&#8221; gutter_width=&#8221;2&#8243; _builder_version=&#8221;4.14.1&#8243; _module_preset=&#8221;default&#8221; custom_padding=&#8221;50px||50px||false|false&#8221; global_colors_info=&#8221;{}&#8221;][et_pb_column type=&#8221;1_2&#8243; _builder_version=&#8221;4.14.1&#8243; _module_preset=&#8221;default&#8221; global_colors_info=&#8221;{}&#8221;][et_pb_video src=&#8221;https:\/\/laboratorioarago.com\/wp-content\/uploads\/2022\/02\/ARAGO-TENDONKIT-VideoFinal-v3-1.mp4&#8243; _builder_version=&#8221;4.14.1&#8243; _module_preset=&#8221;default&#8221; hover_enabled=&#8221;0&#8243; global_colors_info=&#8221;{}&#8221; title_text=&#8221;ARAGO-TENDONKIT-VideoFinal-v3 (1)&#8221; sticky_enabled=&#8221;0&#8243;][\/et_pb_video][\/et_pb_column][et_pb_column type=&#8221;1_2&#8243; _builder_version=&#8221;4.14.1&#8243; _module_preset=&#8221;default&#8221; global_colors_info=&#8221;{}&#8221;][et_pb_text module_class=&#8221;fontlight h1big&#8221; _builder_version=&#8221;4.14.1&#8243; _module_preset=&#8221;default&#8221; text_font_size=&#8221;16px&#8221; header_font_size=&#8221;36px&#8221; global_colors_info=&#8221;{}&#8221;]<\/p>\n<h1 class=\"mbr-section-title mbr-white pb-3 mbr-fonts-style\"><span style=\"color: #ffffff;\">Kit Tend\u00f3 M\u00e0<\/span><\/h1>\n<div class=\"mbr-section-text mbr-white pb-3\">\n<p>&nbsp;<\/p>\n<p><span style=\"font-size: 20px; line-height: 24px; color: white;\">T\u00e8cnica Tang\/Kessler modificada obt\u00e9 excel\u00b7lents resultats en la reparaci\u00f3 del tend\u00f3. V\u00eddeo demostratiu Kit Tend\u00f3 M\u00e0 Arag\u00f3 (Hand Tendon Kit), el kit espec\u00edfic per al professional de la cirurgia del tend\u00f3-m\u00e0.<sup>1<\/sup><\/span><\/p>\n<p><span style=\"font-size: 16px; line-height: 20px; color: white;\"><sup>1<\/sup> <span style=\"font-size: x-small;\">Tang JB, Zhou X, Pan ZJ, Qing J, Gong KT, Chen J. Strong Digital Flexor Tendon Repair, Extension-Flexion Test, and Early Active Flexion: Experience in 300 Tendons. Hand Clin. 2017;33(3):455-463. doi:10.1016\/j.hcl.2017.04.012<\/span><\/span><\/p>\n<\/div>\n<p>[\/et_pb_text][\/et_pb_column][\/et_pb_row][\/et_pb_section]<\/p>\n","protected":false},"excerpt":{"rendered":"<p>Sutures quir\u00fargiques manuals &nbsp; Introducci\u00f3 explicativa dels tipus de Sutures que ens podem trobar a l&#8217;\u00e0mbit quir\u00fargic. &nbsp; Desarrollant la descriptiva de les mol\u00e8cules i propietats amb la que es fabriquen les sutures quir\u00fargiques i que ens permeten la seva classificaci\u00f3. Kit Tend\u00f3 M\u00e0 &nbsp; T\u00e8cnica Tang\/Kessler modificada obt\u00e9 excel\u00b7lents resultats en la reparaci\u00f3 del [&hellip;]<\/p>\n","protected":false},"author":2,"featured_media":0,"parent":0,"menu_order":0,"comment_status":"closed","ping_status":"closed","template":"","meta":{"_et_pb_use_builder":"on","_et_pb_old_content":"","_et_gb_content_width":"","footnotes":""},"class_list":["post-2755","page","type-page","status-publish","hentry"],"yoast_head":"<!-- This site is optimized with the Yoast SEO Premium plugin v21.8 (Yoast SEO v26.2) - https:\/\/yoast.com\/wordpress\/plugins\/seo\/ -->\n<title>e-learning - Laboratorio Arago<\/title>\n<meta name=\"robots\" content=\"index, follow, max-snippet:-1, max-image-preview:large, max-video-preview:-1\" \/>\n<link rel=\"canonical\" href=\"https:\/\/laboratorioarago.com\/ca\/eworkshop\/\" \/>\n<meta property=\"og:locale\" content=\"ca_ES\" \/>\n<meta property=\"og:type\" content=\"article\" \/>\n<meta property=\"og:title\" content=\"e-learning\" \/>\n<meta property=\"og:description\" content=\"Sutures quir\u00fargiques manuals &nbsp; Introducci\u00f3 explicativa dels tipus de Sutures que ens podem trobar a l&#039;\u00e0mbit quir\u00fargic. &nbsp; Desarrollant la descriptiva de les mol\u00e8cules i propietats amb la que es fabriquen les sutures quir\u00fargiques i que ens permeten la seva classificaci\u00f3. Kit Tend\u00f3 M\u00e0 &nbsp; T\u00e8cnica Tang\/Kessler modificada obt\u00e9 excel\u00b7lents resultats en la reparaci\u00f3 del [&hellip;]\" \/>\n<meta property=\"og:url\" content=\"https:\/\/laboratorioarago.com\/ca\/eworkshop\/\" \/>\n<meta property=\"og:site_name\" content=\"Laboratorio Arago\" \/>\n<meta property=\"article:modified_time\" content=\"2022-05-04T07:39:47+00:00\" \/>\n<meta name=\"twitter:card\" content=\"summary_large_image\" \/>\n<meta name=\"twitter:label1\" content=\"Temps estimat de lectura\" \/>\n\t<meta name=\"twitter:data1\" content=\"2 minuts\" \/>\n<script type=\"application\/ld+json\" class=\"yoast-schema-graph\">{\"@context\":\"https:\/\/schema.org\",\"@graph\":[{\"@type\":\"WebPage\",\"@id\":\"https:\/\/laboratorioarago.com\/ca\/eworkshop\/\",\"url\":\"https:\/\/laboratorioarago.com\/ca\/eworkshop\/\",\"name\":\"e-learning - Laboratorio Arago\",\"isPartOf\":{\"@id\":\"https:\/\/laboratorioarago.com\/#website\"},\"datePublished\":\"2021-11-27T17:25:40+00:00\",\"dateModified\":\"2022-05-04T07:39:47+00:00\",\"breadcrumb\":{\"@id\":\"https:\/\/laboratorioarago.com\/ca\/eworkshop\/#breadcrumb\"},\"inLanguage\":\"ca\",\"potentialAction\":[{\"@type\":\"ReadAction\",\"target\":[\"https:\/\/laboratorioarago.com\/ca\/eworkshop\/\"]}]},{\"@type\":\"BreadcrumbList\",\"@id\":\"https:\/\/laboratorioarago.com\/ca\/eworkshop\/#breadcrumb\",\"itemListElement\":[{\"@type\":\"ListItem\",\"position\":1,\"name\":\"Portada\",\"item\":\"https:\/\/laboratorioarago.com\/ca\/home\/\"},{\"@type\":\"ListItem\",\"position\":2,\"name\":\"e-learning\"}]},{\"@type\":\"WebSite\",\"@id\":\"https:\/\/laboratorioarago.com\/#website\",\"url\":\"https:\/\/laboratorioarago.com\/\",\"name\":\"Laboratorio Arago\",\"description\":\"Referente en la fabricaci\u00f3n de suturas para los profesionales de la cirug\u00eda.\",\"publisher\":{\"@id\":\"https:\/\/laboratorioarago.com\/#organization\"},\"potentialAction\":[{\"@type\":\"SearchAction\",\"target\":{\"@type\":\"EntryPoint\",\"urlTemplate\":\"https:\/\/laboratorioarago.com\/?s={search_term_string}\"},\"query-input\":{\"@type\":\"PropertyValueSpecification\",\"valueRequired\":true,\"valueName\":\"search_term_string\"}}],\"inLanguage\":\"ca\"},{\"@type\":\"Organization\",\"@id\":\"https:\/\/laboratorioarago.com\/#organization\",\"name\":\"Laboratorio Arago\",\"url\":\"https:\/\/laboratorioarago.com\/\",\"logo\":{\"@type\":\"ImageObject\",\"inLanguage\":\"ca\",\"@id\":\"https:\/\/laboratorioarago.com\/#\/schema\/logo\/image\/\",\"url\":\"https:\/\/laboratorioarago.com\/wp-content\/uploads\/2021\/11\/arago-136x441-1.png\",\"contentUrl\":\"https:\/\/laboratorioarago.com\/wp-content\/uploads\/2021\/11\/arago-136x441-1.png\",\"width\":136,\"height\":44,\"caption\":\"Laboratorio Arago\"},\"image\":{\"@id\":\"https:\/\/laboratorioarago.com\/#\/schema\/logo\/image\/\"}}]}<\/script>\n<!-- \/ Yoast SEO Premium plugin. -->","yoast_head_json":{"title":"e-learning - Laboratorio Arago","robots":{"index":"index","follow":"follow","max-snippet":"max-snippet:-1","max-image-preview":"max-image-preview:large","max-video-preview":"max-video-preview:-1"},"canonical":"https:\/\/laboratorioarago.com\/ca\/eworkshop\/","og_locale":"ca_ES","og_type":"article","og_title":"e-learning","og_description":"Sutures quir\u00fargiques manuals &nbsp; Introducci\u00f3 explicativa dels tipus de Sutures que ens podem trobar a l'\u00e0mbit quir\u00fargic. &nbsp; Desarrollant la descriptiva de les mol\u00e8cules i propietats amb la que es fabriquen les sutures quir\u00fargiques i que ens permeten la seva classificaci\u00f3. Kit Tend\u00f3 M\u00e0 &nbsp; T\u00e8cnica Tang\/Kessler modificada obt\u00e9 excel\u00b7lents resultats en la reparaci\u00f3 del [&hellip;]","og_url":"https:\/\/laboratorioarago.com\/ca\/eworkshop\/","og_site_name":"Laboratorio Arago","article_modified_time":"2022-05-04T07:39:47+00:00","twitter_card":"summary_large_image","twitter_misc":{"Temps estimat de lectura":"2 minuts"},"schema":{"@context":"https:\/\/schema.org","@graph":[{"@type":"WebPage","@id":"https:\/\/laboratorioarago.com\/ca\/eworkshop\/","url":"https:\/\/laboratorioarago.com\/ca\/eworkshop\/","name":"e-learning - Laboratorio Arago","isPartOf":{"@id":"https:\/\/laboratorioarago.com\/#website"},"datePublished":"2021-11-27T17:25:40+00:00","dateModified":"2022-05-04T07:39:47+00:00","breadcrumb":{"@id":"https:\/\/laboratorioarago.com\/ca\/eworkshop\/#breadcrumb"},"inLanguage":"ca","potentialAction":[{"@type":"ReadAction","target":["https:\/\/laboratorioarago.com\/ca\/eworkshop\/"]}]},{"@type":"BreadcrumbList","@id":"https:\/\/laboratorioarago.com\/ca\/eworkshop\/#breadcrumb","itemListElement":[{"@type":"ListItem","position":1,"name":"Portada","item":"https:\/\/laboratorioarago.com\/ca\/home\/"},{"@type":"ListItem","position":2,"name":"e-learning"}]},{"@type":"WebSite","@id":"https:\/\/laboratorioarago.com\/#website","url":"https:\/\/laboratorioarago.com\/","name":"Laboratorio Arago","description":"Referente en la fabricaci\u00f3n de suturas para los profesionales de la cirug\u00eda.","publisher":{"@id":"https:\/\/laboratorioarago.com\/#organization"},"potentialAction":[{"@type":"SearchAction","target":{"@type":"EntryPoint","urlTemplate":"https:\/\/laboratorioarago.com\/?s={search_term_string}"},"query-input":{"@type":"PropertyValueSpecification","valueRequired":true,"valueName":"search_term_string"}}],"inLanguage":"ca"},{"@type":"Organization","@id":"https:\/\/laboratorioarago.com\/#organization","name":"Laboratorio Arago","url":"https:\/\/laboratorioarago.com\/","logo":{"@type":"ImageObject","inLanguage":"ca","@id":"https:\/\/laboratorioarago.com\/#\/schema\/logo\/image\/","url":"https:\/\/laboratorioarago.com\/wp-content\/uploads\/2021\/11\/arago-136x441-1.png","contentUrl":"https:\/\/laboratorioarago.com\/wp-content\/uploads\/2021\/11\/arago-136x441-1.png","width":136,"height":44,"caption":"Laboratorio Arago"},"image":{"@id":"https:\/\/laboratorioarago.com\/#\/schema\/logo\/image\/"}}]}},"_links":{"self":[{"href":"https:\/\/laboratorioarago.com\/ca\/wp-json\/wp\/v2\/pages\/2755","targetHints":{"allow":["GET"]}}],"collection":[{"href":"https:\/\/laboratorioarago.com\/ca\/wp-json\/wp\/v2\/pages"}],"about":[{"href":"https:\/\/laboratorioarago.com\/ca\/wp-json\/wp\/v2\/types\/page"}],"author":[{"embeddable":true,"href":"https:\/\/laboratorioarago.com\/ca\/wp-json\/wp\/v2\/users\/2"}],"replies":[{"embeddable":true,"href":"https:\/\/laboratorioarago.com\/ca\/wp-json\/wp\/v2\/comments?post=2755"}],"version-history":[{"count":0,"href":"https:\/\/laboratorioarago.com\/ca\/wp-json\/wp\/v2\/pages\/2755\/revisions"}],"wp:attachment":[{"href":"https:\/\/laboratorioarago.com\/ca\/wp-json\/wp\/v2\/media?parent=2755"}],"curies":[{"name":"wp","href":"https:\/\/api.w.org\/{rel}","templated":true}]}}